{"id":39176,"date":"2021-05-28T16:46:02","date_gmt":"2021-05-28T13:46:02","guid":{"rendered":"https:\/\/seacare.com\/pl\/?page_id=39176"},"modified":"2021-06-03T13:34:29","modified_gmt":"2021-06-03T10:34:29","slug":"zostan-dystrybutorem","status":"publish","type":"page","link":"https:\/\/seacare.com\/pl\/zostan-dystrybutorem\/","title":{"rendered":"Zosta\u0144 dystrybutorem"},"content":{"rendered":"<h1 class=\"text-head\"><span data-text-color=\"primary\">Zosta\u0144 dystrybutorem produkt\u00f3w kosmetycznych SeaCare<\/span><\/h1>\n<p>Nazwij osob\u0119, kt\u00f3ra nie chcia\u0142aby wchodzi\u0107 do przedsi\u0119biorstwa. Prawie ka\u017cdy chce dosta\u0107 mo\u017cliwo\u015b\u0107 uzyskania miesi\u0119cznych zysk\u00f3w. Je\u015bli rozumiesz pi\u0119kno i piel\u0119gnacj\u0119 sk\u00f3ry, mo\u017cesz zosta\u0107 niezale\u017cnym dystrybutorem produkt\u00f3w SeaCare.<\/p>\n<p>Niekt\u00f3re produkty kosmetyczne, kt\u00f3re dzi\u015b zdobywaj\u0105 popularno\u015b\u0107 na rynku, s\u0105 produkty kosmetyczne Morza Martwego. W tej sytuacji masz mo\u017cliwo\u015b\u0107 zdobycia popularno\u015bci i popytu na produkty kosmetyczne SeaCare.<\/p>\n<p>Staj\u0105c si\u0119 dystrybutorem kosmetyk\u00f3w Morza Martwego Seacare, otrzymasz r\u00f3\u017cne przywileje zar\u00f3wno finansowe, jak i spo\u0142eczne. W planie finansowym otrzymasz ceny hurtowe, a tak\u017ce dodatkowe rabaty na du\u017ce zam\u00f3wienia. W aspekcie spo\u0142ecznym mo\u017cna uzyska\u0107 mo\u017cliwo\u015b\u0107 poznania nowych ludzi i rozszerzy\u0107 zakres po\u0142\u0105cze\u0144 biznesowych, co pomo\u017ce zwi\u0119kszy\u0107 Twoje dochody.<\/p>\n<p>Jako producent jednej z najlepszych produkt\u00f3w do piel\u0119gnacji sk\u00f3ry zawsze jeste\u015bmy zainteresowani rozwijaniem relacji z potencjalnymi dystrybutorami. Je\u015bli chcesz zosta\u0107 dystrybutorem produktu SeaCare, wy\u015blij list na sales@seacare.com. W wiadomo\u015bci musisz okre\u015bli\u0107 nast\u0119puj\u0105ce informacje:<\/p>\n<div role=\"form\" class=\"wpcf7\" id=\"wpcf7-f39180-o1\" lang=\"ru-RU\" dir=\"ltr\">\n<div class=\"screen-reader-response\"><\/div>\n<form action=\"\/pl\/wp-json\/wp\/v2\/pages\/39176#wpcf7-f39180-o1\" method=\"post\" class=\"wpcf7-form\" novalidate=\"novalidate\">\n<div style=\"display: none;\">\n<input type=\"hidden\" name=\"_wpcf7\" value=\"39180\" \/>\n<input type=\"hidden\" name=\"_wpcf7_version\" value=\"5.1.7\" \/>\n<input type=\"hidden\" name=\"_wpcf7_locale\" value=\"ru_RU\" \/>\n<input type=\"hidden\" name=\"_wpcf7_unit_tag\" value=\"wpcf7-f39180-o1\" \/>\n<input type=\"hidden\" name=\"_wpcf7_container_post\" value=\"0\" \/>\n<\/div>\n<p><label> Twoje Imi\u0119 (obowi\u0105zkowo)<br \/>\n    <span class=\"wpcf7-form-control-wrap your-name\"><input type=\"text\" name=\"your-name\" value=\"\" size=\"40\" class=\"wpcf7-form-control wpcf7-text wpcf7-validates-as-required\" aria-required=\"true\" aria-invalid=\"false\" \/><\/span> <\/label><\/p>\n<p><label> Tw\u00f3j e-mail (obowi\u0105zkowo)<br \/>\n    <span class=\"wpcf7-form-control-wrap your-email\"><input type=\"email\" name=\"your-email\" value=\"\" size=\"40\" class=\"wpcf7-form-control wpcf7-text wpcf7-email wpcf7-validates-as-required wpcf7-validates-as-email\" aria-required=\"true\" aria-invalid=\"false\" \/><\/span> <\/label><\/p>\n<p><label> Kontaktowy numer telefonu (obowi\u0105zkowo)<\/p>\n<p><span class=\"wpcf7-form-control-wrap tel-978\"><input type=\"tel\" name=\"tel-978\" value=\"\" size=\"40\" class=\"wpcf7-form-control wpcf7-text wpcf7-tel wpcf7-validates-as-required wpcf7-validates-as-tel\" aria-required=\"true\" aria-invalid=\"false\" \/><\/span><\/label><\/p>\n<p><label> Nazwa firmy (obowi\u0105zkowo)<\/p>\n<p><span class=\"wpcf7-form-control-wrap text-560\"><input type=\"text\" name=\"text-560\" value=\"\" size=\"40\" class=\"wpcf7-form-control wpcf7-text wpcf7-validates-as-required\" aria-required=\"true\" aria-invalid=\"false\" \/><\/span><\/label><\/p>\n<p><label> Adres firmy<\/p>\n<p><span class=\"wpcf7-form-control-wrap text-561\"><input type=\"text\" name=\"text-561\" value=\"\" size=\"40\" class=\"wpcf7-form-control wpcf7-text wpcf7-validates-as-required\" aria-required=\"true\" aria-invalid=\"false\" \/><\/span><\/label><\/p>\n<p><label> Wiadomo\u015b\u0107<br \/>\n    <span class=\"wpcf7-form-control-wrap your-message\"><textarea name=\"your-message\" cols=\"40\" rows=\"10\" class=\"wpcf7-form-control wpcf7-textarea\" aria-invalid=\"false\"><\/textarea><\/span> <\/label><\/p>\n<p><input type=\"submit\" value=\"WY\u015aLIJ\" class=\"wpcf7-form-control wpcf7-submit\" \/><\/p>\n<div id =\"one\">\n<span class=\"wpcf7-form-control-wrap acceptance\"><span class=\"wpcf7-form-control wpcf7-acceptance\"><span class=\"wpcf7-list-item\"><input type=\"checkbox\" name=\"acceptance\" value=\"1\" aria-invalid=\"false\" checked=\"checked\" \/><\/span><\/span><\/span>Zgadzam si\u0119 z <a href=\"\/ru\/soglashenie-na-obrabotku-personalnyx-dannyx\/\">polityk\u0105 przetwarzania danych osobowych<\/a>\n<\/div>\n<style>\n#one input:last-child {\nfloat:left;\n}\n<\/style>\n<p style=\"display: none !important;\"><label>&#916;<textarea name=\"_wpcf7_ak_hp_textarea\" cols=\"45\" rows=\"8\" maxlength=\"100\"><\/textarea><\/label><input type=\"hidden\" id=\"ak_js_1\" name=\"_wpcf7_ak_js\" value=\"200\"\/><script>document.getElementById( \"ak_js_1\" ).setAttribute( \"value\", ( new Date() ).getTime() );<\/script><\/p><div class=\"wpcf7-response-output wpcf7-display-none\"><\/div><\/form><\/div>\n<p style=\"text-align: center;\">Czekamy na wsp\u00f3\u0142prac\u0119 z Pa\u0144stwem!<\/p>\n    <div class=\"img has-hover x md-x lg-x y md-y lg-y\" id=\"image_118694777\">\n                <div class=\"img-inner dark\" >\n        <img loading=\"lazy\" decoding=\"async\" width=\"1020\" height=\"95\" src=\"https:\/\/seacare.com\/wp-content\/uploads\/2020\/10\/\u041b\u043e\u0433\u043e\u0442\u0438\u043f-\u0434\u043b\u044f-\u0421\u0430\u0438\u0306\u0442\u0430-SeaCare-\u043a\u043e\u043f\u0438\u044f-1400x130.png\" class=\"attachment-large size-large\" alt=\"Logo for the SeaCare Website\" srcset=\"https:\/\/seacare.com\/wp-content\/uploads\/2020\/10\/\u041b\u043e\u0433\u043e\u0442\u0438\u043f-\u0434\u043b\u044f-\u0421\u0430\u0438\u0306\u0442\u0430-SeaCare-\u043a\u043e\u043f\u0438\u044f-1400x130.png 1400w, https:\/\/seacare.com\/wp-content\/uploads\/2020\/10\/\u041b\u043e\u0433\u043e\u0442\u0438\u043f-\u0434\u043b\u044f-\u0421\u0430\u0438\u0306\u0442\u0430-SeaCare-\u043a\u043e\u043f\u0438\u044f-800x74.png 800w, https:\/\/seacare.com\/wp-content\/uploads\/2020\/10\/\u041b\u043e\u0433\u043e\u0442\u0438\u043f-\u0434\u043b\u044f-\u0421\u0430\u0438\u0306\u0442\u0430-SeaCare-\u043a\u043e\u043f\u0438\u044f-768x71.png 768w\" sizes=\"(max-width: 1020px) 100vw, 1020px\" \/>                \n            <\/div>\n                   \n<style scope=\"scope\">\n\n<\/style>\n    <\/div>\n    \n    <div class=\"img has-hover x md-x lg-x y md-y lg-y\" id=\"image_471244566\">\n                <div class=\"img-inner dark\" >\n                        \n            <\/div>\n                   \n<style scope=\"scope\">\n\n<\/style>\n    <\/div>\n    \n","protected":false},"excerpt":{"rendered":"<p>Zosta\u0144 dystrybutorem produkt\u00f3w kosmetycznych SeaCare Nazwij osob\u0119, kt\u00f3ra nie chcia\u0142aby wchodzi\u0107 do przedsi\u0119biorstwa. Prawie ka\u017cdy chce dosta\u0107 mo\u017cliwo\u015b\u0107 uzyskania miesi\u0119cznych zysk\u00f3w. Je\u015bli rozumiesz pi\u0119kno i piel\u0119gnacj\u0119 sk\u00f3ry, mo\u017cesz zosta\u0107 niezale\u017cnym dystrybutorem produkt\u00f3w SeaCare. Niekt\u00f3re produkty kosmetyczne, kt\u00f3re dzi\u015b zdobywaj\u0105 popularno\u015b\u0107 na rynku, s\u0105 produkty kosmetyczne Morza Martwego. W tej sytuacji masz mo\u017cliwo\u015b\u0107 zdobycia popularno\u015bci i [&hellip;]\n","protected":false},"author":1,"featured_media":0,"parent":0,"menu_order":0,"comment_status":"closed","ping_status":"closed","template":"","meta":{"footnotes":""},"_links":{"self":[{"href":"https:\/\/seacare.com\/pl\/wp-json\/wp\/v2\/pages\/39176"}],"collection":[{"href":"https:\/\/seacare.com\/pl\/wp-json\/wp\/v2\/pages"}],"about":[{"href":"https:\/\/seacare.com\/pl\/wp-json\/wp\/v2\/types\/page"}],"author":[{"embeddable":true,"href":"https:\/\/seacare.com\/pl\/wp-json\/wp\/v2\/users\/1"}],"replies":[{"embeddable":true,"href":"https:\/\/seacare.com\/pl\/wp-json\/wp\/v2\/comments?post=39176"}],"version-history":[{"count":4,"href":"https:\/\/seacare.com\/pl\/wp-json\/wp\/v2\/pages\/39176\/revisions"}],"predecessor-version":[{"id":39181,"href":"https:\/\/seacare.com\/pl\/wp-json\/wp\/v2\/pages\/39176\/revisions\/39181"}],"wp:attachment":[{"href":"https:\/\/seacare.com\/pl\/wp-json\/wp\/v2\/media?parent=39176"}],"curies":[{"name":"wp","href":"https:\/\/api.w.org\/{rel}","templated":true}]}}