{"id":40686,"date":"2021-06-03T10:27:11","date_gmt":"2021-06-03T07:27:11","guid":{"rendered":"https:\/\/seacare.com\/pl\/?page_id=40686"},"modified":"2021-06-03T13:33:12","modified_gmt":"2021-06-03T10:33:12","slug":"o-firmie","status":"publish","type":"page","link":"https:\/\/seacare.com\/pl\/o-firmie\/","title":{"rendered":"O firmie"},"content":{"rendered":"\n  <div class=\"banner has-hover\" id=\"banner-1118592911\">\n          <div class=\"banner-inner fill\">\n        <div class=\"banner-bg fill\" >\n            <div class=\"bg fill bg-fill \"><\/div>\n                                    \n                    <\/div><!-- bg-layers -->\n        <div class=\"banner-layers container\">\n            <div class=\"fill banner-link\"><\/div>            \n   <div id=\"text-box-105841335\" class=\"text-box banner-layer x0 md-x0 lg-x0 y0 md-y0 lg-y0 res-text\">\n                                <div class=\"text dark\">\n              \n              <div class=\"text-inner text-center\">\n                  \n<h2 class=\"lead\"><\/h2>\n              <\/div>\n           <\/div><!-- text-box-inner -->\n                            \n<style scope=\"scope\">\n\n#text-box-105841335 {\n  width: 55%;\n}\n#text-box-105841335 .text {\n  font-size: 100%;\n}\n<\/style>\n    <\/div><!-- text-box -->\n \n   <div id=\"text-box-1341090239\" class=\"text-box banner-layer x0 md-x0 lg-x0 y0 md-y0 lg-y0 res-text\">\n                                <div class=\"text dark\">\n              \n              <div class=\"text-inner text-center\">\n                  \n<h2 class=\"lead\"><\/h2>\n              <\/div>\n           <\/div><!-- text-box-inner -->\n                            \n<style scope=\"scope\">\n\n#text-box-1341090239 {\n  width: 55%;\n}\n#text-box-1341090239 .text {\n  font-size: 100%;\n}\n<\/style>\n    <\/div><!-- text-box -->\n \n        <\/div><!-- .banner-layers -->\n      <\/div><!-- .banner-inner -->\n\n              <div class=\"height-fix is-invisible\"><img loading=\"lazy\" decoding=\"async\" width=\"1400\" height=\"441\" src=\"https:\/\/seacare.com\/wp-content\/uploads\/2021\/03\/\u0431\u0430\u043d\u043d\u0435\u0440-\u0438\u043d\u0444\u043e\u0440\u043c\u0430\u0446\u0438\u044f.jpg\" class=\"attachment-orginal size-orginal\" alt=\"\" srcset=\"https:\/\/seacare.com\/wp-content\/uploads\/2021\/03\/\u0431\u0430\u043d\u043d\u0435\u0440-\u0438\u043d\u0444\u043e\u0440\u043c\u0430\u0446\u0438\u044f.jpg 1400w, https:\/\/seacare.com\/wp-content\/uploads\/2021\/03\/\u0431\u0430\u043d\u043d\u0435\u0440-\u0438\u043d\u0444\u043e\u0440\u043c\u0430\u0446\u0438\u044f-800x252.jpg 800w, https:\/\/seacare.com\/wp-content\/uploads\/2021\/03\/\u0431\u0430\u043d\u043d\u0435\u0440-\u0438\u043d\u0444\u043e\u0440\u043c\u0430\u0446\u0438\u044f-768x242.jpg 768w\" sizes=\"(max-width: 1400px) 100vw, 1400px\" \/><\/div>\n            \n<style scope=\"scope\">\n\n#banner-1118592911 .bg.bg-loaded {\n  background-image: url(https:\/\/seacare.com\/wp-content\/uploads\/2021\/03\/\u0431\u0430\u043d\u043d\u0435\u0440-\u0438\u043d\u0444\u043e\u0440\u043c\u0430\u0446\u0438\u044f.jpg);\n}\n<\/style>\n  <\/div><!-- .banner -->\n\n\n<div class=\"row\"  id=\"row-1271571821\">\n<div class=\"col small-12 large-12\"  ><div class=\"col-inner\"  >\n<p><strong>SeaCare Group <\/strong>to mi\u0119dzynarodowa firma kosmetyczna, kt\u00f3rej siedziba znajduje si\u0119 w mie\u015bcie Toronto, prowincji Ontario, Kanada. Firma produkuje, dystrybuuje i sprzedaje zaawansowane produkty kosmetyczne i lecznicze z soli, b\u0142ota i minera\u0142\u00f3w morskich, aktywnych sk\u0142adnik\u00f3w przeciwstarzeniowych i naturalnych olej\u00f3w.<\/p>\n<p>Aby wytworzy\u0107 jedne z najlepszych produkt\u00f3w do piel\u0119gnacji sk\u00f3ry, SeaCare wsp\u00f3\u0142pracuje z wiod\u0105cymi \u015bwiatowymi laboratoriami badawczymi, takimi jak:<\/p>\n<p><img decoding=\"async\" class=\"marker\" src=\"\/wp-content\/uploads\/2013\/08\/punkt.png\" \/>Sederma, Francja &#8211; produkuje Matrixyl\u00ae \u0438 Renovage\u2122, pot\u0119\u017cne sk\u0142adniki aktywne przed starzeniem si\u0119, kt\u00f3re op\u00f3\u017aniaj\u0105 i walcz\u0105 ze wszystkimi oznakami starzenia funkcjonalnego i konstrukcyjnego, w tym obwis\u0142o\u015b\u0107 sk\u00f3ry, plamy wiekowe, sucho\u015b\u0107, przed\u0142u\u017cone pory i szorstko\u015b\u0107;<br \/>\n<img decoding=\"async\" class=\"marker\" src=\"\/wp-content\/uploads\/2013\/08\/punkt.png\" \/>Soliance, Francja &#8211; produkuje Easyliance \u2122, zaawansowany sk\u0142adnik aktywny, kt\u00f3ry tworzy rozci\u0105ganie pow\u0142oli na powierzchni sk\u00f3ry w celu natychmiastowego i trwa\u0142ego efektu pull-up;<br \/>\n<img decoding=\"async\" class=\"marker\" src=\"\/wp-content\/uploads\/2013\/08\/punkt.png\" \/>Gattefoss\u00e9, Francja &#8211; produkuje Emulium\u00ae Mellifera, naturalny emulgator, kt\u00f3ry zapewnia doskona\u0142e nawil\u017canie i ochron\u0119 sk\u00f3ry przed szkodliwym wp\u0142ywem \u015brodowiska;<br \/>\n<img decoding=\"async\" class=\"marker\" src=\"\/wp-content\/uploads\/2013\/08\/punkt.png\" \/>Sophim, Francja &#8211; produkuje olej arganowy, sk\u0142adnik organiczny, niezwykle bogaty w sk\u0142adniki od\u017cywcze, w tym kwasy t\u0142uszczowe i witamin\u0119 E, kt\u00f3ra nawil\u017ca i zmi\u0119kcza sk\u00f3r\u0119, nadaje je m\u0142ody po\u0142ysk i zmniejsza widoczno\u015b\u0107 zmarszczek;<br \/>\n<img decoding=\"async\" class=\"marker\" src=\"\/wp-content\/uploads\/2013\/08\/punkt.png\" \/>Greentech, Francja &#8211; wytwarza Lipactive Inca Inchi, olejek wzbogacony o niezb\u0119dne kwasy t\u0142uszczowe, kt\u00f3re zalecane s\u0105 w celu osi\u0105gni\u0119cia efektu odm\u0142adzaj\u0105cego, od\u017cywienia, gojenia i nawil\u017cania sk\u00f3ry;<br \/>\n<img decoding=\"async\" class=\"marker\" src=\"\/wp-content\/uploads\/2013\/08\/punkt.png\" \/>Mibelle, Szwajcaria &#8211; wytwarza Coenzym Q10, kt\u00f3ry wspiera naturaln\u0105 ochron\u0119, zmniejsza zmarszczki, odm\u0142adza sk\u00f3r\u0119 i dzia\u0142a jako przeciwutleniacz.<\/p>\n    <div class=\"img has-hover x md-x lg-x y md-y lg-y\" id=\"image_2145591688\">\n                <div class=\"img-inner dark\" >\n        <img loading=\"lazy\" decoding=\"async\" width=\"994\" height=\"145\" src=\"https:\/\/seacare.com\/wp-content\/uploads\/2020\/10\/o-kompanii-3.png\" class=\"attachment-large size-large\" alt=\"about company\" srcset=\"https:\/\/seacare.com\/wp-content\/uploads\/2020\/10\/o-kompanii-3.png 994w, https:\/\/seacare.com\/wp-content\/uploads\/2020\/10\/o-kompanii-3-800x117.png 800w, https:\/\/seacare.com\/wp-content\/uploads\/2020\/10\/o-kompanii-3-768x112.png 768w\" sizes=\"(max-width: 994px) 100vw, 994px\" \/>                \n            <\/div>\n                   \n<style scope=\"scope\">\n\n<\/style>\n    <\/div>\n    \n<\/div><\/div>\n<div class=\"col medium-12 small-12 large-12\"  ><div class=\"col-inner\"  >\n<p>Specjali\u015bci SeaCare Group gwarantuj\u0105 konsekwentnie wysokiej jako\u015bci produkt\u00a0przez liczne testy kontrolne, kt\u00f3re odbywaj\u0105 si\u0119 codziennie w laboratoriach firmy. Ka\u017cdy produkt SeaCare jest oparty na najlepszych naturalnych sk\u0142adnikach i nie zawiera: paraben\u00f3w, glikolu propylenowego, olej\u00f3w mineralnych, silikon\u00f3w, Petrolatum i SLS.<\/p>\n<p>Korzystaj\u0105c z zaawansowanych sk\u0142adnik\u00f3w aktywnych, SeaCare oferuje szeroki wyb\u00f3r wysoce skutecznych produkt\u00f3w.<\/p>\n<p>Wszystkie produkty SeaCare, zawieraj\u0105ce minera\u0142y Morza Martwego maj\u0105 znak &#8220;Oryginalne Izraelskie Produkty Morza Martwego o Wysokiej Jako\u015bci&#8221;, uzyskane ze Stowarzyszenia Producent\u00f3w Izraela i Izraelskiego Stowarzyszenia Producent\u00f3w Kosmetyk\u00f3w.<\/p>\n<p>\u0412\u0441\u0435 \u043e\u0440\u0433\u0430\u043d\u0438\u0447\u0435\u0441\u043a\u0438\u0435 \u043a\u043e\u0441\u043c\u0435\u0442\u0438\u0447\u0435\u0441\u043a\u0438\u0435 \u043f\u0440\u043e\u0434\u0443\u043a\u0442\u044b SeaCare \u0438\u043c\u0435\u044e\u0442 \u043b\u043e\u0433\u043e\u0442\u0438\u043f ECOCERT\u00ae COSMOS ORGANIC, \u043f\u0440\u043e\u0438\u0437\u0432\u043e\u0434\u044f\u0442\u0441\u044f \u0432 \u0441\u043e\u043e\u0442\u0432\u0435\u0442\u0441\u0442\u0432\u0438\u0438 \u0441\u043e \u0441\u0442\u0440\u043e\u0433\u0438\u043c\u0438 \u0441\u0442\u0430\u043d\u0434\u0430\u0440\u0442\u0430\u043c\u0438 COSMOS \u0438 \u0441\u0435\u0440\u0442\u0438\u0444\u0438\u0446\u0438\u0440\u043e\u0432\u0430\u043d\u044b ECOCERT.<\/p>\n<p>SeaCare Group d\u0105\u017cy do zapewnienia pierwszej jako\u015bci jako\u015bci us\u0142ug, kt\u00f3rym mo\u017cesz zaufa\u0107. Nasz dzia\u0142 obs\u0142ugi klienta pr\u00f3buje odpowiedzie\u0107 na wszystkie pytania w ci\u0105gu jednego dnia roboczego.<\/p>\n<p>Z SeaCare mo\u017cesz mie\u0107 pewno\u015b\u0107, \u017ce otrzymasz najlepsze produkty innowacyjne, a tak\u017ce osobiste porady naszych profesjonalnych kosmetolog\u00f3w.<\/p>\n<\/div><\/div>\n<\/div>\n    <div class=\"img has-hover x md-x lg-x y md-y lg-y\" id=\"image_615554228\">\n                <div class=\"img-inner dark\" style=\"margin:-19px 0px 0px 0px;\">\n        <img loading=\"lazy\" decoding=\"async\" width=\"1020\" height=\"95\" src=\"https:\/\/seacare.com\/wp-content\/uploads\/2020\/10\/\u041b\u043e\u0433\u043e\u0442\u0438\u043f-\u0434\u043b\u044f-\u0421\u0430\u0438\u0306\u0442\u0430-SeaCare-\u043a\u043e\u043f\u0438\u044f-1400x130.png\" class=\"attachment-large size-large\" alt=\"Logo for the SeaCare Website\" srcset=\"https:\/\/seacare.com\/wp-content\/uploads\/2020\/10\/\u041b\u043e\u0433\u043e\u0442\u0438\u043f-\u0434\u043b\u044f-\u0421\u0430\u0438\u0306\u0442\u0430-SeaCare-\u043a\u043e\u043f\u0438\u044f-1400x130.png 1400w, https:\/\/seacare.com\/wp-content\/uploads\/2020\/10\/\u041b\u043e\u0433\u043e\u0442\u0438\u043f-\u0434\u043b\u044f-\u0421\u0430\u0438\u0306\u0442\u0430-SeaCare-\u043a\u043e\u043f\u0438\u044f-800x74.png 800w, https:\/\/seacare.com\/wp-content\/uploads\/2020\/10\/\u041b\u043e\u0433\u043e\u0442\u0438\u043f-\u0434\u043b\u044f-\u0421\u0430\u0438\u0306\u0442\u0430-SeaCare-\u043a\u043e\u043f\u0438\u044f-768x71.png 768w\" sizes=\"(max-width: 1020px) 100vw, 1020px\" \/>                \n            <\/div>\n                   \n<style scope=\"scope\">\n\n<\/style>\n    <\/div>\n    \n<p>&nbsp;<\/p>\n","protected":false},"excerpt":{"rendered":"<p>&nbsp;<\/p>\n","protected":false},"author":1,"featured_media":40624,"parent":0,"menu_order":0,"comment_status":"closed","ping_status":"closed","template":"","meta":{"footnotes":""},"_links":{"self":[{"href":"https:\/\/seacare.com\/pl\/wp-json\/wp\/v2\/pages\/40686"}],"collection":[{"href":"https:\/\/seacare.com\/pl\/wp-json\/wp\/v2\/pages"}],"about":[{"href":"https:\/\/seacare.com\/pl\/wp-json\/wp\/v2\/types\/page"}],"author":[{"embeddable":true,"href":"https:\/\/seacare.com\/pl\/wp-json\/wp\/v2\/users\/1"}],"replies":[{"embeddable":true,"href":"https:\/\/seacare.com\/pl\/wp-json\/wp\/v2\/comments?post=40686"}],"version-history":[{"count":3,"href":"https:\/\/seacare.com\/pl\/wp-json\/wp\/v2\/pages\/40686\/revisions"}],"predecessor-version":[{"id":40691,"href":"https:\/\/seacare.com\/pl\/wp-json\/wp\/v2\/pages\/40686\/revisions\/40691"}],"wp:featuredmedia":[{"embeddable":true,"href":"https:\/\/seacare.com\/pl\/wp-json\/wp\/v2\/media\/40624"}],"wp:attachment":[{"href":"https:\/\/seacare.com\/pl\/wp-json\/wp\/v2\/media?parent=40686"}],"curies":[{"name":"wp","href":"https:\/\/api.w.org\/{rel}","templated":true}]}}