{"id":40720,"date":"2021-06-03T12:42:31","date_gmt":"2021-06-03T09:42:31","guid":{"rendered":"https:\/\/seacare.com\/pl\/?page_id=40720"},"modified":"2023-04-18T15:29:56","modified_gmt":"2023-04-18T12:29:56","slug":"kontakty","status":"publish","type":"page","link":"https:\/\/seacare.com\/pl\/kontakty\/","title":{"rendered":"Kontakty"},"content":{"rendered":"<div class=\"row\"  id=\"row-925052222\">\n<div class=\"col medium-6 large-6\"  ><div class=\"col-inner\"  >\n<div class=\"container section-title-container\" ><h3 class=\"section-title section-title-normal\"><b><\/b><span class=\"section-title-main\" style=\"font-size:100%;\">Skontaktuj si\u0119 z nami<\/span><b><\/b><\/h3><\/div><!-- .section-title -->\n<p><b>Head Office<\/b> (North and South America, Asia &amp; Pacific, Middle East &amp; Africa):<br \/><b>Phone:<\/b> +1-833-SEACARE<br \/><b>Email: <\/b> <a href=\"mailto:sales@seacare.com\"><u>sales@seacare.com<\/u><\/a><\/p>\n<p><b>European Office<\/b> (European Union, United Kingdom, Norway, Switzerland):<br \/><b>Email:<\/b> <a href=\"mailto:sales@seacare.eu\"><u>sales@seacare.eu<\/u><\/a><\/p>\n<p><b>Eurasian Office <\/b>(Eurasian Economic Union, Armenia, Azerbaijan, Georgia, Moldova, Tajikistan, Turkmenistan, Ukraine, Uzbekistan):<br \/><b>Phone:<\/b> +7-800-707-3767<br \/><b>Email:<\/b><a href=\"mailto:sales@seacare.ru\"><u>sales@seacare.ru<\/u><\/a><\/p>\n<\/div><\/div>\n<div class=\"col medium-6 large-6\"  ><div class=\"col-inner\"  >\n<div class=\"container section-title-container\" ><h3 class=\"section-title section-title-normal\"><b><\/b><span class=\"section-title-main\" style=\"font-size:100%;\">WY\u015aLIJ WIADOMO\u015a\u0106 DO NAS<\/span><b><\/b><\/h3><\/div><!-- .section-title -->\n<div role=\"form\" class=\"wpcf7\" id=\"wpcf7-f40723-o1\" lang=\"ru-RU\" dir=\"ltr\">\n<div class=\"screen-reader-response\"><\/div>\n<form action=\"\/pl\/wp-json\/wp\/v2\/pages\/40720#wpcf7-f40723-o1\" method=\"post\" class=\"wpcf7-form\" novalidate=\"novalidate\">\n<div style=\"display: none;\">\n<input type=\"hidden\" name=\"_wpcf7\" value=\"40723\" \/>\n<input type=\"hidden\" name=\"_wpcf7_version\" value=\"5.1.7\" \/>\n<input type=\"hidden\" name=\"_wpcf7_locale\" value=\"ru_RU\" \/>\n<input type=\"hidden\" name=\"_wpcf7_unit_tag\" value=\"wpcf7-f40723-o1\" \/>\n<input type=\"hidden\" name=\"_wpcf7_container_post\" value=\"0\" \/>\n<\/div>\n<p><label> Twoje Imi\u0119 (obowi\u0105zkowo)<br \/>\n    <span class=\"wpcf7-form-control-wrap your-name\"><input type=\"text\" name=\"your-name\" value=\"\" size=\"40\" class=\"wpcf7-form-control wpcf7-text wpcf7-validates-as-required\" aria-required=\"true\" aria-invalid=\"false\" \/><\/span> <\/label><\/p>\n<p><label> Tw\u00f3j e-mail (obowi\u0105zkowo)<br \/>\n    <span class=\"wpcf7-form-control-wrap your-email\"><input type=\"email\" name=\"your-email\" value=\"\" size=\"40\" class=\"wpcf7-form-control wpcf7-text wpcf7-email wpcf7-validates-as-required wpcf7-validates-as-email\" aria-required=\"true\" aria-invalid=\"false\" \/><\/span> <\/label><\/p>\n<p><label>  Kontaktowy numer telefonu (obowi\u0105zkowo)<\/p>\n<p><span class=\"wpcf7-form-control-wrap tel-978\"><input type=\"tel\" name=\"tel-978\" value=\"\" size=\"40\" class=\"wpcf7-form-control wpcf7-text wpcf7-tel wpcf7-validates-as-required wpcf7-validates-as-tel\" aria-required=\"true\" aria-invalid=\"false\" \/><\/span><\/label><\/p>\n<p><label> Wiadomo\u015b\u0107<br \/>\n    <span class=\"wpcf7-form-control-wrap your-message\"><textarea name=\"your-message\" cols=\"40\" rows=\"10\" class=\"wpcf7-form-control wpcf7-textarea\" aria-invalid=\"false\"><\/textarea><\/span> <\/label><\/p>\n<p><input type=\"submit\" value=\"WY\u015aLIJ\" class=\"wpcf7-form-control wpcf7-submit\" \/><\/p>\n<p style=\"display: none !important;\"><label>&#916;<textarea name=\"_wpcf7_ak_hp_textarea\" cols=\"45\" rows=\"8\" maxlength=\"100\"><\/textarea><\/label><input type=\"hidden\" id=\"ak_js_1\" name=\"_wpcf7_ak_js\" value=\"121\"\/><script>document.getElementById( \"ak_js_1\" ).setAttribute( \"value\", ( new Date() ).getTime() );<\/script><\/p><div class=\"wpcf7-response-output wpcf7-display-none\"><\/div><\/form><\/div>\n<\/div><\/div>\n<\/div>\n","protected":false},"excerpt":{"rendered":"","protected":false},"author":1,"featured_media":0,"parent":0,"menu_order":0,"comment_status":"closed","ping_status":"closed","template":"page-blank.php","meta":{"footnotes":""},"_links":{"self":[{"href":"https:\/\/seacare.com\/pl\/wp-json\/wp\/v2\/pages\/40720"}],"collection":[{"href":"https:\/\/seacare.com\/pl\/wp-json\/wp\/v2\/pages"}],"about":[{"href":"https:\/\/seacare.com\/pl\/wp-json\/wp\/v2\/types\/page"}],"author":[{"embeddable":true,"href":"https:\/\/seacare.com\/pl\/wp-json\/wp\/v2\/users\/1"}],"replies":[{"embeddable":true,"href":"https:\/\/seacare.com\/pl\/wp-json\/wp\/v2\/comments?post=40720"}],"version-history":[{"count":6,"href":"https:\/\/seacare.com\/pl\/wp-json\/wp\/v2\/pages\/40720\/revisions"}],"predecessor-version":[{"id":64371,"href":"https:\/\/seacare.com\/pl\/wp-json\/wp\/v2\/pages\/40720\/revisions\/64371"}],"wp:attachment":[{"href":"https:\/\/seacare.com\/pl\/wp-json\/wp\/v2\/media?parent=40720"}],"curies":[{"name":"wp","href":"https:\/\/api.w.org\/{rel}","templated":true}]}}