{"id":40301,"date":"2017-03-01T17:14:27","date_gmt":"2021-06-02T09:17:17","guid":{"rendered":"https:\/\/seacare.com\/ru\/?post_type=product&#038;p=40301"},"modified":"2021-06-03T14:08:55","modified_gmt":"2021-06-03T11:08:55","slug":"mleczko-oczyszczajace-i-plyn-do-demakijazu-150-ml-seacare","status":"publish","type":"product","link":"https:\/\/seacare.com\/pl\/produkt\/mleczko-oczyszczajace-i-plyn-do-demakijazu-150-ml-seacare\/","title":{"rendered":"Mleczko oczyszczaj\u0105ce i p\u0142yn do demakija\u017cu, 150 ml, SeaCare"},"content":{"rendered":"<p>SeaCare Mleczko oczyszczaj\u0105ce i p\u0142yn do demakija\u017cu to bardzo skuteczne mleczko oczyszczaj\u0105ce. Dok\u0142adnie oczyszcza sk\u00f3r\u0119, wyr\u00f3wnuje przet\u0142uszczanie i przywraca naturalny poziom nawil\u017cenia sk\u00f3ry. Zawiera oczar wirginijski, substancj\u0119 aktywuj\u0105c\u0105 bia\u0142ka sk\u00f3ry (kolageny) i tworz\u0105c\u0105 warstw\u0119 ochronn\u0105 nad uszkodzonymi tkankami, oczyszczaj\u0105c i odnawiaj\u0105c sk\u00f3r\u0119. Produkt oczyszczaj\u0105cy wzbogacony olejkiem arganowym i minera\u0142ami z Morza Martwego, kt\u00f3re zmi\u0119kczaj\u0105, od\u017cywiaj\u0105 i odpr\u0119\u017caj\u0105 sk\u00f3r\u0119. Stworzony zgodnie ze standardami Izraelskiego Stowarzyszenia Producent\u00f3w Kosmetyk\u00f3w. Jest r\u00f3wnie\u017c bardzo skutecznym \u015brodkiem do demakija\u017cu twarzy i oczu.<\/p>\n<p><strong>Nie zawiera:<\/strong> paraben\u00f3w, glikolu propylenowego, silikon\u00f3w, olejk\u00f3w mineralnych, wazeliny, SLS.<\/p>\n<p><strong>Spos\u00f3b u\u017cycia:<\/strong> Do oczyszczania twarzy: Nak\u0142adaj na twarz i szyj\u0119 okr\u0119\u017cnymi ruchami masuj\u0105cymi. Usu\u0144 wilgotnymi wacikami. Aby zmy\u0107 makija\u017c: na\u0142\u00f3\u017c na zwil\u017cony wacik i zmyj makija\u017c.<\/p>\n<h3>Kluczowe sk\u0142adniki<\/h3>\n<hr \/>\n<div class=\"row\"  id=\"row-1192966564\">\n<div class=\"col medium-6 small-12 large-6\"  ><div class=\"col-inner\"  >\n<div class=\"row\"  id=\"row-1745923801\">\n<div class=\"col medium-3 small-12 large-3\"  ><div class=\"col-inner\"  >\n    <div class=\"img has-hover x md-x lg-x y md-y lg-y\" id=\"image_1958884092\">\n                <div class=\"img-inner dark\" >\n        <img loading=\"lazy\" decoding=\"async\" width=\"500\" height=\"500\" src=\"https:\/\/seacare.com\/wp-content\/uploads\/2017\/03\/minerals-1.png\" class=\"attachment-large size-large\" alt=\"\" srcset=\"https:\/\/seacare.com\/wp-content\/uploads\/2017\/03\/minerals-1.png 500w, https:\/\/seacare.com\/wp-content\/uploads\/2017\/03\/minerals-1-280x280.png 280w, https:\/\/seacare.com\/wp-content\/uploads\/2017\/03\/minerals-1-400x400.png 400w, https:\/\/seacare.com\/wp-content\/uploads\/2017\/03\/minerals-1-180x180.png 180w, https:\/\/seacare.com\/wp-content\/uploads\/2017\/03\/minerals-1-300x300.png 300w\" sizes=\"(max-width: 500px) 100vw, 500px\" \/>                \n            <\/div>\n                   \n<style scope=\"scope\">\n\n<\/style>\n    <\/div>\n    \n<\/div><\/div>\n<div class=\"col medium-9 small-12 large-9\"  ><div class=\"col-inner\"  >\n<h4>Minera\u0142y Morza Martwego<\/h4>\n<p>Morze Martwe zawiera ponad 20 minera\u0142\u00f3w, kt\u00f3re jak udowodnionono, poprawiaj\u0105 widok sk\u00f3ry i zachowuj\u0105 j\u0105 zdrow\u0105 i m\u0142od\u0105. Nawet ro\u015bliny rosn\u0105ce wzd\u0142u\u017c brzeg\u00f3w Morza Martwego <a href=\"\/pl\/mineraly-morza-martwego\/\">Szczeg\u00f3\u0142owy&#8230;<\/a><\/p>\n<\/div><\/div>\n<\/div>\n<\/div><\/div>\n<div class=\"col medium-6 small-12 large-6\"  ><div class=\"col-inner\"  >\n<div class=\"row\"  id=\"row-32050242\">\n<div class=\"col medium-3 small-12 large-3\"  ><div class=\"col-inner\"  >\n    <div class=\"img has-hover x md-x lg-x y md-y lg-y\" id=\"image_2061432328\">\n                <div class=\"img-inner dark\" >\n        <img loading=\"lazy\" decoding=\"async\" width=\"500\" height=\"500\" src=\"https:\/\/seacare.com\/wp-content\/uploads\/2017\/03\/argana.png\" class=\"attachment-large size-large\" alt=\"\" srcset=\"https:\/\/seacare.com\/wp-content\/uploads\/2017\/03\/argana.png 500w, https:\/\/seacare.com\/wp-content\/uploads\/2017\/03\/argana-280x280.png 280w, https:\/\/seacare.com\/wp-content\/uploads\/2017\/03\/argana-400x400.png 400w, https:\/\/seacare.com\/wp-content\/uploads\/2017\/03\/argana-180x180.png 180w, https:\/\/seacare.com\/wp-content\/uploads\/2017\/03\/argana-300x300.png 300w\" sizes=\"(max-width: 500px) 100vw, 500px\" \/>                \n            <\/div>\n                   \n<style scope=\"scope\">\n\n<\/style>\n    <\/div>\n    \n<\/div><\/div>\n<div class=\"col medium-9 small-12 large-9\"  ><div class=\"col-inner\"  >\n<h4>Olejek arganowy<\/h4>\n<p>Olejek arganowy jest najcz\u0119\u015bciej stosowany do nawil\u017cania i zmi\u0119kczania sk\u00f3ry. Dzi\u0119ki wysokiej zawarto\u015bci witaminy E i kwas\u00f3w t\u0142uszczowych, olejek arganowy jest idealnym produktem <a href=\"\/pl\/olejek-arganowy\/\"> Szczeg\u00f3\u0142owy&#8230;<\/a><\/p>\n<\/div><\/div>\n<\/div>\n<\/div><\/div>\n<div class=\"col medium-6 small-12 large-6\"  ><div class=\"col-inner\"  >\n<div class=\"row\"  id=\"row-2084882361\">\n<div class=\"col medium-3 small-12 large-3\"  ><div class=\"col-inner\"  >\n    <div class=\"img has-hover x md-x lg-x y md-y lg-y\" id=\"image_1095045084\">\n                <div class=\"img-inner dark\" >\n        <img loading=\"lazy\" decoding=\"async\" width=\"500\" height=\"500\" src=\"https:\/\/seacare.com\/wp-content\/uploads\/2017\/03\/hamamelis.png\" class=\"attachment-large size-large\" alt=\"\" srcset=\"https:\/\/seacare.com\/wp-content\/uploads\/2017\/03\/hamamelis.png 500w, https:\/\/seacare.com\/wp-content\/uploads\/2017\/03\/hamamelis-280x280.png 280w, https:\/\/seacare.com\/wp-content\/uploads\/2017\/03\/hamamelis-400x400.png 400w, https:\/\/seacare.com\/wp-content\/uploads\/2017\/03\/hamamelis-180x180.png 180w, https:\/\/seacare.com\/wp-content\/uploads\/2017\/03\/hamamelis-300x300.png 300w\" sizes=\"(max-width: 500px) 100vw, 500px\" \/>                \n            <\/div>\n                   \n<style scope=\"scope\">\n\n<\/style>\n    <\/div>\n    \n<\/div><\/div>\n<div class=\"col medium-9 small-12 large-9\"  ><div class=\"col-inner\"  >\n<h4>Gamamelis<\/h4>\n<p>Gamamelis chroni sk\u00f3r\u0119 przed zapaleniem spowodowanym przez wolne rodniki w kom\u00f3rkach sk\u00f3ry. Gamamelis jest uwa\u017cany za silny \u015brodek do uzdrowienia, pomaga kompaktowi <a href=\"\/pl\/gamamelis\/\"> Szczeg\u00f3\u0142owy&#8230;<\/a><\/p>\n<\/div><\/div>\n<\/div>\n<\/div><\/div>\n<\/div>\n<h3>Inne produkty w linii<\/h3>\n\n  \n    <div class=\"row large-columns-4 medium-columns- small-columns-2 row-small slider row-slider slider-nav-reveal slider-nav-push\"  data-flickity-options='{\"imagesLoaded\": true, \"groupCells\": \"100%\", \"dragThreshold\" : 5, \"cellAlign\": \"left\",\"wrapAround\": true,\"prevNextButtons\": true,\"percentPosition\": true,\"pageDots\": false, \"rightToLeft\": false, \"autoPlay\" : false}'>\n\n  \t<\/div>\n<h3>Podobne produkty w innych liniach<\/h3>\n\n  \n    <div class=\"row large-columns-4 medium-columns- small-columns-2 row-small slider row-slider slider-nav-reveal slider-nav-push\"  data-flickity-options='{\"imagesLoaded\": true, \"groupCells\": \"100%\", \"dragThreshold\" : 5, \"cellAlign\": \"left\",\"wrapAround\": true,\"prevNextButtons\": true,\"percentPosition\": true,\"pageDots\": false, \"rightToLeft\": false, \"autoPlay\" : false}'>\n\n  \t\n\t            \t\t\t\t\t\n<div class=\"product-small col has-hover post-40459 product type-product status-publish has-post-thumbnail product_cat-kosmetyki-do-twarzy product_cat-kosmetyki-meskie product_cat-zele-oczyszczajace product_tag-dla-mezczyzn product_tag-gladka-skora-twarzy product_tag-glebokie-oczyszczanie product_tag-piekna-skora first instock shipping-taxable purchasable product-type-simple\">\n\t<div class=\"col-inner\">\t\n\t\n<div class=\"badge-container absolute left top z-1\">\n<\/div>\t<div class=\"product-small box \">\n\t\t<div class=\"box-image\">\n\t\t\t<div class=\"image-none\">\n\t\t\t\t<a href=\"https:\/\/seacare.com\/pl\/produkt\/zel-do-mycia-twarzy-z-blotem-dla-mezczyzn-150-ml-seacare\/\">\n\t\t\t\t\t<img loading=\"lazy\" decoding=\"async\" width=\"247\" height=\"300\" src=\"https:\/\/seacare.com\/wp-content\/uploads\/2020\/07\/Facial-Mud-Cleansing-Gel-Men-SC-1-copy-247x300.jpg\" class=\"attachment-shop_catalog size-shop_catalog wp-post-image\" alt=\"Facial Mud Cleansing Gel Men SC\" title=\"Facial Mud Cleansing Gel Men SC\" \/>\t\t\t\t<\/a>\n\t\t\t<\/div>\n\t\t\t<div class=\"image-tools is-small top right show-on-hover\">\n\t\t\t\t\t\t\t<\/div>\n\t\t\t<div class=\"image-tools is-small hide-for-small bottom left show-on-hover\">\n\t\t\t\t\t\t\t<\/div>\n\t\t\t<div class=\"image-tools grid-tools text-center hide-for-small bottom hover-slide-in show-on-hover\">\n\t\t\t\t  <a class=\"quick-view\" data-prod=\"40459\" href=\"#quick-view\">Quick View<\/a>\t\t\t<\/div>\n\t\t\t\t\t<\/div><!-- box-image -->\n\n\t\t<div class=\"box-text box-text-products\">\n\t\t\t<div class=\"title-wrapper\">  <p class=\"category uppercase is-smaller no-text-overflow product-cat op-7\">\n        Kosmetyki do twarzy   <\/p> <p class=\"name product-title\"><a href=\"https:\/\/seacare.com\/pl\/produkt\/zel-do-mycia-twarzy-z-blotem-dla-mezczyzn-150-ml-seacare\/\">\u017bel do mycia twarzy z b\u0142otem dla m\u0119\u017cczyzn, 150 ml, SeaCare<\/a><\/p><\/div><div class=\"price-wrapper\">\n\t<span class=\"price\"><span class=\"woocommerce-Price-amount amount\"><span class=\"woocommerce-Price-currencySymbol\">&#36;<\/span>&nbsp;29.90<\/span><\/span>\n<\/div>\t\t<\/div><!-- box-text -->\n\t<\/div><!-- box -->\n\t\t<\/div><!-- .col-inner -->\n<\/div><!-- col -->\t            \t\t\t\t\t\n<div class=\"product-small col has-hover post-40439 product type-product status-publish has-post-thumbnail product_cat-kosmetyczne-przeciwtradzikowe product_cat-kosmetyki-do-twarzy product_cat-linia-przeciwtradzikowa product_cat-zele-oczyszczajace  instock shipping-taxable purchasable product-type-simple\">\n\t<div class=\"col-inner\">\t\n\t\n<div class=\"badge-container absolute left top z-1\">\n<\/div>\t<div class=\"product-small box \">\n\t\t<div class=\"box-image\">\n\t\t\t<div class=\"image-none\">\n\t\t\t\t<a href=\"https:\/\/seacare.com\/pl\/produkt\/oczyszczajacy-zel-przeciwtradzikowy-na-tradzik-i-zaskorniki-150-ml-seacare\/\">\n\t\t\t\t\t<img loading=\"lazy\" decoding=\"async\" width=\"247\" height=\"300\" src=\"https:\/\/seacare.com\/wp-content\/uploads\/2019\/11\/\u0414\u043b\u044f-SCCleansing-Gel_Face-247x300.jpg\" class=\"attachment-shop_catalog size-shop_catalog wp-post-image\" alt=\"\u0414\u043b\u044f SCCleansing Gel_Face\" title=\"\u0414\u043b\u044f SCCleansing Gel_Face\" \/>\t\t\t\t<\/a>\n\t\t\t<\/div>\n\t\t\t<div class=\"image-tools is-small top right show-on-hover\">\n\t\t\t\t\t\t\t<\/div>\n\t\t\t<div class=\"image-tools is-small hide-for-small bottom left show-on-hover\">\n\t\t\t\t\t\t\t<\/div>\n\t\t\t<div class=\"image-tools grid-tools text-center hide-for-small bottom hover-slide-in show-on-hover\">\n\t\t\t\t  <a class=\"quick-view\" data-prod=\"40439\" href=\"#quick-view\">Quick View<\/a>\t\t\t<\/div>\n\t\t\t\t\t<\/div><!-- box-image -->\n\n\t\t<div class=\"box-text box-text-products\">\n\t\t\t<div class=\"title-wrapper\">  <p class=\"category uppercase is-smaller no-text-overflow product-cat op-7\">\n        Kosmetyczne przeciwtr\u0105dzikowe   <\/p> <p class=\"name product-title\"><a href=\"https:\/\/seacare.com\/pl\/produkt\/oczyszczajacy-zel-przeciwtradzikowy-na-tradzik-i-zaskorniki-150-ml-seacare\/\">Oczyszczaj\u0105cy \u017cel przeciwtr\u0105dzikowy na tr\u0105dzik i zask\u00f3rniki 150 ml, SeaCare<\/a><\/p><\/div><div class=\"price-wrapper\">\n\t<span class=\"price\"><span class=\"woocommerce-Price-amount amount\"><span class=\"woocommerce-Price-currencySymbol\">&#36;<\/span>&nbsp;45.90<\/span><\/span>\n<\/div>\t\t<\/div><!-- box-text -->\n\t<\/div><!-- box -->\n\t\t<\/div><!-- .col-inner -->\n<\/div><!-- col -->\t            \t\t\t\t\t\n<div class=\"product-small col has-hover post-40409 product type-product status-publish has-post-thumbnail product_cat-kosmetyki-do-twarzy product_cat-kosmetyki-organiczne product_cat-organiczna-linia-spa product_cat-zele-oczyszczajace product_tag-gladka-skora-twarzy product_tag-glebokie-oczyszczanie product_tag-piekna-skora  instock shipping-taxable purchasable product-type-simple\">\n\t<div class=\"col-inner\">\t\n\t\n<div class=\"badge-container absolute left top z-1\">\n<\/div>\t<div class=\"product-small box \">\n\t\t<div class=\"box-image\">\n\t\t\t<div class=\"image-none\">\n\t\t\t\t<a href=\"https:\/\/seacare.com\/pl\/produkt\/organiczny-zel-do-mycia-twarzy-150-ml-seacare\/\">\n\t\t\t\t\t<img loading=\"lazy\" decoding=\"async\" width=\"247\" height=\"300\" src=\"https:\/\/seacare.com\/wp-content\/uploads\/2020\/06\/Facial-Cleansing-Gel-Organic-SC-1-copy-1-247x300.jpg\" class=\"attachment-shop_catalog size-shop_catalog wp-post-image\" alt=\"Organic Care Facial Cleansing Gel \u041b\u0435\u0442\u0443\u0430\u043b\u044c\" title=\"Organic Care Facial Cleansing Gel \u041b\u0435\u0442\u0443\u0430\u043b\u044c\" \/>\t\t\t\t<\/a>\n\t\t\t<\/div>\n\t\t\t<div class=\"image-tools is-small top right show-on-hover\">\n\t\t\t\t\t\t\t<\/div>\n\t\t\t<div class=\"image-tools is-small hide-for-small bottom left show-on-hover\">\n\t\t\t\t\t\t\t<\/div>\n\t\t\t<div class=\"image-tools grid-tools text-center hide-for-small bottom hover-slide-in show-on-hover\">\n\t\t\t\t  <a class=\"quick-view\" data-prod=\"40409\" href=\"#quick-view\">Quick View<\/a>\t\t\t<\/div>\n\t\t\t\t\t<\/div><!-- box-image -->\n\n\t\t<div class=\"box-text box-text-products\">\n\t\t\t<div class=\"title-wrapper\">  <p class=\"category uppercase is-smaller no-text-overflow product-cat op-7\">\n        Kosmetyki do twarzy   <\/p> <p class=\"name product-title\"><a href=\"https:\/\/seacare.com\/pl\/produkt\/organiczny-zel-do-mycia-twarzy-150-ml-seacare\/\">Organiczny \u017cel do mycia twarzy, 150 ml, SeaCare<\/a><\/p><\/div><div class=\"price-wrapper\">\n\t<span class=\"price\"><span class=\"woocommerce-Price-amount amount\"><span class=\"woocommerce-Price-currencySymbol\">&#36;<\/span>&nbsp;42.90<\/span><\/span>\n<\/div>\t\t<\/div><!-- box-text -->\n\t<\/div><!-- box -->\n\t\t<\/div><!-- .col-inner -->\n<\/div><!-- col -->\t            \t\t\t\t\t\n<div class=\"product-small col has-hover post-40477 product type-product status-publish has-post-thumbnail product_cat-kosmetyki-do-twarzy product_cat-kosmetyki-meskie product_cat-peelingi product_tag-dla-mezczyzn product_tag-glebokie-oczyszczanie last instock shipping-taxable purchasable product-type-simple\">\n\t<div class=\"col-inner\">\t\n\t\n<div class=\"badge-container absolute left top z-1\">\n<\/div>\t<div class=\"product-small box \">\n\t\t<div class=\"box-image\">\n\t\t\t<div class=\"image-none\">\n\t\t\t\t<a href=\"https:\/\/seacare.com\/pl\/produkt\/oczyszczajacy-peeling-do-twarzy-dla-mezczyzn-150-ml-seacare\/\">\n\t\t\t\t\t<img loading=\"lazy\" decoding=\"async\" width=\"247\" height=\"300\" src=\"https:\/\/seacare.com\/wp-content\/uploads\/2020\/07\/Facial-Cleansing-Scrub-Men-SC-1-copy-247x300.jpg\" class=\"attachment-shop_catalog size-shop_catalog wp-post-image\" alt=\"Facial Cleansing Scrub Men SC\" title=\"Facial Cleansing Scrub Men SC\" \/>\t\t\t\t<\/a>\n\t\t\t<\/div>\n\t\t\t<div class=\"image-tools is-small top right show-on-hover\">\n\t\t\t\t\t\t\t<\/div>\n\t\t\t<div class=\"image-tools is-small hide-for-small bottom left show-on-hover\">\n\t\t\t\t\t\t\t<\/div>\n\t\t\t<div class=\"image-tools grid-tools text-center hide-for-small bottom hover-slide-in show-on-hover\">\n\t\t\t\t  <a class=\"quick-view\" data-prod=\"40477\" href=\"#quick-view\">Quick View<\/a>\t\t\t<\/div>\n\t\t\t\t\t<\/div><!-- box-image -->\n\n\t\t<div class=\"box-text box-text-products\">\n\t\t\t<div class=\"title-wrapper\">  <p class=\"category uppercase is-smaller no-text-overflow product-cat op-7\">\n        Kosmetyki do twarzy   <\/p> <p class=\"name product-title\"><a href=\"https:\/\/seacare.com\/pl\/produkt\/oczyszczajacy-peeling-do-twarzy-dla-mezczyzn-150-ml-seacare\/\">Oczyszczaj\u0105cy peeling do twarzy dla m\u0119\u017cczyzn, 150 ml, SeaCare<\/a><\/p><\/div><div class=\"price-wrapper\">\n\t<span class=\"price\"><span class=\"woocommerce-Price-amount amount\"><span class=\"woocommerce-Price-currencySymbol\">&#36;<\/span>&nbsp;30.90<\/span><\/span>\n<\/div>\t\t<\/div><!-- box-text -->\n\t<\/div><!-- box -->\n\t\t<\/div><!-- .col-inner -->\n<\/div><!-- col -->\t            \t\t\t\t\t\n<div class=\"product-small col has-hover post-40415 product type-product status-publish has-post-thumbnail product_cat-kosmetyki-do-twarzy product_cat-kosmetyki-organiczne product_cat-organiczna-linia-spa product_cat-toner-pl product_tag-piekna-skora first instock shipping-taxable purchasable product-type-simple\">\n\t<div class=\"col-inner\">\t\n\t\n<div class=\"badge-container absolute left top z-1\">\n<\/div>\t<div class=\"product-small box \">\n\t\t<div class=\"box-image\">\n\t\t\t<div class=\"image-none\">\n\t\t\t\t<a href=\"https:\/\/seacare.com\/pl\/produkt\/organiczny-tonik-do-twarzy-150-ml-seacare\/\">\n\t\t\t\t\t<img loading=\"lazy\" decoding=\"async\" width=\"247\" height=\"300\" src=\"https:\/\/seacare.com\/wp-content\/uploads\/2020\/06\/Organic-Care-Facial-Toner-SC-1-copy-247x300.jpg\" class=\"attachment-shop_catalog size-shop_catalog wp-post-image\" alt=\"Organic Care Facial Toner \u041b\u0435\u0442\u0443\u0430\u043b\u044c\" title=\"Organic Care Facial Toner \u041b\u0435\u0442\u0443\u0430\u043b\u044c\" \/>\t\t\t\t<\/a>\n\t\t\t<\/div>\n\t\t\t<div class=\"image-tools is-small top right show-on-hover\">\n\t\t\t\t\t\t\t<\/div>\n\t\t\t<div class=\"image-tools is-small hide-for-small bottom left show-on-hover\">\n\t\t\t\t\t\t\t<\/div>\n\t\t\t<div class=\"image-tools grid-tools text-center hide-for-small bottom hover-slide-in show-on-hover\">\n\t\t\t\t  <a class=\"quick-view\" data-prod=\"40415\" href=\"#quick-view\">Quick View<\/a>\t\t\t<\/div>\n\t\t\t\t\t<\/div><!-- box-image -->\n\n\t\t<div class=\"box-text box-text-products\">\n\t\t\t<div class=\"title-wrapper\">  <p class=\"category uppercase is-smaller no-text-overflow product-cat op-7\">\n        Kosmetyki do twarzy   <\/p> <p class=\"name product-title\"><a href=\"https:\/\/seacare.com\/pl\/produkt\/organiczny-tonik-do-twarzy-150-ml-seacare\/\">Organiczny tonik do twarzy, 150 ml, SeaCare<\/a><\/p><\/div><div class=\"price-wrapper\">\n\t<span class=\"price\"><span class=\"woocommerce-Price-amount amount\"><span class=\"woocommerce-Price-currencySymbol\">&#36;<\/span>&nbsp;42.90<\/span><\/span>\n<\/div>\t\t<\/div><!-- box-text -->\n\t<\/div><!-- box -->\n\t\t<\/div><!-- .col-inner -->\n<\/div><!-- col -->\t            \n\t        <\/div>\n","protected":false},"excerpt":{"rendered":"<p>do sk\u00f3ry normalnej i suchej<br \/>\n150 ml &#8211; 5.07 fl.oz.<\/p>\n","protected":false},"featured_media":40302,"comment_status":"open","ping_status":"closed","template":"","meta":[],"_links":{"self":[{"href":"https:\/\/seacare.com\/pl\/wp-json\/wp\/v2\/product\/40301"}],"collection":[{"href":"https:\/\/seacare.com\/pl\/wp-json\/wp\/v2\/product"}],"about":[{"href":"https:\/\/seacare.com\/pl\/wp-json\/wp\/v2\/types\/product"}],"replies":[{"embeddable":true,"href":"https:\/\/seacare.com\/pl\/wp-json\/wp\/v2\/comments?post=40301"}],"wp:featuredmedia":[{"embeddable":true,"href":"https:\/\/seacare.com\/pl\/wp-json\/wp\/v2\/media\/40302"}],"wp:attachment":[{"href":"https:\/\/seacare.com\/pl\/wp-json\/wp\/v2\/media?parent=40301"}],"curies":[{"name":"wp","href":"https:\/\/api.w.org\/{rel}","templated":true}]}}