{"id":40325,"date":"2017-03-01T15:50:04","date_gmt":"2021-06-02T10:05:49","guid":{"rendered":"https:\/\/seacare.com\/ru\/?post_type=product&#038;p=40325"},"modified":"2021-06-03T14:12:11","modified_gmt":"2021-06-03T11:12:11","slug":"peeling-do-stop-150-ml-seacare","status":"publish","type":"product","link":"https:\/\/seacare.com\/pl\/produkt\/peeling-do-stop-150-ml-seacare\/","title":{"rendered":"Peeling do st\u00f3p, 150 ml, SeaCare"},"content":{"rendered":"<p>SeaCare Peeling do st\u00f3p to ekskluzywnie wzbogacony produkt zawieraj\u0105cy starannie dobrane po\u0142\u0105czenia naturalnych olejk\u00f3w i minera\u0142\u00f3w. Formu\u0142a zosta\u0142a wzbogacona o minera\u0142y z Morza Martwego. Peeling z sol\u0105 z Morza Martwego z\u0142uszcza martwy nask\u00f3rek i nawil\u017ca. Peeling zawiera r\u00f3wnie\u017c olejek ze s\u0142odkich migda\u0142\u00f3w, doskona\u0142y naturalny sk\u0142adnik nawil\u017caj\u0105cy, kt\u00f3ry doskonale nawil\u017ca i zmi\u0119kcza sk\u00f3r\u0119; oraz Dermosoft GMCY, w 100% naturalny ekstrakt zio\u0142owy, kt\u00f3ry \u0142\u0105czy w sobie w\u0142a\u015bciwo\u015bci przeciwbakteryjne i nawil\u017caj\u0105ce. Peeling do st\u00f3p SeaCare usunie martwy nask\u00f3rek i pozostawi sk\u00f3r\u0119 g\u0142adk\u0105 i aksamitn\u0105. Spos\u00f3b u\u017cycia: Dobrze op\u0142ucz stopy. Na\u0142\u00f3\u017c na leczony obszar, wmasowa\u0107 okr\u0119\u017cnymi ruchami opuszkami palc\u00f3w. Zmyj wod\u0105.<\/p>\n<p><strong>Nie zawiera:<\/strong> paraben\u00f3w, glikolu propylenowego, silikon\u00f3w, olejk\u00f3w mineralnych, wazeliny, SLS.<\/p>\n<p><strong>Spos\u00f3b u\u017cycia:<\/strong> Dobrze op\u0142ucz stopy. Na\u0142\u00f3\u017c na leczony obszar, wmasowa\u0107 okr\u0119\u017cnymi ruchami opuszkami palc\u00f3w. Zmyj wod\u0105. Aby uzyska\u0107 optymalne rezultaty, po zastosowaniu tego peelingu polecany jest krem do st\u00f3p SeaCare.<\/p>\n<h3>Kluczowe sk\u0142adniki<\/h3>\n<hr \/>\n<div class=\"row\"  id=\"row-1788714870\">\n<div class=\"col medium-6 small-12 large-6\"  ><div class=\"col-inner\"  >\n<div class=\"row\"  id=\"row-2029944689\">\n<div class=\"col medium-3 small-12 large-3\"  ><div class=\"col-inner\"  >\n    <div class=\"img has-hover x md-x lg-x y md-y lg-y\" id=\"image_1078346056\">\n                <div class=\"img-inner dark\" >\n        <img loading=\"lazy\" decoding=\"async\" width=\"500\" height=\"500\" src=\"https:\/\/seacare.com\/wp-content\/uploads\/2017\/03\/minerals-1.png\" class=\"attachment-large size-large\" alt=\"\" srcset=\"https:\/\/seacare.com\/wp-content\/uploads\/2017\/03\/minerals-1.png 500w, https:\/\/seacare.com\/wp-content\/uploads\/2017\/03\/minerals-1-280x280.png 280w, https:\/\/seacare.com\/wp-content\/uploads\/2017\/03\/minerals-1-400x400.png 400w, https:\/\/seacare.com\/wp-content\/uploads\/2017\/03\/minerals-1-180x180.png 180w, https:\/\/seacare.com\/wp-content\/uploads\/2017\/03\/minerals-1-300x300.png 300w\" sizes=\"(max-width: 500px) 100vw, 500px\" \/>                \n            <\/div>\n                   \n<style scope=\"scope\">\n\n<\/style>\n    <\/div>\n    \n<\/div><\/div>\n<div class=\"col medium-9 small-12 large-9\"  ><div class=\"col-inner\"  >\n<h4>Minera\u0142y Morza Martwego<\/h4>\n<p>Morze Martwe zawiera ponad 20 minera\u0142\u00f3w, kt\u00f3re jak udowodnionono, poprawiaj\u0105 widok sk\u00f3ry i zachowuj\u0105 j\u0105 zdrow\u0105 i m\u0142od\u0105. Nawet ro\u015bliny rosn\u0105ce wzd\u0142u\u017c brzeg\u00f3w Morza Martwego <a href=\"\/pl\/mineraly-morza-martwego\/\">Szczeg\u00f3\u0142owy&#8230;<\/a><\/p>\n<\/div><\/div>\n<\/div>\n<\/div><\/div>\n<div class=\"col medium-6 small-12 large-6\"  ><div class=\"col-inner\"  >\n<div class=\"row\"  id=\"row-679691594\">\n<div class=\"col medium-3 small-12 large-3\"  ><div class=\"col-inner\"  >\n    <div class=\"img has-hover x md-x lg-x y md-y lg-y\" id=\"image_1005149535\">\n                <div class=\"img-inner dark\" >\n        <img loading=\"lazy\" decoding=\"async\" width=\"500\" height=\"500\" src=\"https:\/\/seacare.com\/wp-content\/uploads\/2020\/07\/\u0421\u043e\u043b\u044c-\u041c\u0435\u0440\u0442\u0432\u043e\u0433\u043e-\u043c\u043e\u0440\u044f-1.jpg\" class=\"attachment-large size-large\" alt=\"\" srcset=\"https:\/\/seacare.com\/wp-content\/uploads\/2020\/07\/\u0421\u043e\u043b\u044c-\u041c\u0435\u0440\u0442\u0432\u043e\u0433\u043e-\u043c\u043e\u0440\u044f-1.jpg 500w, https:\/\/seacare.com\/wp-content\/uploads\/2020\/07\/\u0421\u043e\u043b\u044c-\u041c\u0435\u0440\u0442\u0432\u043e\u0433\u043e-\u043c\u043e\u0440\u044f-1-247x247.jpg 247w, https:\/\/seacare.com\/wp-content\/uploads\/2020\/07\/\u0421\u043e\u043b\u044c-\u041c\u0435\u0440\u0442\u0432\u043e\u0433\u043e-\u043c\u043e\u0440\u044f-1-400x400.jpg 400w, https:\/\/seacare.com\/wp-content\/uploads\/2020\/07\/\u0421\u043e\u043b\u044c-\u041c\u0435\u0440\u0442\u0432\u043e\u0433\u043e-\u043c\u043e\u0440\u044f-1-180x180.jpg 180w\" sizes=\"(max-width: 500px) 100vw, 500px\" \/>                \n            <\/div>\n                   \n<style scope=\"scope\">\n\n<\/style>\n    <\/div>\n    \n<\/div><\/div>\n<div class=\"col medium-9 small-12 large-9\"  ><div class=\"col-inner\"  >\n<h4>S\u00f3l Morza Martwego<\/h4>\n<p>S\u00f3l Morza Martwego jest nasycona niezb\u0119dnymi minera\u0142ami, s\u00f3l Morza Martwego mo\u017ce by\u0107 dok\u0142adnie tym, czego potrzebujemy do naszego og\u00f3lnego zdrowia i dobrego samopoczucia. <a href=\"\/pl\/sol-morza-martwego\/\">Szczeg\u00f3\u0142owy&#8230;<\/a><\/p>\n<\/div><\/div>\n<\/div>\n<\/div><\/div>\n<div class=\"col medium-6 small-12 large-6\"  ><div class=\"col-inner\"  >\n<div class=\"row\"  id=\"row-128616606\">\n<div class=\"col medium-3 small-12 large-3\"  ><div class=\"col-inner\"  >\n    <div class=\"img has-hover x md-x lg-x y md-y lg-y\" id=\"image_14992175\">\n                <div class=\"img-inner dark\" >\n        <img loading=\"lazy\" decoding=\"async\" width=\"500\" height=\"500\" src=\"https:\/\/seacare.com\/wp-content\/uploads\/2017\/03\/mindal.png\" class=\"attachment-large size-large\" alt=\"\" srcset=\"https:\/\/seacare.com\/wp-content\/uploads\/2017\/03\/mindal.png 500w, https:\/\/seacare.com\/wp-content\/uploads\/2017\/03\/mindal-280x280.png 280w, https:\/\/seacare.com\/wp-content\/uploads\/2017\/03\/mindal-400x400.png 400w, https:\/\/seacare.com\/wp-content\/uploads\/2017\/03\/mindal-180x180.png 180w, https:\/\/seacare.com\/wp-content\/uploads\/2017\/03\/mindal-300x300.png 300w\" sizes=\"(max-width: 500px) 100vw, 500px\" \/>                \n            <\/div>\n                   \n<style scope=\"scope\">\n\n<\/style>\n    <\/div>\n    \n<\/div><\/div>\n<div class=\"col medium-9 small-12 large-9\"  ><div class=\"col-inner\"  >\n<h4>Olejek migda\u0142owy<\/h4>\n<p>Korzystaj\u0105c z naturalnych produkt\u00f3w kosmetycznych ze s\u0142odkim ekstraktem z oleju migda\u0142owego podczas codziennej piel\u0119gnacji, twoje w\u0142osy stan\u0105 si\u0119 b\u0142yszcz\u0105ce, silne i zdrowe.  <a href=\"\/pl\/olejek-migdalowy\/\"> Szczeg\u00f3\u0142owy&#8230;<\/a><\/p>\n<\/div><\/div>\n<\/div>\n<\/div><\/div>\n<div class=\"col medium-6 small-12 large-6\"  ><div class=\"col-inner\"  >\n<div class=\"row\"  id=\"row-650864087\">\n<div class=\"col medium-3 small-12 large-3\"  ><div class=\"col-inner\"  >\n    <div class=\"img has-hover x md-x lg-x y md-y lg-y\" id=\"image_14298794\">\n                <div class=\"img-inner dark\" >\n        <img loading=\"lazy\" decoding=\"async\" width=\"500\" height=\"500\" src=\"https:\/\/seacare.com\/wp-content\/uploads\/2021\/05\/Dermosoft\u00ae-GMCY.png\" class=\"attachment-large size-large\" alt=\"\" srcset=\"https:\/\/seacare.com\/wp-content\/uploads\/2021\/05\/Dermosoft\u00ae-GMCY.png 500w, https:\/\/seacare.com\/wp-content\/uploads\/2021\/05\/Dermosoft\u00ae-GMCY-247x247.png 247w, https:\/\/seacare.com\/wp-content\/uploads\/2021\/05\/Dermosoft\u00ae-GMCY-400x400.png 400w, https:\/\/seacare.com\/wp-content\/uploads\/2021\/05\/Dermosoft\u00ae-GMCY-180x180.png 180w\" sizes=\"(max-width: 500px) 100vw, 500px\" \/>                \n            <\/div>\n                   \n<style scope=\"scope\">\n\n<\/style>\n    <\/div>\n    \n<\/div><\/div>\n<div class=\"col medium-9 small-12 large-9\"  ><div class=\"col-inner\"  >\n<h4>Dermosoft\u00ae GMCY<\/h4>\n<p>Dermosoft\u00ae GMCY ma w\u0142a\u015bciwo\u015bci nawil\u017caj\u0105ce i przywracaj\u0105ce. Promuje popraw\u0119 i utrzymanie wilgotno\u015bci i r\u00f3wnowagi sk\u00f3ry. Ponadto ze wzgl\u0119du na siln\u0105 aktywno\u015b\u0107 przeciwko <a href=\"\/pl\/dermosoft-gmcy\/\">Szczeg\u00f3\u0142owy&#8230;<\/a><\/p>\n<\/div><\/div>\n<\/div>\n<\/div><\/div>\n<\/div>\n<h3>Inne produkty w linii<\/h3>\n\n  \n    <div class=\"row large-columns-4 medium-columns- small-columns-2 row-small slider row-slider slider-nav-reveal slider-nav-push\"  data-flickity-options='{\"imagesLoaded\": true, \"groupCells\": \"100%\", \"dragThreshold\" : 5, \"cellAlign\": \"left\",\"wrapAround\": true,\"prevNextButtons\": true,\"percentPosition\": true,\"pageDots\": false, \"rightToLeft\": false, \"autoPlay\" : false}'>\n\n  \t<\/div>\n<h3>Podobne produkty w innych liniach<\/h3>\n\n  \n    <div class=\"row large-columns-4 medium-columns- small-columns-2 row-small slider row-slider slider-nav-reveal slider-nav-push\"  data-flickity-options='{\"imagesLoaded\": true, \"groupCells\": \"100%\", \"dragThreshold\" : 5, \"cellAlign\": \"left\",\"wrapAround\": true,\"prevNextButtons\": true,\"percentPosition\": true,\"pageDots\": false, \"rightToLeft\": false, \"autoPlay\" : false}'>\n\n  \t\n\t            \t\t\t\t\t\n<div class=\"product-small col has-hover post-40568 product type-product status-publish has-post-thumbnail product_cat-kosmetyki-do-ciala product_cat-kosmetyki-meskie product_cat-peelingi product_tag-gladka-skora product_tag-glebokie-oczyszczanie product_tag-piekna-skora first instock shipping-taxable purchasable product-type-simple\">\n\t<div class=\"col-inner\">\t\n\t\n<div class=\"badge-container absolute left top z-1\">\n<\/div>\t<div class=\"product-small box \">\n\t\t<div class=\"box-image\">\n\t\t\t<div class=\"image-none\">\n\t\t\t\t<a href=\"https:\/\/seacare.com\/pl\/produkt\/meski-peeling-do-stop-150-ml-seacare\/\">\n\t\t\t\t\t<img loading=\"lazy\" decoding=\"async\" width=\"247\" height=\"300\" src=\"https:\/\/seacare.com\/wp-content\/uploads\/2021\/01\/Foot-Scrub-Men-SC-1-copy-247x300.jpg\" class=\"attachment-shop_catalog size-shop_catalog wp-post-image\" alt=\"Foot Scrub Men SC\" title=\"Foot Scrub Men SC\" \/>\t\t\t\t<\/a>\n\t\t\t<\/div>\n\t\t\t<div class=\"image-tools is-small top right show-on-hover\">\n\t\t\t\t\t\t\t<\/div>\n\t\t\t<div class=\"image-tools is-small hide-for-small bottom left show-on-hover\">\n\t\t\t\t\t\t\t<\/div>\n\t\t\t<div class=\"image-tools grid-tools text-center hide-for-small bottom hover-slide-in show-on-hover\">\n\t\t\t\t  <a class=\"quick-view\" data-prod=\"40568\" href=\"#quick-view\">Quick View<\/a>\t\t\t<\/div>\n\t\t\t\t\t<\/div><!-- box-image -->\n\n\t\t<div class=\"box-text box-text-products\">\n\t\t\t<div class=\"title-wrapper\">  <p class=\"category uppercase is-smaller no-text-overflow product-cat op-7\">\n        Kosmetyki do cia\u0142a   <\/p> <p class=\"name product-title\"><a href=\"https:\/\/seacare.com\/pl\/produkt\/meski-peeling-do-stop-150-ml-seacare\/\">M\u0119ski peeling do st\u00f3p, 150 ml, SeaCare<\/a><\/p><\/div><div class=\"price-wrapper\">\n\t<span class=\"price\"><span class=\"woocommerce-Price-amount amount\"><span class=\"woocommerce-Price-currencySymbol\">&#36;<\/span>&nbsp;33.90<\/span><\/span>\n<\/div>\t\t<\/div><!-- box-text -->\n\t<\/div><!-- box -->\n\t\t<\/div><!-- .col-inner -->\n<\/div><!-- col -->\t            \t\t\t\t\t\n<div class=\"product-small col has-hover post-40562 product type-product status-publish has-post-thumbnail product_cat-kosmetyki-do-ciala product_cat-kosmetyki-meskie product_cat-kremy-do-rak-i-stop product_tag-gladka-skora product_tag-piekna-skora  instock shipping-taxable purchasable product-type-simple\">\n\t<div class=\"col-inner\">\t\n\t\n<div class=\"badge-container absolute left top z-1\">\n<\/div>\t<div class=\"product-small box \">\n\t\t<div class=\"box-image\">\n\t\t\t<div class=\"image-none\">\n\t\t\t\t<a href=\"https:\/\/seacare.com\/pl\/produkt\/meski-krem-do-stop-150-ml-seacare\/\">\n\t\t\t\t\t<img loading=\"lazy\" decoding=\"async\" width=\"247\" height=\"300\" src=\"https:\/\/seacare.com\/wp-content\/uploads\/2021\/01\/Foot-Cream-Men-SC-1-copy-247x300.jpg\" class=\"attachment-shop_catalog size-shop_catalog wp-post-image\" alt=\"Foot Cream Men SC\" title=\"Foot Cream Men SC\" \/>\t\t\t\t<\/a>\n\t\t\t<\/div>\n\t\t\t<div class=\"image-tools is-small top right show-on-hover\">\n\t\t\t\t\t\t\t<\/div>\n\t\t\t<div class=\"image-tools is-small hide-for-small bottom left show-on-hover\">\n\t\t\t\t\t\t\t<\/div>\n\t\t\t<div class=\"image-tools grid-tools text-center hide-for-small bottom hover-slide-in show-on-hover\">\n\t\t\t\t  <a class=\"quick-view\" data-prod=\"40562\" href=\"#quick-view\">Quick View<\/a>\t\t\t<\/div>\n\t\t\t\t\t<\/div><!-- box-image -->\n\n\t\t<div class=\"box-text box-text-products\">\n\t\t\t<div class=\"title-wrapper\">  <p class=\"category uppercase is-smaller no-text-overflow product-cat op-7\">\n        Kosmetyki do cia\u0142a   <\/p> <p class=\"name product-title\"><a href=\"https:\/\/seacare.com\/pl\/produkt\/meski-krem-do-stop-150-ml-seacare\/\">M\u0119ski krem do st\u00f3p, 150 ml, SeaCare<\/a><\/p><\/div><div class=\"price-wrapper\">\n\t<span class=\"price\"><span class=\"woocommerce-Price-amount amount\"><span class=\"woocommerce-Price-currencySymbol\">&#36;<\/span>&nbsp;28.90<\/span><\/span>\n<\/div>\t\t<\/div><!-- box-text -->\n\t<\/div><!-- box -->\n\t\t<\/div><!-- .col-inner -->\n<\/div><!-- col -->\t            \t\t\t\t\t\n<div class=\"product-small col has-hover post-40403 product type-product status-publish has-post-thumbnail product_cat-kosmetyki-do-ciala product_cat-kosmetyki-organiczne product_cat-kremy-do-rak-i-stop product_cat-organiczna-linia-spa product_tag-gladka-skora product_tag-piekna-skora  instock shipping-taxable purchasable product-type-simple\">\n\t<div class=\"col-inner\">\t\n\t\n<div class=\"badge-container absolute left top z-1\">\n<\/div>\t<div class=\"product-small box \">\n\t\t<div class=\"box-image\">\n\t\t\t<div class=\"image-none\">\n\t\t\t\t<a href=\"https:\/\/seacare.com\/pl\/produkt\/organiczny-krem-do-stop-150-ml-seacare\/\">\n\t\t\t\t\t<img loading=\"lazy\" decoding=\"async\" width=\"247\" height=\"300\" src=\"https:\/\/seacare.com\/wp-content\/uploads\/2020\/06\/Organic-Care-Foot-Cream-SC-1-copy-247x300.jpg\" class=\"attachment-shop_catalog size-shop_catalog wp-post-image\" alt=\"Organic Care Foot Cream SC\" title=\"Organic Care Foot Cream SC\" \/>\t\t\t\t<\/a>\n\t\t\t<\/div>\n\t\t\t<div class=\"image-tools is-small top right show-on-hover\">\n\t\t\t\t\t\t\t<\/div>\n\t\t\t<div class=\"image-tools is-small hide-for-small bottom left show-on-hover\">\n\t\t\t\t\t\t\t<\/div>\n\t\t\t<div class=\"image-tools grid-tools text-center hide-for-small bottom hover-slide-in show-on-hover\">\n\t\t\t\t  <a class=\"quick-view\" data-prod=\"40403\" href=\"#quick-view\">Quick View<\/a>\t\t\t<\/div>\n\t\t\t\t\t<\/div><!-- box-image -->\n\n\t\t<div class=\"box-text box-text-products\">\n\t\t\t<div class=\"title-wrapper\">  <p class=\"category uppercase is-smaller no-text-overflow product-cat op-7\">\n        Kosmetyki do cia\u0142a   <\/p> <p class=\"name product-title\"><a href=\"https:\/\/seacare.com\/pl\/produkt\/organiczny-krem-do-stop-150-ml-seacare\/\">Organiczny krem do st\u00f3p, 150 ml, SeaCare<\/a><\/p><\/div><div class=\"price-wrapper\">\n\t<span class=\"price\"><span class=\"woocommerce-Price-amount amount\"><span class=\"woocommerce-Price-currencySymbol\">&#36;<\/span>&nbsp;36.90<\/span><\/span>\n<\/div>\t\t<\/div><!-- box-text -->\n\t<\/div><!-- box -->\n\t\t<\/div><!-- .col-inner -->\n<\/div><!-- col -->\t            \t\t\t\t\t\n<div class=\"product-small col has-hover post-40465 product type-product status-publish has-post-thumbnail product_cat-kosmetyki-do-ciala product_cat-kosmetyki-meskie product_cat-kremy-do-rak-i-stop product_tag-dla-mezczyzn product_tag-gladka-skora product_tag-piekna-skora last instock shipping-taxable purchasable product-type-simple\">\n\t<div class=\"col-inner\">\t\n\t\n<div class=\"badge-container absolute left top z-1\">\n<\/div>\t<div class=\"product-small box \">\n\t\t<div class=\"box-image\">\n\t\t\t<div class=\"image-none\">\n\t\t\t\t<a href=\"https:\/\/seacare.com\/pl\/produkt\/meski-krem-do-rak-150-ml-seacare\/\">\n\t\t\t\t\t<img loading=\"lazy\" decoding=\"async\" width=\"247\" height=\"300\" src=\"https:\/\/seacare.com\/wp-content\/uploads\/2020\/07\/Hand-Cream-Men-SC-1-copy-247x300.jpg\" class=\"attachment-shop_catalog size-shop_catalog wp-post-image\" alt=\"Hand Cream Men SC\" title=\"Hand Cream Men SC\" \/>\t\t\t\t<\/a>\n\t\t\t<\/div>\n\t\t\t<div class=\"image-tools is-small top right show-on-hover\">\n\t\t\t\t\t\t\t<\/div>\n\t\t\t<div class=\"image-tools is-small hide-for-small bottom left show-on-hover\">\n\t\t\t\t\t\t\t<\/div>\n\t\t\t<div class=\"image-tools grid-tools text-center hide-for-small bottom hover-slide-in show-on-hover\">\n\t\t\t\t  <a class=\"quick-view\" data-prod=\"40465\" href=\"#quick-view\">Quick View<\/a>\t\t\t<\/div>\n\t\t\t\t\t<\/div><!-- box-image -->\n\n\t\t<div class=\"box-text box-text-products\">\n\t\t\t<div class=\"title-wrapper\">  <p class=\"category uppercase is-smaller no-text-overflow product-cat op-7\">\n        Kosmetyki do cia\u0142a   <\/p> <p class=\"name product-title\"><a href=\"https:\/\/seacare.com\/pl\/produkt\/meski-krem-do-rak-150-ml-seacare\/\">M\u0119ski krem do r\u0105k, 150 ml, SeaCare<\/a><\/p><\/div><div class=\"price-wrapper\">\n\t<span class=\"price\"><span class=\"woocommerce-Price-amount amount\"><span class=\"woocommerce-Price-currencySymbol\">&#36;<\/span>&nbsp;28.90<\/span><\/span>\n<\/div>\t\t<\/div><!-- box-text -->\n\t<\/div><!-- box -->\n\t\t<\/div><!-- .col-inner -->\n<\/div><!-- col -->\t            \t\t\t\t\t\n<div class=\"product-small col has-hover post-40397 product type-product status-publish has-post-thumbnail product_cat-kosmetyki-do-ciala product_cat-kosmetyki-organiczne product_cat-kremy-do-rak-i-stop product_cat-organiczna-linia-spa product_tag-gladka-skora product_tag-piekna-skora first instock shipping-taxable purchasable product-type-simple\">\n\t<div class=\"col-inner\">\t\n\t\n<div class=\"badge-container absolute left top z-1\">\n<\/div>\t<div class=\"product-small box \">\n\t\t<div class=\"box-image\">\n\t\t\t<div class=\"image-none\">\n\t\t\t\t<a href=\"https:\/\/seacare.com\/pl\/produkt\/organiczny-krem-do-rak-150-ml-seacare\/\">\n\t\t\t\t\t<img loading=\"lazy\" decoding=\"async\" width=\"247\" height=\"300\" src=\"https:\/\/seacare.com\/wp-content\/uploads\/2020\/06\/Organic-Care-Hand-Cream-SC-1-copy-247x300.jpg\" class=\"attachment-shop_catalog size-shop_catalog wp-post-image\" alt=\"Organic Care Hand Cream \u041b\u0435\u0442\u0443\u0430\u043b\u044c\" title=\"Organic Care Hand Cream \u041b\u0435\u0442\u0443\u0430\u043b\u044c\" \/>\t\t\t\t<\/a>\n\t\t\t<\/div>\n\t\t\t<div class=\"image-tools is-small top right show-on-hover\">\n\t\t\t\t\t\t\t<\/div>\n\t\t\t<div class=\"image-tools is-small hide-for-small bottom left show-on-hover\">\n\t\t\t\t\t\t\t<\/div>\n\t\t\t<div class=\"image-tools grid-tools text-center hide-for-small bottom hover-slide-in show-on-hover\">\n\t\t\t\t  <a class=\"quick-view\" data-prod=\"40397\" href=\"#quick-view\">Quick View<\/a>\t\t\t<\/div>\n\t\t\t\t\t<\/div><!-- box-image -->\n\n\t\t<div class=\"box-text box-text-products\">\n\t\t\t<div class=\"title-wrapper\">  <p class=\"category uppercase is-smaller no-text-overflow product-cat op-7\">\n        Kosmetyki do cia\u0142a   <\/p> <p class=\"name product-title\"><a href=\"https:\/\/seacare.com\/pl\/produkt\/organiczny-krem-do-rak-150-ml-seacare\/\">Organiczny krem do r\u0105k, 150 ml, SeaCare<\/a><\/p><\/div><div class=\"price-wrapper\">\n\t<span class=\"price\"><span class=\"woocommerce-Price-amount amount\"><span class=\"woocommerce-Price-currencySymbol\">&#36;<\/span>&nbsp;36.90<\/span><\/span>\n<\/div>\t\t<\/div><!-- box-text -->\n\t<\/div><!-- box -->\n\t\t<\/div><!-- .col-inner -->\n<\/div><!-- col -->\t            \t\t\t\t\t\n<div class=\"product-small col has-hover post-40541 product type-product status-publish has-post-thumbnail product_cat-kosmetyki-do-ciala product_cat-kosmetyki-meskie product_cat-peelingi product_tag-dla-mezczyzn product_tag-gladka-skora product_tag-glebokie-oczyszczanie product_tag-piekna-skora  instock shipping-taxable purchasable product-type-simple\">\n\t<div class=\"col-inner\">\t\n\t\n<div class=\"badge-container absolute left top z-1\">\n<\/div>\t<div class=\"product-small box \">\n\t\t<div class=\"box-image\">\n\t\t\t<div class=\"image-none\">\n\t\t\t\t<a href=\"https:\/\/seacare.com\/pl\/produkt\/peeling-do-ciala-dla-mezczyzn-420-g-seacare\/\">\n\t\t\t\t\t<img loading=\"lazy\" decoding=\"async\" width=\"247\" height=\"300\" src=\"https:\/\/seacare.com\/wp-content\/uploads\/2021\/01\/Body-Scrub-Men-SC-1-copy-247x300.jpg\" class=\"attachment-shop_catalog size-shop_catalog wp-post-image\" alt=\"Body Scrub Men SC\" title=\"Body Scrub Men SC\" \/>\t\t\t\t<\/a>\n\t\t\t<\/div>\n\t\t\t<div class=\"image-tools is-small top right show-on-hover\">\n\t\t\t\t\t\t\t<\/div>\n\t\t\t<div class=\"image-tools is-small hide-for-small bottom left show-on-hover\">\n\t\t\t\t\t\t\t<\/div>\n\t\t\t<div class=\"image-tools grid-tools text-center hide-for-small bottom hover-slide-in show-on-hover\">\n\t\t\t\t  <a class=\"quick-view\" data-prod=\"40541\" href=\"#quick-view\">Quick View<\/a>\t\t\t<\/div>\n\t\t\t\t\t<\/div><!-- box-image -->\n\n\t\t<div class=\"box-text box-text-products\">\n\t\t\t<div class=\"title-wrapper\">  <p class=\"category uppercase is-smaller no-text-overflow product-cat op-7\">\n        Kosmetyki do cia\u0142a   <\/p> <p class=\"name product-title\"><a href=\"https:\/\/seacare.com\/pl\/produkt\/peeling-do-ciala-dla-mezczyzn-420-g-seacare\/\">Peeling do cia\u0142a dla m\u0119\u017cczyzn, 420 g, SeaCare<\/a><\/p><\/div><div class=\"price-wrapper\">\n\t<span class=\"price\"><span class=\"woocommerce-Price-amount amount\"><span class=\"woocommerce-Price-currencySymbol\">&#36;<\/span>&nbsp;42.90<\/span><\/span>\n<\/div>\t\t<\/div><!-- box-text -->\n\t<\/div><!-- box -->\n\t\t<\/div><!-- .col-inner -->\n<\/div><!-- col -->\t            \t\t\t\t\t\n<div class=\"product-small col has-hover post-40391 product type-product status-publish has-post-thumbnail product_cat-kosmetyki-do-ciala product_cat-kosmetyki-organiczne product_cat-organiczna-linia-spa product_cat-peelingi product_tag-gladka-skora product_tag-glebokie-oczyszczanie product_tag-piekna-skora  instock shipping-taxable purchasable product-type-simple\">\n\t<div class=\"col-inner\">\t\n\t\n<div class=\"badge-container absolute left top z-1\">\n<\/div>\t<div class=\"product-small box \">\n\t\t<div class=\"box-image\">\n\t\t\t<div class=\"image-none\">\n\t\t\t\t<a href=\"https:\/\/seacare.com\/pl\/produkt\/organiczny-peeling-do-ciala-250-ml-seacare\/\">\n\t\t\t\t\t<img loading=\"lazy\" decoding=\"async\" width=\"247\" height=\"300\" src=\"https:\/\/seacare.com\/wp-content\/uploads\/2020\/06\/Organic-Care-Body-Scrub-SC-1-copy-247x300.jpg\" class=\"attachment-shop_catalog size-shop_catalog wp-post-image\" alt=\"Organic Care Body Scrub \u041b\u0435\u0442\u0443\u0430\u043b\u044c\" title=\"Organic Care Body Scrub \u041b\u0435\u0442\u0443\u0430\u043b\u044c\" \/>\t\t\t\t<\/a>\n\t\t\t<\/div>\n\t\t\t<div class=\"image-tools is-small top right show-on-hover\">\n\t\t\t\t\t\t\t<\/div>\n\t\t\t<div class=\"image-tools is-small hide-for-small bottom left show-on-hover\">\n\t\t\t\t\t\t\t<\/div>\n\t\t\t<div class=\"image-tools grid-tools text-center hide-for-small bottom hover-slide-in show-on-hover\">\n\t\t\t\t  <a class=\"quick-view\" data-prod=\"40391\" href=\"#quick-view\">Quick View<\/a>\t\t\t<\/div>\n\t\t\t\t\t<\/div><!-- box-image -->\n\n\t\t<div class=\"box-text box-text-products\">\n\t\t\t<div class=\"title-wrapper\">  <p class=\"category uppercase is-smaller no-text-overflow product-cat op-7\">\n        Kosmetyki do cia\u0142a   <\/p> <p class=\"name product-title\"><a href=\"https:\/\/seacare.com\/pl\/produkt\/organiczny-peeling-do-ciala-250-ml-seacare\/\">Organiczny peeling do cia\u0142a, 250 ml, SeaCare<\/a><\/p><\/div><div class=\"price-wrapper\">\n\t<span class=\"price\"><span class=\"woocommerce-Price-amount amount\"><span class=\"woocommerce-Price-currencySymbol\">&#36;<\/span>&nbsp;56.90<\/span><\/span>\n<\/div>\t\t<\/div><!-- box-text -->\n\t<\/div><!-- box -->\n\t\t<\/div><!-- .col-inner -->\n<\/div><!-- col -->\t            \t\t\t\t\t\n<div class=\"product-small col has-hover post-40477 product type-product status-publish has-post-thumbnail product_cat-kosmetyki-do-twarzy product_cat-kosmetyki-meskie product_cat-peelingi product_tag-dla-mezczyzn product_tag-glebokie-oczyszczanie last instock shipping-taxable purchasable product-type-simple\">\n\t<div class=\"col-inner\">\t\n\t\n<div class=\"badge-container absolute left top z-1\">\n<\/div>\t<div class=\"product-small box \">\n\t\t<div class=\"box-image\">\n\t\t\t<div class=\"image-none\">\n\t\t\t\t<a href=\"https:\/\/seacare.com\/pl\/produkt\/oczyszczajacy-peeling-do-twarzy-dla-mezczyzn-150-ml-seacare\/\">\n\t\t\t\t\t<img loading=\"lazy\" decoding=\"async\" width=\"247\" height=\"300\" src=\"https:\/\/seacare.com\/wp-content\/uploads\/2020\/07\/Facial-Cleansing-Scrub-Men-SC-1-copy-247x300.jpg\" class=\"attachment-shop_catalog size-shop_catalog wp-post-image\" alt=\"Facial Cleansing Scrub Men SC\" title=\"Facial Cleansing Scrub Men SC\" \/>\t\t\t\t<\/a>\n\t\t\t<\/div>\n\t\t\t<div class=\"image-tools is-small top right show-on-hover\">\n\t\t\t\t\t\t\t<\/div>\n\t\t\t<div class=\"image-tools is-small hide-for-small bottom left show-on-hover\">\n\t\t\t\t\t\t\t<\/div>\n\t\t\t<div class=\"image-tools grid-tools text-center hide-for-small bottom hover-slide-in show-on-hover\">\n\t\t\t\t  <a class=\"quick-view\" data-prod=\"40477\" href=\"#quick-view\">Quick View<\/a>\t\t\t<\/div>\n\t\t\t\t\t<\/div><!-- box-image -->\n\n\t\t<div class=\"box-text box-text-products\">\n\t\t\t<div class=\"title-wrapper\">  <p class=\"category uppercase is-smaller no-text-overflow product-cat op-7\">\n        Kosmetyki do twarzy   <\/p> <p class=\"name product-title\"><a href=\"https:\/\/seacare.com\/pl\/produkt\/oczyszczajacy-peeling-do-twarzy-dla-mezczyzn-150-ml-seacare\/\">Oczyszczaj\u0105cy peeling do twarzy dla m\u0119\u017cczyzn, 150 ml, SeaCare<\/a><\/p><\/div><div class=\"price-wrapper\">\n\t<span class=\"price\"><span class=\"woocommerce-Price-amount amount\"><span class=\"woocommerce-Price-currencySymbol\">&#36;<\/span>&nbsp;30.90<\/span><\/span>\n<\/div>\t\t<\/div><!-- box-text -->\n\t<\/div><!-- box -->\n\t\t<\/div><!-- .col-inner -->\n<\/div><!-- col -->\t            \n\t        <\/div>\n","protected":false},"excerpt":{"rendered":"<p>do suchej, szorstkiej lub pop\u0119kanej sk\u00f3ry<br \/>\n150 ml &#8211; 5.07 fl.oz.<\/p>\n","protected":false},"featured_media":40326,"comment_status":"open","ping_status":"closed","template":"","meta":[],"_links":{"self":[{"href":"https:\/\/seacare.com\/pl\/wp-json\/wp\/v2\/product\/40325"}],"collection":[{"href":"https:\/\/seacare.com\/pl\/wp-json\/wp\/v2\/product"}],"about":[{"href":"https:\/\/seacare.com\/pl\/wp-json\/wp\/v2\/types\/product"}],"replies":[{"embeddable":true,"href":"https:\/\/seacare.com\/pl\/wp-json\/wp\/v2\/comments?post=40325"}],"wp:featuredmedia":[{"embeddable":true,"href":"https:\/\/seacare.com\/pl\/wp-json\/wp\/v2\/media\/40326"}],"wp:attachment":[{"href":"https:\/\/seacare.com\/pl\/wp-json\/wp\/v2\/media?parent=40325"}],"curies":[{"name":"wp","href":"https:\/\/api.w.org\/{rel}","templated":true}]}}