{"id":40561,"date":"2021-01-13T17:02:28","date_gmt":"2021-06-02T14:36:55","guid":{"rendered":"https:\/\/seacare.com\/ru\/?post_type=product&#038;p=40561"},"modified":"2021-06-03T14:02:48","modified_gmt":"2021-06-03T11:02:48","slug":"sol-do-kapieli-dla-mezczyzn-z-morza-martwego-300-g-seacare","status":"publish","type":"product","link":"https:\/\/seacare.com\/pl\/produkt\/sol-do-kapieli-dla-mezczyzn-z-morza-martwego-300-g-seacare\/","title":{"rendered":"S\u00f3l do k\u0105pieli dla m\u0119\u017cczyzn z Morza Martwego, 300 g, SeaCare"},"content":{"rendered":"<p>SeaCare S\u00f3l do k\u0105pieli dla m\u0119\u017cczyzn z Morza Martwego to mieszanka naturalnych soli z Morza Martwego, zawieraj\u0105ca wysokie st\u0119\u017cenie minera\u0142\u00f3w. Ma doskona\u0142y koj\u0105cy zapach dla m\u0119\u017cczyzn. Naturalna lecznicza formu\u0142a soli zosta\u0142a wzbogacona minera\u0142ami z Morza Martwego i stworzona zgodnie ze standardami Izraelskiego Stowarzyszenia Producent\u00f3w Kosmetyk\u00f3w. Przywraca spok\u00f3j i cisz\u0119 w g\u0142owie i ciele. S\u00f3l do k\u0105pieli rewitalizuje sk\u00f3r\u0119, pozostawiaj\u0105c lekk\u0105, t\u0142ust\u0105 pow\u0142ok\u0119, kt\u00f3ra chroni sk\u00f3r\u0119 przed utrat\u0105 wilgoci, a jednocze\u015bnie dzia\u0142a koj\u0105co i przywraca sk\u00f3rze naturaln\u0105 elastyczno\u015b\u0107. S\u00f3l do k\u0105pieli dla m\u0119\u017cczyzn z Morza Martwego SeaCare zapewni Ci niesamowit\u0105, relaksuj\u0105c\u0105 k\u0105piel antystresow\u0105!<\/p>\n<p><strong>Spos\u00f3b u\u017cycia:<\/strong> Rozpu\u015b\u0107 s\u00f3l w k\u0105pieli z ciep\u0142\u0105 wod\u0105, odpocznij w wannie przez 15-20 minut.<\/p>\n<h3>Kluczowe sk\u0142adniki<\/h3>\n<hr \/>\n<div class=\"row\"  id=\"row-435398834\">\n<div class=\"col medium-6 small-12 large-6\"  ><div class=\"col-inner\"  >\n<div class=\"row\"  id=\"row-1474031499\">\n<div class=\"col medium-3 small-12 large-3\"  ><div class=\"col-inner\"  >\n    <div class=\"img has-hover x md-x lg-x y md-y lg-y\" id=\"image_510231632\">\n                <div class=\"img-inner dark\" >\n        <img loading=\"lazy\" decoding=\"async\" width=\"500\" height=\"500\" src=\"https:\/\/seacare.com\/wp-content\/uploads\/2020\/07\/minerals-1.png\" class=\"attachment-large size-large\" alt=\"\" srcset=\"https:\/\/seacare.com\/wp-content\/uploads\/2020\/07\/minerals-1.png 500w, https:\/\/seacare.com\/wp-content\/uploads\/2020\/07\/minerals-1-247x247.png 247w, https:\/\/seacare.com\/wp-content\/uploads\/2020\/07\/minerals-1-400x400.png 400w, https:\/\/seacare.com\/wp-content\/uploads\/2020\/07\/minerals-1-180x180.png 180w\" sizes=\"(max-width: 500px) 100vw, 500px\" \/>                \n            <\/div>\n                   \n<style scope=\"scope\">\n\n<\/style>\n    <\/div>\n    \n<\/div><\/div>\n<div class=\"col medium-9 small-12 large-9\"  ><div class=\"col-inner\"  >\n<h4>Minera\u0142y Morza Martwego<\/h4>\n<p>Morze Martwe zawiera ponad 20 minera\u0142\u00f3w, kt\u00f3re jak udowodnionono, poprawiaj\u0105 widok sk\u00f3ry i zachowuj\u0105 j\u0105 zdrow\u0105 i m\u0142od\u0105. Nawet ro\u015bliny rosn\u0105ce wzd\u0142u\u017c brzeg\u00f3w Morza Martwego <a href=\"\/pl\/mineraly-morza-martwego\/\">Szczeg\u00f3\u0142owy&#8230;<\/a><\/p>\n<\/div><\/div>\n<\/div>\n<\/div><\/div>\n<div class=\"col medium-6 small-12 large-6\"  ><div class=\"col-inner\"  >\n<div class=\"row\"  id=\"row-162143745\">\n<div class=\"col medium-3 small-12 large-3\"  ><div class=\"col-inner\"  >\n    <div class=\"img has-hover x md-x lg-x y md-y lg-y\" id=\"image_362544068\">\n                <div class=\"img-inner dark\" >\n        <img loading=\"lazy\" decoding=\"async\" width=\"500\" height=\"500\" src=\"https:\/\/seacare.com\/wp-content\/uploads\/2020\/07\/\u0421\u043e\u043b\u044c-\u041c\u0435\u0440\u0442\u0432\u043e\u0433\u043e-\u043c\u043e\u0440\u044f-1.jpg\" class=\"attachment-large size-large\" alt=\"\" srcset=\"https:\/\/seacare.com\/wp-content\/uploads\/2020\/07\/\u0421\u043e\u043b\u044c-\u041c\u0435\u0440\u0442\u0432\u043e\u0433\u043e-\u043c\u043e\u0440\u044f-1.jpg 500w, https:\/\/seacare.com\/wp-content\/uploads\/2020\/07\/\u0421\u043e\u043b\u044c-\u041c\u0435\u0440\u0442\u0432\u043e\u0433\u043e-\u043c\u043e\u0440\u044f-1-247x247.jpg 247w, https:\/\/seacare.com\/wp-content\/uploads\/2020\/07\/\u0421\u043e\u043b\u044c-\u041c\u0435\u0440\u0442\u0432\u043e\u0433\u043e-\u043c\u043e\u0440\u044f-1-400x400.jpg 400w, https:\/\/seacare.com\/wp-content\/uploads\/2020\/07\/\u0421\u043e\u043b\u044c-\u041c\u0435\u0440\u0442\u0432\u043e\u0433\u043e-\u043c\u043e\u0440\u044f-1-180x180.jpg 180w\" sizes=\"(max-width: 500px) 100vw, 500px\" \/>                \n            <\/div>\n                   \n<style scope=\"scope\">\n\n<\/style>\n    <\/div>\n    \n<\/div><\/div>\n<div class=\"col medium-9 small-12 large-9\"  ><div class=\"col-inner\"  >\n<h4>S\u00f3l Morza Martwego<\/h4>\n<p>S\u00f3l Morza Martwego jest nasycona niezb\u0119dnymi minera\u0142ami, s\u00f3l Morza Martwego mo\u017ce by\u0107 dok\u0142adnie tym, czego potrzebujemy do naszego og\u00f3lnego zdrowia i dobrego samopoczucia. <a href=\"\/pl\/sol-morza-martwego\/\">Szczeg\u00f3\u0142owy&#8230;<\/a><\/p>\n<\/div><\/div>\n<\/div>\n<\/div><\/div>\n<\/div>\n<h3>Inne produkty w linii<\/h3>\n\n  \n    <div class=\"row large-columns-4 medium-columns- small-columns-2 row-small slider row-slider slider-nav-reveal slider-nav-push\"  data-flickity-options='{\"imagesLoaded\": true, \"groupCells\": \"100%\", \"dragThreshold\" : 5, \"cellAlign\": \"left\",\"wrapAround\": true,\"prevNextButtons\": true,\"percentPosition\": true,\"pageDots\": false, \"rightToLeft\": false, \"autoPlay\" : false}'>\n\n  \t<\/div>\n<h3>Podobne produkty w innych liniach<\/h3>\n\n  \n    <div class=\"row large-columns-4 medium-columns- small-columns-2 row-small slider row-slider slider-nav-reveal slider-nav-push\"  data-flickity-options='{\"imagesLoaded\": true, \"groupCells\": \"100%\", \"dragThreshold\" : 5, \"cellAlign\": \"left\",\"wrapAround\": true,\"prevNextButtons\": true,\"percentPosition\": true,\"pageDots\": false, \"rightToLeft\": false, \"autoPlay\" : false}'>\n\n  \t\n\t            \t\t\t\t\t\n<div class=\"product-small col has-hover post-40295 product type-product status-publish has-post-thumbnail product_cat-kosmetyki-do-ciala product_cat-kosmetyki-morza-martwego product_cat-linia-dead-sea-spa product_cat-sol-do-kapieli first instock shipping-taxable purchasable product-type-simple\">\n\t<div class=\"col-inner\">\t\n\t\n<div class=\"badge-container absolute left top z-1\">\n<\/div>\t<div class=\"product-small box \">\n\t\t<div class=\"box-image\">\n\t\t\t<div class=\"image-none\">\n\t\t\t\t<a href=\"https:\/\/seacare.com\/pl\/produkt\/sol-do-kapieli-z-morza-martwego-300-g-seacare\/\">\n\t\t\t\t\t<img loading=\"lazy\" decoding=\"async\" width=\"247\" height=\"300\" src=\"https:\/\/seacare.com\/wp-content\/uploads\/2017\/03\/1.-Bath_Salt_1-\u043a\u043e\u043f\u0438\u044f-247x300.jpg\" class=\"attachment-shop_catalog size-shop_catalog wp-post-image\" alt=\"1. Bath_Salt_1 \u043a\u043e\u043f\u0438\u044f\" title=\"1. Bath_Salt_1 \u043a\u043e\u043f\u0438\u044f\" \/>\t\t\t\t<\/a>\n\t\t\t<\/div>\n\t\t\t<div class=\"image-tools is-small top right show-on-hover\">\n\t\t\t\t\t\t\t<\/div>\n\t\t\t<div class=\"image-tools is-small hide-for-small bottom left show-on-hover\">\n\t\t\t\t\t\t\t<\/div>\n\t\t\t<div class=\"image-tools grid-tools text-center hide-for-small bottom hover-slide-in show-on-hover\">\n\t\t\t\t  <a class=\"quick-view\" data-prod=\"40295\" href=\"#quick-view\">Quick View<\/a>\t\t\t<\/div>\n\t\t\t\t\t<\/div><!-- box-image -->\n\n\t\t<div class=\"box-text box-text-products\">\n\t\t\t<div class=\"title-wrapper\">  <p class=\"category uppercase is-smaller no-text-overflow product-cat op-7\">\n        Kosmetyki do cia\u0142a   <\/p> <p class=\"name product-title\"><a href=\"https:\/\/seacare.com\/pl\/produkt\/sol-do-kapieli-z-morza-martwego-300-g-seacare\/\">S\u00f3l do k\u0105pieli z Morza Martwego, 300 g, SeaCare<\/a><\/p><\/div><div class=\"price-wrapper\">\n\t<span class=\"price\"><span class=\"woocommerce-Price-amount amount\"><span class=\"woocommerce-Price-currencySymbol\">&#36;<\/span>&nbsp;36.90<\/span><\/span>\n<\/div>\t\t<\/div><!-- box-text -->\n\t<\/div><!-- box -->\n\t\t<\/div><!-- .col-inner -->\n<\/div><!-- col -->\t            \n\t        <\/div>\n","protected":false},"excerpt":{"rendered":"<p>do ka\u017cdego rodzaju sk\u00f3ry<br \/>\n300 g &#8211; 10.1 oz.<\/p>\n","protected":false},"featured_media":59383,"comment_status":"open","ping_status":"closed","template":"","meta":[],"_links":{"self":[{"href":"https:\/\/seacare.com\/pl\/wp-json\/wp\/v2\/product\/40561"}],"collection":[{"href":"https:\/\/seacare.com\/pl\/wp-json\/wp\/v2\/product"}],"about":[{"href":"https:\/\/seacare.com\/pl\/wp-json\/wp\/v2\/types\/product"}],"replies":[{"embeddable":true,"href":"https:\/\/seacare.com\/pl\/wp-json\/wp\/v2\/comments?post=40561"}],"wp:featuredmedia":[{"embeddable":true,"href":"https:\/\/seacare.com\/pl\/wp-json\/wp\/v2\/media\/59383"}],"wp:attachment":[{"href":"https:\/\/seacare.com\/pl\/wp-json\/wp\/v2\/media?parent=40561"}],"curies":[{"name":"wp","href":"https:\/\/api.w.org\/{rel}","templated":true}]}}