{"id":40574,"date":"2021-01-13T17:49:36","date_gmt":"2021-06-02T14:45:08","guid":{"rendered":"https:\/\/seacare.com\/ru\/?post_type=product&#038;p=40574"},"modified":"2021-06-03T14:02:22","modified_gmt":"2021-06-03T11:02:22","slug":"maska-blotna-do-twarzy-dla-mezczyzn-150-ml-seacare","status":"publish","type":"product","link":"https:\/\/seacare.com\/pl\/produkt\/maska-blotna-do-twarzy-dla-mezczyzn-150-ml-seacare\/","title":{"rendered":"Maska b\u0142otna do twarzy dla m\u0119\u017cczyzn, 150 ml, SeaCare"},"content":{"rendered":"<p>SeaCare Maska b\u0142otna do twarzy dla m\u0119\u017cczyzn wch\u0142ania nadmiar sebum i innych zb\u0119dnych substancji, pozostawiaj\u0105c czyst\u0105, zdrow\u0105 sk\u00f3r\u0119. Po wyschni\u0119ciu maska delikatnie wyci\u0105ga toksyny i zanieczyszczenia, kt\u00f3re mog\u0105 przyczynia\u0107 si\u0119 do zatykania por\u00f3w, co mo\u017ce prowadzi\u0107 do starzenia si\u0119 sk\u00f3ry. Ta kremowa, zmywalna maska zosta\u0142a wzbogacona minera\u0142ami z Morza Martwego i naturaln\u0105 glink\u0105 kaolinow\u0105, kt\u00f3ra wch\u0142ania sebum i nadmiar sebum. Maska na bazie B\u0142ota z Morza Martwego usuwa zanieczyszczenia i martwy nask\u00f3rek, wzbogaca sk\u00f3r\u0119 w minera\u0142y, wzmacnia i poprawia jej elastyczno\u015b\u0107. SeaCare Maska b\u0142otna do twarzy dla m\u0119\u017cczyzn ma na celu rewitalizacj\u0119 wygl\u0105du sk\u00f3ry. Maska to r\u00f3wnie\u017c \u015bwietny spos\u00f3b na pozbycie si\u0119 tr\u0105dziku. Aby uzyska\u0107 optymalne rezultaty, przed u\u017cyciem tej maski zaleca si\u0119 stosowanie \u017celu do mycia twarzy z b\u0142otem dla m\u0119\u017cczyzn SeaCare, a po zastosowaniu tej maski Kremu nawil\u017caj\u0105cego dla m\u0119\u017cczyzn SeaCare lub Kremu przeciwzmarszczkowego dla m\u0119\u017cczyzn na dzie\u0144 SeaCare.<\/p>\n<p><strong>Spos\u00f3b u\u017cycia:<\/strong> Nak\u0142adaj na oczyszczon\u0105 sk\u00f3r\u0119 twarzy, unikaj\u0105c kontaktu z oczami i szyj\u0105. Poczekaj, a\u017c ca\u0142kowicie wyschnie, sp\u0142ucz ciep\u0142\u0105 wod\u0105. Stosuj raz lub dwa razy w tygodniu. Aby uzyska\u0107 optymalne rezultaty, przed u\u017cyciem tej maski zaleca si\u0119 stosowanie \u017celu do mycia twarzy z b\u0142otem dla m\u0119\u017cczyzn SeaCare, a po zastosowaniu tej maski Kremu nawil\u017caj\u0105cego dla m\u0119\u017cczyzn SeaCare lub Kremu przeciwzmarszczkowego dla m\u0119\u017cczyzn na dzie\u0144 SeaCare.<\/p>\n<h3>Kluczowe sk\u0142adniki<\/h3>\n<hr \/>\n<div class=\"row\"  id=\"row-376404432\">\n<div class=\"col medium-6 small-12 large-6\"  ><div class=\"col-inner\"  >\n<div class=\"row\"  id=\"row-768212595\">\n<div class=\"col medium-3 small-12 large-3\"  ><div class=\"col-inner\"  >\n    <div class=\"img has-hover x md-x lg-x y md-y lg-y\" id=\"image_1417995074\">\n                <div class=\"img-inner dark\" >\n        <img loading=\"lazy\" decoding=\"async\" width=\"500\" height=\"500\" src=\"https:\/\/seacare.com\/wp-content\/uploads\/2017\/03\/minerals-1.png\" class=\"attachment-large size-large\" alt=\"\" srcset=\"https:\/\/seacare.com\/wp-content\/uploads\/2017\/03\/minerals-1.png 500w, https:\/\/seacare.com\/wp-content\/uploads\/2017\/03\/minerals-1-280x280.png 280w, https:\/\/seacare.com\/wp-content\/uploads\/2017\/03\/minerals-1-400x400.png 400w, https:\/\/seacare.com\/wp-content\/uploads\/2017\/03\/minerals-1-180x180.png 180w, https:\/\/seacare.com\/wp-content\/uploads\/2017\/03\/minerals-1-300x300.png 300w\" sizes=\"(max-width: 500px) 100vw, 500px\" \/>                \n            <\/div>\n                   \n<style scope=\"scope\">\n\n<\/style>\n    <\/div>\n    \n<\/div><\/div>\n<div class=\"col medium-9 small-12 large-9\"  ><div class=\"col-inner\"  >\n<h4>Minera\u0142y Morza Martwego<\/h4>\n<p>Morze Martwe zawiera ponad 20 minera\u0142\u00f3w, kt\u00f3re jak udowodnionono, poprawiaj\u0105 widok sk\u00f3ry i zachowuj\u0105 j\u0105 zdrow\u0105 i m\u0142od\u0105. Nawet ro\u015bliny rosn\u0105ce wzd\u0142u\u017c brzeg\u00f3w Morza Martwego <a href=\"\/pl\/mineraly-morza-martwego\/\">Szczeg\u00f3\u0142owy&#8230;<\/a><\/p>\n<\/div><\/div>\n<\/div>\n<\/div><\/div>\n<div class=\"col medium-6 small-12 large-6\"  ><div class=\"col-inner\"  >\n<div class=\"row\"  id=\"row-1251985151\">\n<div class=\"col medium-3 small-12 large-3\"  ><div class=\"col-inner\"  >\n    <div class=\"img has-hover x md-x lg-x y md-y lg-y\" id=\"image_474670321\">\n                <div class=\"img-inner dark\" >\n        <img loading=\"lazy\" decoding=\"async\" width=\"500\" height=\"500\" src=\"https:\/\/seacare.com\/wp-content\/uploads\/2020\/07\/\u0413\u0440\u044f\u0437\u044c.jpg\" class=\"attachment-large size-large\" alt=\"Dead Sea Mud\" srcset=\"https:\/\/seacare.com\/wp-content\/uploads\/2020\/07\/\u0413\u0440\u044f\u0437\u044c.jpg 500w, https:\/\/seacare.com\/wp-content\/uploads\/2020\/07\/\u0413\u0440\u044f\u0437\u044c-247x247.jpg 247w, https:\/\/seacare.com\/wp-content\/uploads\/2020\/07\/\u0413\u0440\u044f\u0437\u044c-400x400.jpg 400w, https:\/\/seacare.com\/wp-content\/uploads\/2020\/07\/\u0413\u0440\u044f\u0437\u044c-180x180.jpg 180w\" sizes=\"(max-width: 500px) 100vw, 500px\" \/>                \n            <\/div>\n                   \n<style scope=\"scope\">\n\n<\/style>\n    <\/div>\n    \n<\/div><\/div>\n<div class=\"col medium-9 small-12 large-9\"  ><div class=\"col-inner\"  >\n<h4>B\u0142oto z Morza Martwego<\/h4>\n<p>B\u0142oto z Morza Martwego jest stosowane do leczenia chor\u00f3b, takich jak \u0142uszczycy, zapalenie staw\u00f3w, tr\u0105dzik i przewlek\u0142y b\u00f3l plec\u00f3w. Wiele bada\u0144 potwierdza stwierdzenia, \u017ce b\u0142oto <a href=\"\/pl\/bloto-z-morza-martwego\/\"> Szczeg\u00f3\u0142owy&#8230;<\/a><\/p>\n<\/div><\/div>\n<\/div>\n<\/div><\/div>\n<div class=\"col medium-6 small-12 large-6\"  ><div class=\"col-inner\"  >\n<div class=\"row\"  id=\"row-1722176422\">\n<div class=\"col medium-3 small-12 large-3\"  ><div class=\"col-inner\"  >\n    <div class=\"img has-hover x md-x lg-x y md-y lg-y\" id=\"image_285626082\">\n                <div class=\"img-inner dark\" >\n        <img loading=\"lazy\" decoding=\"async\" width=\"500\" height=\"500\" src=\"https:\/\/seacare.com\/wp-content\/uploads\/2020\/07\/\u041a\u043e\u043b\u0438\u043d\u043e\u0432\u0430\u044f-\u0433\u043b\u0438\u043d\u0430.jpg\" class=\"attachment-large size-large\" alt=\"\" srcset=\"https:\/\/seacare.com\/wp-content\/uploads\/2020\/07\/\u041a\u043e\u043b\u0438\u043d\u043e\u0432\u0430\u044f-\u0433\u043b\u0438\u043d\u0430.jpg 500w, https:\/\/seacare.com\/wp-content\/uploads\/2020\/07\/\u041a\u043e\u043b\u0438\u043d\u043e\u0432\u0430\u044f-\u0433\u043b\u0438\u043d\u0430-247x247.jpg 247w, https:\/\/seacare.com\/wp-content\/uploads\/2020\/07\/\u041a\u043e\u043b\u0438\u043d\u043e\u0432\u0430\u044f-\u0433\u043b\u0438\u043d\u0430-400x400.jpg 400w, https:\/\/seacare.com\/wp-content\/uploads\/2020\/07\/\u041a\u043e\u043b\u0438\u043d\u043e\u0432\u0430\u044f-\u0433\u043b\u0438\u043d\u0430-180x180.jpg 180w\" sizes=\"(max-width: 500px) 100vw, 500px\" \/>                \n            <\/div>\n                   \n<style scope=\"scope\">\n\n<\/style>\n    <\/div>\n    \n<\/div><\/div>\n<div class=\"col medium-9 small-12 large-9\"  ><div class=\"col-inner\"  >\n<h4>Glinka kaolinowa<\/h4>\n<p>Glinka kaolinowa w kosmetykach jest \u0142agodn\u0105 glink\u0105. Glinka kaolinowa nie powoduje suszenia sk\u00f3ry i nie wch\u0142ania wilgo\u0107 lub naturalnego smaru sk\u00f3ry w por\u00f3wnaniu z glink\u0105 bentonitow\u0105 <a href=\"\/pl\/glinka-kaolinowa\/\">Szczeg\u00f3\u0142owy&#8230;<\/a><\/p>\n<\/div><\/div>\n<\/div>\n<\/div><\/div>\n<\/div>\n<h3>Inne produkty w linii<\/h3>\n\n  \n    <div class=\"row large-columns-4 medium-columns- small-columns-2 row-small slider row-slider slider-nav-reveal slider-nav-push\"  data-flickity-options='{\"imagesLoaded\": true, \"groupCells\": \"100%\", \"dragThreshold\" : 5, \"cellAlign\": \"left\",\"wrapAround\": true,\"prevNextButtons\": true,\"percentPosition\": true,\"pageDots\": false, \"rightToLeft\": false, \"autoPlay\" : false}'>\n\n  \t<\/div>\n<h3>Podobne produkty w innych liniach<\/h3>\n\n  \n    <div class=\"row large-columns-4 medium-columns- small-columns-2 row-small slider row-slider slider-nav-reveal slider-nav-push\"  data-flickity-options='{\"imagesLoaded\": true, \"groupCells\": \"100%\", \"dragThreshold\" : 5, \"cellAlign\": \"left\",\"wrapAround\": true,\"prevNextButtons\": true,\"percentPosition\": true,\"pageDots\": false, \"rightToLeft\": false, \"autoPlay\" : false}'>\n\n  \t\n\t            \t\t\t\t\t\n<div class=\"product-small col has-hover post-40331 product type-product status-publish has-post-thumbnail product_cat-kosmetyki-do-twarzy product_cat-kosmetyki-morza-martwego product_cat-linia-dead-sea-spa product_cat-maseczki product_tag-gladka-skora product_tag-glebokie-oczyszczanie product_tag-piekna-skora first instock shipping-taxable purchasable product-type-simple\">\n\t<div class=\"col-inner\">\t\n\t\n<div class=\"badge-container absolute left top z-1\">\n<\/div>\t<div class=\"product-small box \">\n\t\t<div class=\"box-image\">\n\t\t\t<div class=\"image-none\">\n\t\t\t\t<a href=\"https:\/\/seacare.com\/pl\/produkt\/maseczka-blotna-do-twarzy-150-ml-seacare\/\">\n\t\t\t\t\t<img loading=\"lazy\" decoding=\"async\" width=\"247\" height=\"300\" src=\"https:\/\/seacare.com\/wp-content\/uploads\/2017\/03\/1.-Facial-Mud-Mask-\u043a\u043e\u043f\u0438\u044f-247x300.jpg\" class=\"attachment-shop_catalog size-shop_catalog wp-post-image\" alt=\"1. Facial Mud Mask \u043a\u043e\u043f\u0438\u044f\" title=\"1. Facial Mud Mask \u043a\u043e\u043f\u0438\u044f\" \/>\t\t\t\t<\/a>\n\t\t\t<\/div>\n\t\t\t<div class=\"image-tools is-small top right show-on-hover\">\n\t\t\t\t\t\t\t<\/div>\n\t\t\t<div class=\"image-tools is-small hide-for-small bottom left show-on-hover\">\n\t\t\t\t\t\t\t<\/div>\n\t\t\t<div class=\"image-tools grid-tools text-center hide-for-small bottom hover-slide-in show-on-hover\">\n\t\t\t\t  <a class=\"quick-view\" data-prod=\"40331\" href=\"#quick-view\">Quick View<\/a>\t\t\t<\/div>\n\t\t\t\t\t<\/div><!-- box-image -->\n\n\t\t<div class=\"box-text box-text-products\">\n\t\t\t<div class=\"title-wrapper\">  <p class=\"category uppercase is-smaller no-text-overflow product-cat op-7\">\n        Kosmetyki do twarzy   <\/p> <p class=\"name product-title\"><a href=\"https:\/\/seacare.com\/pl\/produkt\/maseczka-blotna-do-twarzy-150-ml-seacare\/\">Maseczka b\u0142otna do twarzy, 150 ml, SeaCare<\/a><\/p><\/div><div class=\"price-wrapper\">\n\t<span class=\"price\"><span class=\"woocommerce-Price-amount amount\"><span class=\"woocommerce-Price-currencySymbol\">&#36;<\/span>&nbsp;30.90<\/span><\/span>\n<\/div>\t\t<\/div><!-- box-text -->\n\t<\/div><!-- box -->\n\t\t<\/div><!-- .col-inner -->\n<\/div><!-- col -->\t            \t\t\t\t\t\n<div class=\"product-small col has-hover post-40054 product type-product status-publish has-post-thumbnail product_cat-24k-gold-linia product_cat-kosmetyki-do-twarzy product_cat-kosmetyki-przeciwstarzeniowe product_cat-maseczki product_tag-mlodosc-skory-twarzy product_tag-odmladzanie product_tag-piekna-skora  instock shipping-taxable purchasable product-type-simple\">\n\t<div class=\"col-inner\">\t\n\t\n<div class=\"badge-container absolute left top z-1\">\n<\/div>\t<div class=\"product-small box \">\n\t\t<div class=\"box-image\">\n\t\t\t<div class=\"image-none\">\n\t\t\t\t<a href=\"https:\/\/seacare.com\/pl\/produkt\/przeciwzmarszczkowa-maseczka-ujedrniajaca-i-poprawiajaca-kondycje-skory-50-ml-seacare\/\">\n\t\t\t\t\t<img loading=\"lazy\" decoding=\"async\" width=\"247\" height=\"300\" src=\"https:\/\/seacare.com\/wp-content\/uploads\/2018\/10\/101-1-247x300.jpg\" class=\"attachment-shop_catalog size-shop_catalog wp-post-image\" alt=\"101\" title=\"101\" \/>\t\t\t\t<\/a>\n\t\t\t<\/div>\n\t\t\t<div class=\"image-tools is-small top right show-on-hover\">\n\t\t\t\t\t\t\t<\/div>\n\t\t\t<div class=\"image-tools is-small hide-for-small bottom left show-on-hover\">\n\t\t\t\t\t\t\t<\/div>\n\t\t\t<div class=\"image-tools grid-tools text-center hide-for-small bottom hover-slide-in show-on-hover\">\n\t\t\t\t  <a class=\"quick-view\" data-prod=\"40054\" href=\"#quick-view\">Quick View<\/a>\t\t\t<\/div>\n\t\t\t\t\t<\/div><!-- box-image -->\n\n\t\t<div class=\"box-text box-text-products\">\n\t\t\t<div class=\"title-wrapper\">  <p class=\"category uppercase is-smaller no-text-overflow product-cat op-7\">\n        24K Gold linia   <\/p> <p class=\"name product-title\"><a href=\"https:\/\/seacare.com\/pl\/produkt\/przeciwzmarszczkowa-maseczka-ujedrniajaca-i-poprawiajaca-kondycje-skory-50-ml-seacare\/\">Przeciwzmarszczkowa maseczka uj\u0119drniaj\u0105ca i poprawiaj\u0105ca kondycj\u0119 sk\u00f3ry, 50 ml, SeaCare<\/a><\/p><\/div><div class=\"price-wrapper\">\n\t<span class=\"price\"><span class=\"woocommerce-Price-amount amount\"><span class=\"woocommerce-Price-currencySymbol\">&#36;<\/span>&nbsp;64.90<\/span><\/span>\n<\/div>\t\t<\/div><!-- box-text -->\n\t<\/div><!-- box -->\n\t\t<\/div><!-- .col-inner -->\n<\/div><!-- col -->\t            \t\t\t\t\t\n<div class=\"product-small col has-hover post-40441 product type-product status-publish has-post-thumbnail product_cat-kosmetyczne-przeciwtradzikowe product_cat-kosmetyki-do-twarzy product_cat-linia-przeciwtradzikowa product_cat-maseczki  instock shipping-taxable purchasable product-type-simple\">\n\t<div class=\"col-inner\">\t\n\t\n<div class=\"badge-container absolute left top z-1\">\n<\/div>\t<div class=\"product-small box \">\n\t\t<div class=\"box-image\">\n\t\t\t<div class=\"image-none\">\n\t\t\t\t<a href=\"https:\/\/seacare.com\/pl\/produkt\/maseczka-przeciwtradzikowa-na-tradzik-i-zaskorniki-50-ml-seacare\/\">\n\t\t\t\t\t<img loading=\"lazy\" decoding=\"async\" width=\"247\" height=\"300\" src=\"https:\/\/seacare.com\/wp-content\/uploads\/2019\/11\/\u0414\u043b\u044f-SCFacial-Mask_Face-247x300.jpg\" class=\"attachment-shop_catalog size-shop_catalog wp-post-image\" alt=\"\u0414\u043b\u044f SCFacial Mask_Face\" title=\"\u0414\u043b\u044f SCFacial Mask_Face\" \/>\t\t\t\t<\/a>\n\t\t\t<\/div>\n\t\t\t<div class=\"image-tools is-small top right show-on-hover\">\n\t\t\t\t\t\t\t<\/div>\n\t\t\t<div class=\"image-tools is-small hide-for-small bottom left show-on-hover\">\n\t\t\t\t\t\t\t<\/div>\n\t\t\t<div class=\"image-tools grid-tools text-center hide-for-small bottom hover-slide-in show-on-hover\">\n\t\t\t\t  <a class=\"quick-view\" data-prod=\"40441\" href=\"#quick-view\">Quick View<\/a>\t\t\t<\/div>\n\t\t\t\t\t<\/div><!-- box-image -->\n\n\t\t<div class=\"box-text box-text-products\">\n\t\t\t<div class=\"title-wrapper\">  <p class=\"category uppercase is-smaller no-text-overflow product-cat op-7\">\n        Kosmetyczne przeciwtr\u0105dzikowe   <\/p> <p class=\"name product-title\"><a href=\"https:\/\/seacare.com\/pl\/produkt\/maseczka-przeciwtradzikowa-na-tradzik-i-zaskorniki-50-ml-seacare\/\">Maseczka przeciwtr\u0105dzikowa na tr\u0105dzik i zask\u00f3rniki 50 ml, SeaCare<\/a><\/p><\/div><div class=\"price-wrapper\">\n\t<span class=\"price\"><span class=\"woocommerce-Price-amount amount\"><span class=\"woocommerce-Price-currencySymbol\">&#36;<\/span>&nbsp;56.90<\/span><\/span>\n<\/div>\t\t<\/div><!-- box-text -->\n\t<\/div><!-- box -->\n\t\t<\/div><!-- .col-inner -->\n<\/div><!-- col -->\t            \t\t\t\t\t\n<div class=\"product-small col has-hover post-40253 product type-product status-publish has-post-thumbnail product_cat-kosmetyki-do-wlosow product_cat-kosmetyki-morza-martwego product_cat-linia-dead-sea-spa product_cat-maseczki product_tag-piekno-wlosow last instock shipping-taxable purchasable product-type-simple\">\n\t<div class=\"col-inner\">\t\n\t\n<div class=\"badge-container absolute left top z-1\">\n<\/div>\t<div class=\"product-small box \">\n\t\t<div class=\"box-image\">\n\t\t\t<div class=\"image-none\">\n\t\t\t\t<a href=\"https:\/\/seacare.com\/pl\/produkt\/maska-blotna-do-wlosow-250-ml-seacare\/\">\n\t\t\t\t\t<img loading=\"lazy\" decoding=\"async\" width=\"247\" height=\"300\" src=\"https:\/\/seacare.com\/wp-content\/uploads\/2017\/03\/1.Hair_Mud_Mask_1-\u043a\u043e\u043f\u0438\u044f-247x300.jpg\" class=\"attachment-shop_catalog size-shop_catalog wp-post-image\" alt=\"1.Hair_Mud_Mask_1 \u043a\u043e\u043f\u0438\u044f\" title=\"1.Hair_Mud_Mask_1 \u043a\u043e\u043f\u0438\u044f\" \/>\t\t\t\t<\/a>\n\t\t\t<\/div>\n\t\t\t<div class=\"image-tools is-small top right show-on-hover\">\n\t\t\t\t\t\t\t<\/div>\n\t\t\t<div class=\"image-tools is-small hide-for-small bottom left show-on-hover\">\n\t\t\t\t\t\t\t<\/div>\n\t\t\t<div class=\"image-tools grid-tools text-center hide-for-small bottom hover-slide-in show-on-hover\">\n\t\t\t\t  <a class=\"quick-view\" data-prod=\"40253\" href=\"#quick-view\">Quick View<\/a>\t\t\t<\/div>\n\t\t\t\t\t<\/div><!-- box-image -->\n\n\t\t<div class=\"box-text box-text-products\">\n\t\t\t<div class=\"title-wrapper\">  <p class=\"category uppercase is-smaller no-text-overflow product-cat op-7\">\n        Kosmetyki do w\u0142os\u00f3w   <\/p> <p class=\"name product-title\"><a href=\"https:\/\/seacare.com\/pl\/produkt\/maska-blotna-do-wlosow-250-ml-seacare\/\">Maska b\u0142otna do w\u0142os\u00f3w, 250 ml, SeaCare<\/a><\/p><\/div><div class=\"price-wrapper\">\n\t<span class=\"price\"><span class=\"woocommerce-Price-amount amount\"><span class=\"woocommerce-Price-currencySymbol\">&#36;<\/span>&nbsp;45.90<\/span><\/span>\n<\/div>\t\t<\/div><!-- box-text -->\n\t<\/div><!-- box -->\n\t\t<\/div><!-- .col-inner -->\n<\/div><!-- col -->\t            \n\t        <\/div>\n","protected":false},"excerpt":{"rendered":"<p>do sk\u00f3ry normalnej i t\u0142ustej<br \/>\n150 ml &#8211; 5.07 fl.oz.<\/p>\n","protected":false},"featured_media":59215,"comment_status":"open","ping_status":"closed","template":"","meta":[],"_links":{"self":[{"href":"https:\/\/seacare.com\/pl\/wp-json\/wp\/v2\/product\/40574"}],"collection":[{"href":"https:\/\/seacare.com\/pl\/wp-json\/wp\/v2\/product"}],"about":[{"href":"https:\/\/seacare.com\/pl\/wp-json\/wp\/v2\/types\/product"}],"replies":[{"embeddable":true,"href":"https:\/\/seacare.com\/pl\/wp-json\/wp\/v2\/comments?post=40574"}],"wp:featuredmedia":[{"embeddable":true,"href":"https:\/\/seacare.com\/pl\/wp-json\/wp\/v2\/media\/59215"}],"wp:attachment":[{"href":"https:\/\/seacare.com\/pl\/wp-json\/wp\/v2\/media?parent=40574"}],"curies":[{"name":"wp","href":"https:\/\/api.w.org\/{rel}","templated":true}]}}