{"id":40605,"date":"2017-03-01T18:21:40","date_gmt":"2021-06-02T15:06:46","guid":{"rendered":"https:\/\/seacare.com\/ru\/?post_type=product&#038;p=40605"},"modified":"2021-06-03T14:06:20","modified_gmt":"2021-06-03T11:06:20","slug":"szampon-blotny-dla-mezczyzn-400-ml-seacare","status":"publish","type":"product","link":"https:\/\/seacare.com\/pl\/produkt\/szampon-blotny-dla-mezczyzn-400-ml-seacare\/","title":{"rendered":"Szampon b\u0142otny dla m\u0119\u017cczyzn, 400 ml, SeaCare"},"content":{"rendered":"<p>Szampon b\u0142otny dla m\u0119\u017cczyzn SeaCare zosta\u0142 specjalnie opracowany do codziennej piel\u0119gnacji m\u0119skich w\u0142os\u00f3w. Szampon b\u0142otny SeaCare dla m\u0119\u017cczyzn pozostawi Twoje w\u0142osy czyste i zdrowe. Formu\u0142a zosta\u0142a wzbogacona o minera\u0142y z Morza Martwego. Szampon na bazie B\u0142ota z Morza Martwego wzbogaca w\u0142osy i sk\u00f3r\u0119 g\u0142owy w minera\u0142y, wzmacnia i poprawia ich elastyczno\u015b\u0107. Zawiera Amisoft CS-22, substancj\u0119 czynn\u0105, kt\u00f3ra doskonale piel\u0119gnuje w\u0142osy; ABIL Soft AF 200, aktywny sk\u0142adnik, kt\u00f3ry sprawia, \u017ce w\u0142osy staj\u0105 si\u0119 mi\u0119kkie, g\u0142adkie i wygodne; oraz Dermosoft GMCY, w 100% naturalny ekstrakt zio\u0142owy, kt\u00f3ry \u0142\u0105czy w sobie w\u0142a\u015bciwo\u015bci przeciwbakteryjne i nawil\u017caj\u0105ce. Regularne stosowanie Szamponu dla m\u0119\u017cczyzn SeaCare wzmacnia w\u0142osy i pomaga zapobiega\u0107 ich uszkodzeniom.<\/p>\n<p><strong>Nie zawiera:<\/strong> paraben\u00f3w, glikolu propylenowego, silikon\u00f3w, olejk\u00f3w mineralnych, wazeliny, SLS.<\/p>\n<p><strong>Spos\u00f3b u\u017cycia:<\/strong> Nak\u0142adaj na wilgotne w\u0142osy i sk\u00f3r\u0119 g\u0142owy okr\u0119\u017cnymi ruchami masuj\u0105cymi. Dok\u0142adnie sp\u0142ucz wod\u0105. Aby uzyska\u0107 optymalne rezultaty, po u\u017cyciu tego szamponu zaleca si\u0119 SeaCare M\u0119sk\u0105 od\u017cywk\u0119 b\u0142otn\u0105.<\/p>\n<h3>Kluczowe sk\u0142adniki<\/h3>\n<hr \/>\n<div class=\"row\"  id=\"row-410941233\">\n<div class=\"col medium-6 small-12 large-6\"  ><div class=\"col-inner\"  >\n<div class=\"row\"  id=\"row-579627467\">\n<div class=\"col medium-3 small-12 large-3\"  ><div class=\"col-inner\"  >\n    <div class=\"img has-hover x md-x lg-x y md-y lg-y\" id=\"image_176104031\">\n                <div class=\"img-inner dark\" >\n        <img loading=\"lazy\" decoding=\"async\" width=\"500\" height=\"500\" src=\"https:\/\/seacare.com\/wp-content\/uploads\/2017\/03\/minerals-1.png\" class=\"attachment-large size-large\" alt=\"\" srcset=\"https:\/\/seacare.com\/wp-content\/uploads\/2017\/03\/minerals-1.png 500w, https:\/\/seacare.com\/wp-content\/uploads\/2017\/03\/minerals-1-280x280.png 280w, https:\/\/seacare.com\/wp-content\/uploads\/2017\/03\/minerals-1-400x400.png 400w, https:\/\/seacare.com\/wp-content\/uploads\/2017\/03\/minerals-1-180x180.png 180w, https:\/\/seacare.com\/wp-content\/uploads\/2017\/03\/minerals-1-300x300.png 300w\" sizes=\"(max-width: 500px) 100vw, 500px\" \/>                \n            <\/div>\n                   \n<style scope=\"scope\">\n\n<\/style>\n    <\/div>\n    \n<\/div><\/div>\n<div class=\"col medium-9 small-12 large-9\"  ><div class=\"col-inner\"  >\n<h4>Minera\u0142y Morza Martwego<\/h4>\n<p>Morze Martwe zawiera ponad 20 minera\u0142\u00f3w, kt\u00f3re jak udowodnionono, poprawiaj\u0105 widok sk\u00f3ry i zachowuj\u0105 j\u0105 zdrow\u0105 i m\u0142od\u0105. Nawet ro\u015bliny rosn\u0105ce wzd\u0142u\u017c brzeg\u00f3w Morza Martwego <a href=\"\/pl\/mineraly-morza-martwego\/\">Szczeg\u00f3\u0142owy&#8230;<\/a><\/p>\n<\/div><\/div>\n<\/div>\n<\/div><\/div>\n<div class=\"col medium-6 small-12 large-6\"  ><div class=\"col-inner\"  >\n<div class=\"row\"  id=\"row-367421385\">\n<div class=\"col medium-3 small-12 large-3\"  ><div class=\"col-inner\"  >\n    <div class=\"img has-hover x md-x lg-x y md-y lg-y\" id=\"image_181670701\">\n                <div class=\"img-inner dark\" >\n        <img loading=\"lazy\" decoding=\"async\" width=\"500\" height=\"500\" src=\"https:\/\/seacare.com\/wp-content\/uploads\/2020\/07\/\u0413\u0440\u044f\u0437\u044c.jpg\" class=\"attachment-large size-large\" alt=\"Dead sea Mud\" srcset=\"https:\/\/seacare.com\/wp-content\/uploads\/2020\/07\/\u0413\u0440\u044f\u0437\u044c.jpg 500w, https:\/\/seacare.com\/wp-content\/uploads\/2020\/07\/\u0413\u0440\u044f\u0437\u044c-247x247.jpg 247w, https:\/\/seacare.com\/wp-content\/uploads\/2020\/07\/\u0413\u0440\u044f\u0437\u044c-400x400.jpg 400w, https:\/\/seacare.com\/wp-content\/uploads\/2020\/07\/\u0413\u0440\u044f\u0437\u044c-180x180.jpg 180w\" sizes=\"(max-width: 500px) 100vw, 500px\" \/>                \n            <\/div>\n                   \n<style scope=\"scope\">\n\n<\/style>\n    <\/div>\n    \n<\/div><\/div>\n<div class=\"col medium-9 small-12 large-9\"  ><div class=\"col-inner\"  >\n<h4>B\u0142oto z Morza Martwego<\/h4>\n<p>B\u0142oto z Morza Martwego jest stosowane do leczenia chor\u00f3b, takich jak \u0142uszczycy, zapalenie staw\u00f3w, tr\u0105dzik i przewlek\u0142y b\u00f3l plec\u00f3w. Wiele bada\u0144 potwierdza stwierdzenia, \u017ce b\u0142oto <a href=\"\/pl\/bloto-z-morza-martwego\/\"> Szczeg\u00f3\u0142owy&#8230;<\/a><\/p>\n<\/div><\/div>\n<\/div>\n<\/div><\/div>\n<div class=\"col medium-6 small-12 large-6\"  ><div class=\"col-inner\"  >\n<div class=\"row\"  id=\"row-1990270433\">\n<div class=\"col medium-3 small-12 large-3\"  ><div class=\"col-inner\"  >\n    <div class=\"img has-hover x md-x lg-x y md-y lg-y\" id=\"image_162259183\">\n                <div class=\"img-inner dark\" >\n        <img loading=\"lazy\" decoding=\"async\" width=\"500\" height=\"500\" src=\"https:\/\/seacare.com\/wp-content\/uploads\/2020\/07\/Amisoft\u00ae-CS-22-1.jpg\" class=\"attachment-large size-large\" alt=\"\" srcset=\"https:\/\/seacare.com\/wp-content\/uploads\/2020\/07\/Amisoft\u00ae-CS-22-1.jpg 500w, https:\/\/seacare.com\/wp-content\/uploads\/2020\/07\/Amisoft\u00ae-CS-22-1-247x247.jpg 247w, https:\/\/seacare.com\/wp-content\/uploads\/2020\/07\/Amisoft\u00ae-CS-22-1-400x400.jpg 400w, https:\/\/seacare.com\/wp-content\/uploads\/2020\/07\/Amisoft\u00ae-CS-22-1-180x180.jpg 180w\" sizes=\"(max-width: 500px) 100vw, 500px\" \/>                \n            <\/div>\n                   \n<style scope=\"scope\">\n\n<\/style>\n    <\/div>\n    \n<\/div><\/div>\n<div class=\"col medium-9 small-12 large-9\"  ><div class=\"col-inner\"  >\n<h4>Amisoft \u00ae CS-22<\/h4>\n<p>Amisoft \u00ae CS-22 jest aktywnym naturalnym sk\u0142adnikiem utworzonym z kwasu aminokwasowego, kwasu L-glutaminowego i kwas\u00f3w t\u0142uszczowych kokosowych. Amisoft \u00ae CS-22 ma  <a href=\"\/pl\/amisoft-cs-22\/\">Szczeg\u00f3\u0142owy&#8230;<\/a><\/p>\n<\/div><\/div>\n<\/div>\n<\/div><\/div>\n<div class=\"col medium-6 small-12 large-6\"  ><div class=\"col-inner\"  >\n<div class=\"row\"  id=\"row-1083007988\">\n<div class=\"col medium-3 small-12 large-3\"  ><div class=\"col-inner\"  >\n    <div class=\"img has-hover x md-x lg-x y md-y lg-y\" id=\"image_234499317\">\n                <div class=\"img-inner dark\" >\n        <img loading=\"lazy\" decoding=\"async\" width=\"500\" height=\"500\" src=\"https:\/\/seacare.com\/wp-content\/uploads\/2017\/03\/ABIL-Soft-200.png\" class=\"attachment-large size-large\" alt=\"\" srcset=\"https:\/\/seacare.com\/wp-content\/uploads\/2017\/03\/ABIL-Soft-200.png 500w, https:\/\/seacare.com\/wp-content\/uploads\/2017\/03\/ABIL-Soft-200-280x280.png 280w, https:\/\/seacare.com\/wp-content\/uploads\/2017\/03\/ABIL-Soft-200-400x400.png 400w, https:\/\/seacare.com\/wp-content\/uploads\/2017\/03\/ABIL-Soft-200-180x180.png 180w, https:\/\/seacare.com\/wp-content\/uploads\/2017\/03\/ABIL-Soft-200-300x300.png 300w\" sizes=\"(max-width: 500px) 100vw, 500px\" \/>                \n            <\/div>\n                   \n<style scope=\"scope\">\n\n<\/style>\n    <\/div>\n    \n<\/div><\/div>\n<div class=\"col medium-9 small-12 large-9\"  ><div class=\"col-inner\"  >\n<h4>ABIL\u00ae Soft AF 200<\/h4>\n<p>ABIL\u00ae Soft AF 200 jest nowym sk\u0142adnikiem ekonomicznego i wydajnego od\u017cywiania w\u0142os\u00f3w, kt\u00f3ry jest zoptymalizowany dla lepszego od\u017cywiania. Aminosilikon zapewnia doskona\u0142e <a href=\"\/pl\/abil-soft-af-200\/\">Szczeg\u00f3\u0142owy&#8230;<\/a><\/p>\n<\/div><\/div>\n<\/div>\n<\/div><\/div>\n<div class=\"col medium-6 small-12 large-6\"  ><div class=\"col-inner\"  >\n<div class=\"row\"  id=\"row-462576987\">\n<div class=\"col medium-3 small-12 large-3\"  ><div class=\"col-inner\"  >\n    <div class=\"img has-hover x md-x lg-x y md-y lg-y\" id=\"image_507665763\">\n                <div class=\"img-inner dark\" >\n        <img loading=\"lazy\" decoding=\"async\" width=\"500\" height=\"500\" src=\"https:\/\/seacare.com\/wp-content\/uploads\/2020\/07\/Dermosoft\u00ae-GMCY-2.jpg\" class=\"attachment-large size-large\" alt=\"\" srcset=\"https:\/\/seacare.com\/wp-content\/uploads\/2020\/07\/Dermosoft\u00ae-GMCY-2.jpg 500w, https:\/\/seacare.com\/wp-content\/uploads\/2020\/07\/Dermosoft\u00ae-GMCY-2-247x247.jpg 247w, https:\/\/seacare.com\/wp-content\/uploads\/2020\/07\/Dermosoft\u00ae-GMCY-2-400x400.jpg 400w, https:\/\/seacare.com\/wp-content\/uploads\/2020\/07\/Dermosoft\u00ae-GMCY-2-180x180.jpg 180w\" sizes=\"(max-width: 500px) 100vw, 500px\" \/>                \n            <\/div>\n                   \n<style scope=\"scope\">\n\n<\/style>\n    <\/div>\n    \n<\/div><\/div>\n<div class=\"col medium-9 small-12 large-9\"  ><div class=\"col-inner\"  >\n<h4>Dermosoft\u00ae GMCY<\/h4>\n<p>Dermosoft\u00ae GMCY ma w\u0142a\u015bciwo\u015bci nawil\u017caj\u0105ce i przywracaj\u0105ce. Promuje popraw\u0119 i utrzymanie wilgotno\u015bci i r\u00f3wnowagi sk\u00f3ry. Ponadto ze wzgl\u0119du na siln\u0105 aktywno\u015b\u0107 przeciwko <a href=\"\/pl\/dermosoft-gmcy\/\">Szczeg\u00f3\u0142owy&#8230;<\/a><\/p>\n<\/div><\/div>\n<\/div>\n<\/div><\/div>\n<\/div>\n<h3>Inne produkty w linii<\/h3>\n\n  \n    <div class=\"row large-columns-4 medium-columns- small-columns-2 row-small slider row-slider slider-nav-reveal slider-nav-push\"  data-flickity-options='{\"imagesLoaded\": true, \"groupCells\": \"100%\", \"dragThreshold\" : 5, \"cellAlign\": \"left\",\"wrapAround\": true,\"prevNextButtons\": true,\"percentPosition\": true,\"pageDots\": false, \"rightToLeft\": false, \"autoPlay\" : false}'>\n\n  \t<\/div>\n<h3>Podobne produkty w innych liniach<\/h3>\n\n  \n    <div class=\"row large-columns-4 medium-columns- small-columns-2 row-small slider row-slider slider-nav-reveal slider-nav-push\"  data-flickity-options='{\"imagesLoaded\": true, \"groupCells\": \"100%\", \"dragThreshold\" : 5, \"cellAlign\": \"left\",\"wrapAround\": true,\"prevNextButtons\": true,\"percentPosition\": true,\"pageDots\": false, \"rightToLeft\": false, \"autoPlay\" : false}'>\n\n  \t\n\t            \t\t\t\t\t\n<div class=\"product-small col has-hover post-40228 product type-product status-publish has-post-thumbnail product_cat-kosmetyki-do-wlosow product_cat-kosmetyki-morza-martwego product_cat-linia-dead-sea-spa product_cat-szampony product_tag-piekno-wlosow first instock shipping-taxable purchasable product-type-simple\">\n\t<div class=\"col-inner\">\t\n\t\n<div class=\"badge-container absolute left top z-1\">\n<\/div>\t<div class=\"product-small box \">\n\t\t<div class=\"box-image\">\n\t\t\t<div class=\"image-none\">\n\t\t\t\t<a href=\"https:\/\/seacare.com\/pl\/produkt\/szampon-blotny-400-ml-seacare\/\">\n\t\t\t\t\t<img loading=\"lazy\" decoding=\"async\" width=\"247\" height=\"300\" src=\"https:\/\/seacare.com\/wp-content\/uploads\/2017\/03\/1.-Mud-Shampoo-\u043a\u043e\u043f\u0438\u044f-247x300.jpg\" class=\"attachment-shop_catalog size-shop_catalog wp-post-image\" alt=\"1. Mud Shampoo \u043a\u043e\u043f\u0438\u044f\" title=\"1. Mud Shampoo \u043a\u043e\u043f\u0438\u044f\" \/>\t\t\t\t<\/a>\n\t\t\t<\/div>\n\t\t\t<div class=\"image-tools is-small top right show-on-hover\">\n\t\t\t\t\t\t\t<\/div>\n\t\t\t<div class=\"image-tools is-small hide-for-small bottom left show-on-hover\">\n\t\t\t\t\t\t\t<\/div>\n\t\t\t<div class=\"image-tools grid-tools text-center hide-for-small bottom hover-slide-in show-on-hover\">\n\t\t\t\t  <a class=\"quick-view\" data-prod=\"40228\" href=\"#quick-view\">Quick View<\/a>\t\t\t<\/div>\n\t\t\t\t\t<\/div><!-- box-image -->\n\n\t\t<div class=\"box-text box-text-products\">\n\t\t\t<div class=\"title-wrapper\">  <p class=\"category uppercase is-smaller no-text-overflow product-cat op-7\">\n        Kosmetyki do w\u0142os\u00f3w   <\/p> <p class=\"name product-title\"><a href=\"https:\/\/seacare.com\/pl\/produkt\/szampon-blotny-400-ml-seacare\/\">Szampon b\u0142otny, 400 ml, SeaCare<\/a><\/p><\/div><div class=\"price-wrapper\">\n\t<span class=\"price\"><span class=\"woocommerce-Price-amount amount\"><span class=\"woocommerce-Price-currencySymbol\">&#36;<\/span>&nbsp;44.90<\/span><\/span>\n<\/div>\t\t<\/div><!-- box-text -->\n\t<\/div><!-- box -->\n\t\t<\/div><!-- .col-inner -->\n<\/div><!-- col -->\t            \t\t\t\t\t\n<div class=\"product-small col has-hover post-40343 product type-product status-publish has-post-thumbnail product_cat-kosmetyki-do-wlosow product_cat-kosmetyki-organiczne product_cat-organiczna-linia-spa product_cat-szampony product_tag-piekno-wlosow  instock shipping-taxable purchasable product-type-simple\">\n\t<div class=\"col-inner\">\t\n\t\n<div class=\"badge-container absolute left top z-1\">\n<\/div>\t<div class=\"product-small box \">\n\t\t<div class=\"box-image\">\n\t\t\t<div class=\"image-none\">\n\t\t\t\t<a href=\"https:\/\/seacare.com\/pl\/produkt\/organiczny-szampon-odzywczy-250-ml-seacare\/\">\n\t\t\t\t\t<img loading=\"lazy\" decoding=\"async\" width=\"247\" height=\"300\" src=\"https:\/\/seacare.com\/wp-content\/uploads\/2020\/06\/Organic-Care-Nourishing-Shampoo-SC-1-copy-247x300.jpg\" class=\"attachment-shop_catalog size-shop_catalog wp-post-image\" alt=\"Organic Care Nourishing Shampoo Gel \u041b\u0435\u0442\u0443\u0430\u043b\u044c\" title=\"Organic Care Nourishing Shampoo Gel \u041b\u0435\u0442\u0443\u0430\u043b\u044c\" \/>\t\t\t\t<\/a>\n\t\t\t<\/div>\n\t\t\t<div class=\"image-tools is-small top right show-on-hover\">\n\t\t\t\t\t\t\t<\/div>\n\t\t\t<div class=\"image-tools is-small hide-for-small bottom left show-on-hover\">\n\t\t\t\t\t\t\t<\/div>\n\t\t\t<div class=\"image-tools grid-tools text-center hide-for-small bottom hover-slide-in show-on-hover\">\n\t\t\t\t  <a class=\"quick-view\" data-prod=\"40343\" href=\"#quick-view\">Quick View<\/a>\t\t\t<\/div>\n\t\t\t\t\t<\/div><!-- box-image -->\n\n\t\t<div class=\"box-text box-text-products\">\n\t\t\t<div class=\"title-wrapper\">  <p class=\"category uppercase is-smaller no-text-overflow product-cat op-7\">\n        Kosmetyki do w\u0142os\u00f3w   <\/p> <p class=\"name product-title\"><a href=\"https:\/\/seacare.com\/pl\/produkt\/organiczny-szampon-odzywczy-250-ml-seacare\/\">Organiczny szampon od\u017cywczy, 250 ml, SeaCare<\/a><\/p><\/div><div class=\"price-wrapper\">\n\t<span class=\"price\"><span class=\"woocommerce-Price-amount amount\"><span class=\"woocommerce-Price-currencySymbol\">&#36;<\/span>&nbsp;45.90<\/span><\/span>\n<\/div>\t\t<\/div><!-- box-text -->\n\t<\/div><!-- box -->\n\t\t<\/div><!-- .col-inner -->\n<\/div><!-- col -->\t            \t\t\t\t\t\n<div class=\"product-small col has-hover post-40235 product type-product status-publish has-post-thumbnail product_cat-kosmetyki-do-wlosow product_cat-kosmetyki-morza-martwego product_cat-linia-dead-sea-spa product_cat-odzywki product_tag-piekno-wlosow  instock shipping-taxable purchasable product-type-simple\">\n\t<div class=\"col-inner\">\t\n\t\n<div class=\"badge-container absolute left top z-1\">\n<\/div>\t<div class=\"product-small box \">\n\t\t<div class=\"box-image\">\n\t\t\t<div class=\"image-none\">\n\t\t\t\t<a href=\"https:\/\/seacare.com\/pl\/produkt\/odzywka-blotna-400-ml-seacare\/\">\n\t\t\t\t\t<img loading=\"lazy\" decoding=\"async\" width=\"247\" height=\"300\" src=\"https:\/\/seacare.com\/wp-content\/uploads\/2017\/03\/1.-Mud-Condicioner-1-247x300.jpg\" class=\"attachment-shop_catalog size-shop_catalog wp-post-image\" alt=\"1. Mud Condicioner\" title=\"1. Mud Condicioner\" \/>\t\t\t\t<\/a>\n\t\t\t<\/div>\n\t\t\t<div class=\"image-tools is-small top right show-on-hover\">\n\t\t\t\t\t\t\t<\/div>\n\t\t\t<div class=\"image-tools is-small hide-for-small bottom left show-on-hover\">\n\t\t\t\t\t\t\t<\/div>\n\t\t\t<div class=\"image-tools grid-tools text-center hide-for-small bottom hover-slide-in show-on-hover\">\n\t\t\t\t  <a class=\"quick-view\" data-prod=\"40235\" href=\"#quick-view\">Quick View<\/a>\t\t\t<\/div>\n\t\t\t\t\t<\/div><!-- box-image -->\n\n\t\t<div class=\"box-text box-text-products\">\n\t\t\t<div class=\"title-wrapper\">  <p class=\"category uppercase is-smaller no-text-overflow product-cat op-7\">\n        Kosmetyki do w\u0142os\u00f3w   <\/p> <p class=\"name product-title\"><a href=\"https:\/\/seacare.com\/pl\/produkt\/odzywka-blotna-400-ml-seacare\/\">Od\u017cywka b\u0142otna, 400 ml, SeaCare<\/a><\/p><\/div><div class=\"price-wrapper\">\n\t<span class=\"price\"><span class=\"woocommerce-Price-amount amount\"><span class=\"woocommerce-Price-currencySymbol\">&#36;<\/span>&nbsp;47.90<\/span><\/span>\n<\/div>\t\t<\/div><!-- box-text -->\n\t<\/div><!-- box -->\n\t\t<\/div><!-- .col-inner -->\n<\/div><!-- col -->\t            \t\t\t\t\t\n<div class=\"product-small col has-hover post-40253 product type-product status-publish has-post-thumbnail product_cat-kosmetyki-do-wlosow product_cat-kosmetyki-morza-martwego product_cat-linia-dead-sea-spa product_cat-maseczki product_tag-piekno-wlosow last instock shipping-taxable purchasable product-type-simple\">\n\t<div class=\"col-inner\">\t\n\t\n<div class=\"badge-container absolute left top z-1\">\n<\/div>\t<div class=\"product-small box \">\n\t\t<div class=\"box-image\">\n\t\t\t<div class=\"image-none\">\n\t\t\t\t<a href=\"https:\/\/seacare.com\/pl\/produkt\/maska-blotna-do-wlosow-250-ml-seacare\/\">\n\t\t\t\t\t<img loading=\"lazy\" decoding=\"async\" width=\"247\" height=\"300\" src=\"https:\/\/seacare.com\/wp-content\/uploads\/2017\/03\/1.Hair_Mud_Mask_1-\u043a\u043e\u043f\u0438\u044f-247x300.jpg\" class=\"attachment-shop_catalog size-shop_catalog wp-post-image\" alt=\"1.Hair_Mud_Mask_1 \u043a\u043e\u043f\u0438\u044f\" title=\"1.Hair_Mud_Mask_1 \u043a\u043e\u043f\u0438\u044f\" \/>\t\t\t\t<\/a>\n\t\t\t<\/div>\n\t\t\t<div class=\"image-tools is-small top right show-on-hover\">\n\t\t\t\t\t\t\t<\/div>\n\t\t\t<div class=\"image-tools is-small hide-for-small bottom left show-on-hover\">\n\t\t\t\t\t\t\t<\/div>\n\t\t\t<div class=\"image-tools grid-tools text-center hide-for-small bottom hover-slide-in show-on-hover\">\n\t\t\t\t  <a class=\"quick-view\" data-prod=\"40253\" href=\"#quick-view\">Quick View<\/a>\t\t\t<\/div>\n\t\t\t\t\t<\/div><!-- box-image -->\n\n\t\t<div class=\"box-text box-text-products\">\n\t\t\t<div class=\"title-wrapper\">  <p class=\"category uppercase is-smaller no-text-overflow product-cat op-7\">\n        Kosmetyki do w\u0142os\u00f3w   <\/p> <p class=\"name product-title\"><a href=\"https:\/\/seacare.com\/pl\/produkt\/maska-blotna-do-wlosow-250-ml-seacare\/\">Maska b\u0142otna do w\u0142os\u00f3w, 250 ml, SeaCare<\/a><\/p><\/div><div class=\"price-wrapper\">\n\t<span class=\"price\"><span class=\"woocommerce-Price-amount amount\"><span class=\"woocommerce-Price-currencySymbol\">&#36;<\/span>&nbsp;45.90<\/span><\/span>\n<\/div>\t\t<\/div><!-- box-text -->\n\t<\/div><!-- box -->\n\t\t<\/div><!-- .col-inner -->\n<\/div><!-- col -->\t            \n\t        <\/div>\n","protected":false},"excerpt":{"rendered":"<p>do wszystkich typ\u00f3w w\u0142os\u00f3w<br \/>\n400 ml &#8211; 13.52 fl.oz.<\/p>\n","protected":false},"featured_media":40606,"comment_status":"open","ping_status":"closed","template":"","meta":[],"_links":{"self":[{"href":"https:\/\/seacare.com\/pl\/wp-json\/wp\/v2\/product\/40605"}],"collection":[{"href":"https:\/\/seacare.com\/pl\/wp-json\/wp\/v2\/product"}],"about":[{"href":"https:\/\/seacare.com\/pl\/wp-json\/wp\/v2\/types\/product"}],"replies":[{"embeddable":true,"href":"https:\/\/seacare.com\/pl\/wp-json\/wp\/v2\/comments?post=40605"}],"wp:featuredmedia":[{"embeddable":true,"href":"https:\/\/seacare.com\/pl\/wp-json\/wp\/v2\/media\/40606"}],"wp:attachment":[{"href":"https:\/\/seacare.com\/pl\/wp-json\/wp\/v2\/media?parent=40605"}],"curies":[{"name":"wp","href":"https:\/\/api.w.org\/{rel}","templated":true}]}}