{"id":40611,"date":"2020-06-11T18:29:04","date_gmt":"2021-06-02T15:11:25","guid":{"rendered":"https:\/\/seacare.com\/ru\/?post_type=product&#038;p=40611"},"modified":"2021-06-03T13:49:27","modified_gmt":"2021-06-03T10:49:27","slug":"organiczny-olejek-arganowy-do-twarzy-i-ust-30-ml-seacare","status":"publish","type":"product","link":"https:\/\/seacare.com\/pl\/produkt\/organiczny-olejek-arganowy-do-twarzy-i-ust-30-ml-seacare\/","title":{"rendered":"Organiczny olejek arganowy do twarzy i ust, 30 ml, SeaCare"},"content":{"rendered":"<p>CertyfikowanyECOCERT COSMOS ORGANIC SeaCare olejek arganowy do twarzy i ust b\u0142yskawicznie nawil\u017ca i przywraca sk\u00f3rze zdrow\u0105, g\u0142adk\u0105 i promienn\u0105 sk\u00f3r\u0119. Dzi\u0119ki wysokiej zawarto\u015bci witaminy E i kwas\u00f3w t\u0142uszczowych olejek arganowy \u0142atwo si\u0119 wch\u0142ania i nie podra\u017cnia, dzi\u0119ki czemu jest doskona\u0142ym naturalnym \u015brodkiem nawil\u017caj\u0105cym. Olejek arganowy nadaje sk\u00f3rze m\u0142odzie\u0144czego blasku i zmniejsza widoczno\u015b\u0107 zmarszczek, przywraca elastyczno\u015b\u0107 oraz uj\u0119drnia i zmi\u0119kcza sk\u00f3r\u0119. Witamina E i kwasy t\u0142uszczowe zawarte w oleju arganowym doskonale nadaj\u0105 si\u0119 do naprawy uszkodzonej sk\u00f3ry i dostarczaj\u0105 sk\u0142adnik\u00f3w od\u017cywczych, kt\u00f3re zapobiegaj\u0105 dalszemu wysuszeniu i podra\u017cnieniom. W ch\u0142odne lub suche dni usta mog\u0105 \u0142atwo sta\u0107 si\u0119 podra\u017cnione, wysuszone i pop\u0119kane.Organiczny olejek arganowy SeaCare to idealny produkt do utrzymywania pulchno\u015bci, mi\u0119kko\u015bci i elastyczno\u015bci ust. SeaCare Organiczny olejek arganowy do twarzy i ust jest niezwykle wszechstronny. Ten cudowny olejek zmieni Tw\u00f3j styl \u017cycia!<\/p>\n<p><strong>Organiczne kosmetyki SeaCare s\u0105 wytwarzane zgodnie ze \u015bcis\u0142ymi normami COSMOS i posiadaj\u0105 certyfikat ECOCERT.<\/strong><\/p>\n<p><strong>Spos\u00f3b u\u017cycia:<\/strong> Na twarz i szyj\u0119: nanie\u015b kilka kropli na d\u0142onie i delikatnie wmasuj w twarz i szyj\u0119. Aby uzyska\u0107 najlepsze rezultaty, stosuj rano i wieczorem. W przypadku ust: wetrzyj jedn\u0105 lub dwie krople w suche usta. Zetrzyj nadmiar.<\/p>\n<h3>Kluczowe sk\u0142adniki<\/h3>\n<hr \/>\n<div class=\"row\"  id=\"row-745372837\">\n<div class=\"col medium-6 small-12 large-6\"  ><div class=\"col-inner\"  >\n<div class=\"row\"  id=\"row-48827833\">\n<div class=\"col medium-3 small-12 large-3\"  ><div class=\"col-inner\"  >\n    <div class=\"img has-hover x md-x lg-x y md-y lg-y\" id=\"image_609558631\">\n                <div class=\"img-inner dark\" >\n        <img loading=\"lazy\" decoding=\"async\" width=\"500\" height=\"500\" src=\"https:\/\/seacare.com\/wp-content\/uploads\/2017\/03\/argana.png\" class=\"attachment-large size-large\" alt=\"\" srcset=\"https:\/\/seacare.com\/wp-content\/uploads\/2017\/03\/argana.png 500w, https:\/\/seacare.com\/wp-content\/uploads\/2017\/03\/argana-280x280.png 280w, https:\/\/seacare.com\/wp-content\/uploads\/2017\/03\/argana-400x400.png 400w, https:\/\/seacare.com\/wp-content\/uploads\/2017\/03\/argana-180x180.png 180w, https:\/\/seacare.com\/wp-content\/uploads\/2017\/03\/argana-300x300.png 300w\" sizes=\"(max-width: 500px) 100vw, 500px\" \/>                \n            <\/div>\n                   \n<style scope=\"scope\">\n\n<\/style>\n    <\/div>\n    \n<\/div><\/div>\n<div class=\"col medium-9 small-12 large-9\"  ><div class=\"col-inner\"  >\n<h4>Olejek arganowy<\/h4>\n<p>Olejek arganowy jest najcz\u0119\u015bciej stosowany do nawil\u017cania i zmi\u0119kczania sk\u00f3ry. Dzi\u0119ki wysokiej zawarto\u015bci witaminy E i kwas\u00f3w t\u0142uszczowych, olejek arganowy jest idealnym produktem <a href=\"\/pl\/olejek-arganowy\/\"> Szczeg\u00f3\u0142owy&#8230;<\/a><\/p>\n<\/div><\/div>\n<\/div>\n<\/div><\/div>\n<\/div>\n<h3>Inne produkty w linii<\/h3>\n\n  \n    <div class=\"row large-columns-4 medium-columns- small-columns-2 row-small slider row-slider slider-nav-reveal slider-nav-push\"  data-flickity-options='{\"imagesLoaded\": true, \"groupCells\": \"100%\", \"dragThreshold\" : 5, \"cellAlign\": \"left\",\"wrapAround\": true,\"prevNextButtons\": true,\"percentPosition\": true,\"pageDots\": false, \"rightToLeft\": false, \"autoPlay\" : false}'>\n\n  \t\n\t            \t\t\t\t\t\n<div class=\"product-small col has-hover post-40619 product type-product status-publish has-post-thumbnail product_cat-kosmetyki-do-twarzy product_cat-kosmetyki-organiczne product_cat-linie product_cat-naturalne-oleje-organiczne product_cat-olejeki-do-twarzy first instock shipping-taxable purchasable product-type-simple\">\n\t<div class=\"col-inner\">\t\n\t\n<div class=\"badge-container absolute left top z-1\">\n<\/div>\t<div class=\"product-small box \">\n\t\t<div class=\"box-image\">\n\t\t\t<div class=\"image-none\">\n\t\t\t\t<a href=\"https:\/\/seacare.com\/pl\/produkt\/organiczny-olejek-do-twarzy-jojoba-30-ml-seacare\/\">\n\t\t\t\t\t<img loading=\"lazy\" decoding=\"async\" width=\"247\" height=\"300\" src=\"https:\/\/seacare.com\/wp-content\/uploads\/2020\/06\/Organic-Care-Jojoba-Face-Oil-SC-1-copy-247x300.jpg\" class=\"attachment-shop_catalog size-shop_catalog wp-post-image\" alt=\"Organic Care Jojoba Face Oil \u041b\u0435\u0442\u0443\u0430\u043b\u044c\" title=\"Organic Care Jojoba Face Oil \u041b\u0435\u0442\u0443\u0430\u043b\u044c\" \/>\t\t\t\t<\/a>\n\t\t\t<\/div>\n\t\t\t<div class=\"image-tools is-small top right show-on-hover\">\n\t\t\t\t\t\t\t<\/div>\n\t\t\t<div class=\"image-tools is-small hide-for-small bottom left show-on-hover\">\n\t\t\t\t\t\t\t<\/div>\n\t\t\t<div class=\"image-tools grid-tools text-center hide-for-small bottom hover-slide-in show-on-hover\">\n\t\t\t\t  <a class=\"quick-view\" data-prod=\"40619\" href=\"#quick-view\">Quick View<\/a>\t\t\t<\/div>\n\t\t\t\t\t<\/div><!-- box-image -->\n\n\t\t<div class=\"box-text box-text-products\">\n\t\t\t<div class=\"title-wrapper\">  <p class=\"category uppercase is-smaller no-text-overflow product-cat op-7\">\n        Kosmetyki do twarzy   <\/p> <p class=\"name product-title\"><a href=\"https:\/\/seacare.com\/pl\/produkt\/organiczny-olejek-do-twarzy-jojoba-30-ml-seacare\/\">Organiczny olejek do twarzy jojoba, 30 ml, SeaCare<\/a><\/p><\/div><div class=\"price-wrapper\">\n\t<span class=\"price\"><span class=\"woocommerce-Price-amount amount\"><span class=\"woocommerce-Price-currencySymbol\">&#36;<\/span>&nbsp;49.90<\/span><\/span>\n<\/div>\t\t<\/div><!-- box-text -->\n\t<\/div><!-- box -->\n\t\t<\/div><!-- .col-inner -->\n<\/div><!-- col -->\t            \n\t        <\/div>\n<h3>Podobne produkty w innych liniach<\/h3>\n\n  \n    <div class=\"row large-columns-4 medium-columns- small-columns-2 row-small slider row-slider slider-nav-reveal slider-nav-push\"  data-flickity-options='{\"imagesLoaded\": true, \"groupCells\": \"100%\", \"dragThreshold\" : 5, \"cellAlign\": \"left\",\"wrapAround\": true,\"prevNextButtons\": true,\"percentPosition\": true,\"pageDots\": false, \"rightToLeft\": false, \"autoPlay\" : false}'>\n\n  \t\n\t            \t\t\t\t\t\n<div class=\"product-small col has-hover post-40433 product type-product status-publish has-post-thumbnail product_cat-kosmetyczne-przeciwtradzikowe product_cat-kosmetyki-do-twarzy product_cat-kremy-do-twarzy-i-oczu product_cat-linia-przeciwtradzikowa first instock shipping-taxable purchasable product-type-simple\">\n\t<div class=\"col-inner\">\t\n\t\n<div class=\"badge-container absolute left top z-1\">\n<\/div>\t<div class=\"product-small box \">\n\t\t<div class=\"box-image\">\n\t\t\t<div class=\"image-none\">\n\t\t\t\t<a href=\"https:\/\/seacare.com\/pl\/produkt\/krem-przeciwtradzikowy-na-tradzik-i-zaskorniki-50-ml-seacare\/\">\n\t\t\t\t\t<img loading=\"lazy\" decoding=\"async\" width=\"247\" height=\"300\" src=\"https:\/\/seacare.com\/wp-content\/uploads\/2019\/11\/1-2-247x300.jpg\" class=\"attachment-shop_catalog size-shop_catalog wp-post-image\" alt=\"1\" title=\"1\" \/>\t\t\t\t<\/a>\n\t\t\t<\/div>\n\t\t\t<div class=\"image-tools is-small top right show-on-hover\">\n\t\t\t\t\t\t\t<\/div>\n\t\t\t<div class=\"image-tools is-small hide-for-small bottom left show-on-hover\">\n\t\t\t\t\t\t\t<\/div>\n\t\t\t<div class=\"image-tools grid-tools text-center hide-for-small bottom hover-slide-in show-on-hover\">\n\t\t\t\t  <a class=\"quick-view\" data-prod=\"40433\" href=\"#quick-view\">Quick View<\/a>\t\t\t<\/div>\n\t\t\t\t\t<\/div><!-- box-image -->\n\n\t\t<div class=\"box-text box-text-products\">\n\t\t\t<div class=\"title-wrapper\">  <p class=\"category uppercase is-smaller no-text-overflow product-cat op-7\">\n        Kosmetyczne przeciwtr\u0105dzikowe   <\/p> <p class=\"name product-title\"><a href=\"https:\/\/seacare.com\/pl\/produkt\/krem-przeciwtradzikowy-na-tradzik-i-zaskorniki-50-ml-seacare\/\">Krem przeciwtr\u0105dzikowy na tr\u0105dzik i zask\u00f3rniki, 50 ml, SeaCare<\/a><\/p><\/div><div class=\"price-wrapper\">\n\t<span class=\"price\"><span class=\"woocommerce-Price-amount amount\"><span class=\"woocommerce-Price-currencySymbol\">&#36;<\/span>&nbsp;58.90<\/span><\/span>\n<\/div>\t\t<\/div><!-- box-text -->\n\t<\/div><!-- box -->\n\t\t<\/div><!-- .col-inner -->\n<\/div><!-- col -->\t            \t\t\t\t\t\n<div class=\"product-small col has-hover post-40112 product type-product status-publish has-post-thumbnail product_cat-kosmetyki-do-twarzy product_cat-kosmetyki-organiczne product_cat-kosmetyki-przeciwstarzeniowe product_cat-kremy-do-twarzy-i-oczu product_cat-odmladzajaca-linia-organiczna product_tag-gladka-skora-twarzy product_tag-kremy-na-noc product_tag-mlodosc-skory-twarzy product_tag-odmladzanie  instock shipping-taxable purchasable product-type-simple\">\n\t<div class=\"col-inner\">\t\n\t\n<div class=\"badge-container absolute left top z-1\">\n<\/div>\t<div class=\"product-small box \">\n\t\t<div class=\"box-image\">\n\t\t\t<div class=\"image-none\">\n\t\t\t\t<a href=\"https:\/\/seacare.com\/pl\/produkt\/odmladzajacy-organiczny-krem-na-noc-50-ml-seacare\/\">\n\t\t\t\t\t<img loading=\"lazy\" decoding=\"async\" width=\"247\" height=\"247\" src=\"https:\/\/seacare.com\/wp-content\/uploads\/2019\/10\/11-\u043a\u043e\u043f\u0438\u044f.jpg\" class=\"attachment-shop_catalog size-shop_catalog wp-post-image\" alt=\"\u041e\u043c\u043e\u043b\u0430\u0436\u0438\u0432\u0430\u044e\u0449\u0438\u0439 \u041d\u043e\u0447\u043d\u043e\u0439 \u041a\u0440\u0435\u043c\" title=\"\u041e\u043c\u043e\u043b\u0430\u0436\u0438\u0432\u0430\u044e\u0449\u0438\u0439 \u041d\u043e\u0447\u043d\u043e\u0439 \u041a\u0440\u0435\u043c\" \/>\t\t\t\t<\/a>\n\t\t\t<\/div>\n\t\t\t<div class=\"image-tools is-small top right show-on-hover\">\n\t\t\t\t\t\t\t<\/div>\n\t\t\t<div class=\"image-tools is-small hide-for-small bottom left show-on-hover\">\n\t\t\t\t\t\t\t<\/div>\n\t\t\t<div class=\"image-tools grid-tools text-center hide-for-small bottom hover-slide-in show-on-hover\">\n\t\t\t\t  <a class=\"quick-view\" data-prod=\"40112\" href=\"#quick-view\">Quick View<\/a>\t\t\t<\/div>\n\t\t\t\t\t<\/div><!-- box-image -->\n\n\t\t<div class=\"box-text box-text-products\">\n\t\t\t<div class=\"title-wrapper\">  <p class=\"category uppercase is-smaller no-text-overflow product-cat op-7\">\n        Kosmetyki do twarzy   <\/p> <p class=\"name product-title\"><a href=\"https:\/\/seacare.com\/pl\/produkt\/odmladzajacy-organiczny-krem-na-noc-50-ml-seacare\/\">Odm\u0142adzaj\u0105cy organiczny krem na noc, 50 ml, SeaCare<\/a><\/p><\/div><div class=\"price-wrapper\">\n\t<span class=\"price\"><span class=\"woocommerce-Price-amount amount\"><span class=\"woocommerce-Price-currencySymbol\">&#36;<\/span>&nbsp;44.90<\/span><\/span>\n<\/div>\t\t<\/div><!-- box-text -->\n\t<\/div><!-- box -->\n\t\t<\/div><!-- .col-inner -->\n<\/div><!-- col -->\t            \t\t\t\t\t\n<div class=\"product-small col has-hover post-40198 product type-product status-publish has-post-thumbnail product_cat-kosmetyki-do-twarzy product_cat-kosmetyki-przeciwstarzeniowe product_cat-kremy-do-twarzy-i-oczu product_cat-linia-multiwitaminowa product_tag-gladka-skora product_tag-piekna-skora product_tag-witaminy  instock shipping-taxable purchasable product-type-simple\">\n\t<div class=\"col-inner\">\t\n\t\n<div class=\"badge-container absolute left top z-1\">\n<\/div>\t<div class=\"product-small box \">\n\t\t<div class=\"box-image\">\n\t\t\t<div class=\"image-none\">\n\t\t\t\t<a href=\"https:\/\/seacare.com\/pl\/produkt\/multiwitaminowy-krem-na-dzien-50-ml-seacare\/\">\n\t\t\t\t\t<img loading=\"lazy\" decoding=\"async\" width=\"247\" height=\"300\" src=\"https:\/\/seacare.com\/wp-content\/uploads\/2017\/03\/\u0412\u0438\u0442\u0430\u043c\u0438\u043d_\u0414\u043d\u0435\u0432\u043d\u043e\u0439-107-247x300.jpg\" class=\"attachment-shop_catalog size-shop_catalog wp-post-image\" alt=\"\u0412\u0438\u0442\u0430\u043c\u0438\u043d_\u0414\u043d\u0435\u0432\u043d\u043e\u0439 107\" title=\"\u0412\u0438\u0442\u0430\u043c\u0438\u043d_\u0414\u043d\u0435\u0432\u043d\u043e\u0439 107\" \/>\t\t\t\t<\/a>\n\t\t\t<\/div>\n\t\t\t<div class=\"image-tools is-small top right show-on-hover\">\n\t\t\t\t\t\t\t<\/div>\n\t\t\t<div class=\"image-tools is-small hide-for-small bottom left show-on-hover\">\n\t\t\t\t\t\t\t<\/div>\n\t\t\t<div class=\"image-tools grid-tools text-center hide-for-small bottom hover-slide-in show-on-hover\">\n\t\t\t\t  <a class=\"quick-view\" data-prod=\"40198\" href=\"#quick-view\">Quick View<\/a>\t\t\t<\/div>\n\t\t\t\t\t<\/div><!-- box-image -->\n\n\t\t<div class=\"box-text box-text-products\">\n\t\t\t<div class=\"title-wrapper\">  <p class=\"category uppercase is-smaller no-text-overflow product-cat op-7\">\n        Kosmetyki do twarzy   <\/p> <p class=\"name product-title\"><a href=\"https:\/\/seacare.com\/pl\/produkt\/multiwitaminowy-krem-na-dzien-50-ml-seacare\/\">Multiwitaminowy krem na dzie\u0144, 50 ml, SeaCare<\/a><\/p><\/div><div class=\"price-wrapper\">\n\t<span class=\"price\"><span class=\"woocommerce-Price-amount amount\"><span class=\"woocommerce-Price-currencySymbol\">&#36;<\/span>&nbsp;45.90<\/span><\/span>\n<\/div>\t\t<\/div><!-- box-text -->\n\t<\/div><!-- box -->\n\t\t<\/div><!-- .col-inner -->\n<\/div><!-- col -->\t            \t\t\t\t\t\n<div class=\"product-small col has-hover post-40099 product type-product status-publish has-post-thumbnail product_cat-kosmetyki-do-twarzy product_cat-kosmetyki-przeciwstarzeniowe product_cat-linia-przeciwstarzeniowa product_cat-serum-do-twarzy-i-oczu product_tag-gladka-skora-twarzy product_tag-mlodosc-skory-twarzy product_tag-odmladzanie product_tag-piekna-skora last instock shipping-taxable purchasable product-type-simple\">\n\t<div class=\"col-inner\">\t\n\t\n<div class=\"badge-container absolute left top z-1\">\n<\/div>\t<div class=\"product-small box \">\n\t\t<div class=\"box-image\">\n\t\t\t<div class=\"image-none\">\n\t\t\t\t<a href=\"https:\/\/seacare.com\/pl\/produkt\/serum-przeciwzmarszczkowe-do-twarzy-50-ml-seacare\/\">\n\t\t\t\t\t<img loading=\"lazy\" decoding=\"async\" width=\"247\" height=\"300\" src=\"https:\/\/seacare.com\/wp-content\/uploads\/2017\/03\/1-20-247x300.jpg\" class=\"attachment-shop_catalog size-shop_catalog wp-post-image\" alt=\"1\" title=\"1\" \/>\t\t\t\t<\/a>\n\t\t\t<\/div>\n\t\t\t<div class=\"image-tools is-small top right show-on-hover\">\n\t\t\t\t\t\t\t<\/div>\n\t\t\t<div class=\"image-tools is-small hide-for-small bottom left show-on-hover\">\n\t\t\t\t\t\t\t<\/div>\n\t\t\t<div class=\"image-tools grid-tools text-center hide-for-small bottom hover-slide-in show-on-hover\">\n\t\t\t\t  <a class=\"quick-view\" data-prod=\"40099\" href=\"#quick-view\">Quick View<\/a>\t\t\t<\/div>\n\t\t\t\t\t<\/div><!-- box-image -->\n\n\t\t<div class=\"box-text box-text-products\">\n\t\t\t<div class=\"title-wrapper\">  <p class=\"category uppercase is-smaller no-text-overflow product-cat op-7\">\n        Kosmetyki do twarzy   <\/p> <p class=\"name product-title\"><a href=\"https:\/\/seacare.com\/pl\/produkt\/serum-przeciwzmarszczkowe-do-twarzy-50-ml-seacare\/\">Serum przeciwzmarszczkowe do twarzy, 50 ml, SeaCare<\/a><\/p><\/div><div class=\"price-wrapper\">\n\t<span class=\"price\"><span class=\"woocommerce-Price-amount amount\"><span class=\"woocommerce-Price-currencySymbol\">&#36;<\/span>&nbsp;56.90<\/span><\/span>\n<\/div>\t\t<\/div><!-- box-text -->\n\t<\/div><!-- box -->\n\t\t<\/div><!-- .col-inner -->\n<\/div><!-- col -->\t            \t\t\t\t\t\n<div class=\"product-small col has-hover post-40046 product type-product status-publish has-post-thumbnail product_cat-24k-gold-linia product_cat-kosmetyki-do-twarzy product_cat-kosmetyki-przeciwstarzeniowe product_cat-serum-do-twarzy-i-oczu product_tag-mlodosc-skory-twarzy product_tag-odmladzanie product_tag-piekna-skora first instock shipping-taxable purchasable product-type-simple\">\n\t<div class=\"col-inner\">\t\n\t\n<div class=\"badge-container absolute left top z-1\">\n<\/div>\t<div class=\"product-small box \">\n\t\t<div class=\"box-image\">\n\t\t\t<div class=\"image-none\">\n\t\t\t\t<a href=\"https:\/\/seacare.com\/pl\/produkt\/serum-przeciwzmarszczkowe-ujedrniajace-i-poprawiajace-kondycje-skory-50-ml-seacare\/\">\n\t\t\t\t\t<img loading=\"lazy\" decoding=\"async\" width=\"247\" height=\"300\" src=\"https:\/\/seacare.com\/wp-content\/uploads\/2018\/10\/1-3-247x300.jpg\" class=\"attachment-shop_catalog size-shop_catalog wp-post-image\" alt=\"1\" title=\"1\" \/>\t\t\t\t<\/a>\n\t\t\t<\/div>\n\t\t\t<div class=\"image-tools is-small top right show-on-hover\">\n\t\t\t\t\t\t\t<\/div>\n\t\t\t<div class=\"image-tools is-small hide-for-small bottom left show-on-hover\">\n\t\t\t\t\t\t\t<\/div>\n\t\t\t<div class=\"image-tools grid-tools text-center hide-for-small bottom hover-slide-in show-on-hover\">\n\t\t\t\t  <a class=\"quick-view\" data-prod=\"40046\" href=\"#quick-view\">Quick View<\/a>\t\t\t<\/div>\n\t\t\t\t\t<\/div><!-- box-image -->\n\n\t\t<div class=\"box-text box-text-products\">\n\t\t\t<div class=\"title-wrapper\">  <p class=\"category uppercase is-smaller no-text-overflow product-cat op-7\">\n        24K Gold linia   <\/p> <p class=\"name product-title\"><a href=\"https:\/\/seacare.com\/pl\/produkt\/serum-przeciwzmarszczkowe-ujedrniajace-i-poprawiajace-kondycje-skory-50-ml-seacare\/\">Serum przeciwzmarszczkowe uj\u0119drniaj\u0105ce i poprawiaj\u0105ce kondycj\u0119 sk\u00f3ry, 50 ml, SeaCare<\/a><\/p><\/div><div class=\"price-wrapper\">\n\t<span class=\"price\"><span class=\"woocommerce-Price-amount amount\"><span class=\"woocommerce-Price-currencySymbol\">&#36;<\/span>&nbsp;64.90<\/span><\/span>\n<\/div>\t\t<\/div><!-- box-text -->\n\t<\/div><!-- box -->\n\t\t<\/div><!-- .col-inner -->\n<\/div><!-- col -->\t            \t\t\t\t\t\n<div class=\"product-small col has-hover post-40129 product type-product status-publish has-post-thumbnail product_cat-kosmetyki-do-twarzy product_cat-kosmetyki-organiczne product_cat-kosmetyki-przeciwstarzeniowe product_cat-odmladzajaca-linia-organiczna product_cat-serum-do-twarzy-i-oczu product_tag-gladka-skora product_tag-gladka-skora-twarzy product_tag-mlodosc-skory-twarzy product_tag-odmladzanie  instock shipping-taxable purchasable product-type-simple\">\n\t<div class=\"col-inner\">\t\n\t\n<div class=\"badge-container absolute left top z-1\">\n<\/div>\t<div class=\"product-small box \">\n\t\t<div class=\"box-image\">\n\t\t\t<div class=\"image-none\">\n\t\t\t\t<a href=\"https:\/\/seacare.com\/pl\/produkt\/odmladzajace-organiczne-serum-do-twarzy-50-ml-seacare\/\">\n\t\t\t\t\t<img loading=\"lazy\" decoding=\"async\" width=\"247\" height=\"300\" src=\"https:\/\/seacare.com\/wp-content\/uploads\/2019\/10\/1-4-247x300.jpg\" class=\"attachment-shop_catalog size-shop_catalog wp-post-image\" alt=\"1\" title=\"1\" \/>\t\t\t\t<\/a>\n\t\t\t<\/div>\n\t\t\t<div class=\"image-tools is-small top right show-on-hover\">\n\t\t\t\t\t\t\t<\/div>\n\t\t\t<div class=\"image-tools is-small hide-for-small bottom left show-on-hover\">\n\t\t\t\t\t\t\t<\/div>\n\t\t\t<div class=\"image-tools grid-tools text-center hide-for-small bottom hover-slide-in show-on-hover\">\n\t\t\t\t  <a class=\"quick-view\" data-prod=\"40129\" href=\"#quick-view\">Quick View<\/a>\t\t\t<\/div>\n\t\t\t\t\t<\/div><!-- box-image -->\n\n\t\t<div class=\"box-text box-text-products\">\n\t\t\t<div class=\"title-wrapper\">  <p class=\"category uppercase is-smaller no-text-overflow product-cat op-7\">\n        Kosmetyki do twarzy   <\/p> <p class=\"name product-title\"><a href=\"https:\/\/seacare.com\/pl\/produkt\/odmladzajace-organiczne-serum-do-twarzy-50-ml-seacare\/\">Odm\u0142adzaj\u0105ce organiczne serum do twarzy, 50 ml, SeaCare<\/a><\/p><\/div><div class=\"price-wrapper\">\n\t<span class=\"price\"><span class=\"woocommerce-Price-amount amount\"><span class=\"woocommerce-Price-currencySymbol\">&#36;<\/span>&nbsp;48.90<\/span><\/span>\n<\/div>\t\t<\/div><!-- box-text -->\n\t<\/div><!-- box -->\n\t\t<\/div><!-- .col-inner -->\n<\/div><!-- col -->\t            \n\t        <\/div>\n","protected":false},"excerpt":{"rendered":"<p>do ka\u017cdego rodzaju sk\u00f3ry<br \/>\n30\u00a0ml &#8211; 1,0 fl.oz.<\/p>\n","protected":false},"featured_media":59499,"comment_status":"open","ping_status":"closed","template":"","meta":[],"_links":{"self":[{"href":"https:\/\/seacare.com\/pl\/wp-json\/wp\/v2\/product\/40611"}],"collection":[{"href":"https:\/\/seacare.com\/pl\/wp-json\/wp\/v2\/product"}],"about":[{"href":"https:\/\/seacare.com\/pl\/wp-json\/wp\/v2\/types\/product"}],"replies":[{"embeddable":true,"href":"https:\/\/seacare.com\/pl\/wp-json\/wp\/v2\/comments?post=40611"}],"wp:featuredmedia":[{"embeddable":true,"href":"https:\/\/seacare.com\/pl\/wp-json\/wp\/v2\/media\/59499"}],"wp:attachment":[{"href":"https:\/\/seacare.com\/pl\/wp-json\/wp\/v2\/media?parent=40611"}],"curies":[{"name":"wp","href":"https:\/\/api.w.org\/{rel}","templated":true}]}}