{"id":40619,"date":"2020-06-10T15:34:02","date_gmt":"2021-06-02T15:14:41","guid":{"rendered":"https:\/\/seacare.com\/ru\/?post_type=product&#038;p=40619"},"modified":"2021-06-03T13:49:41","modified_gmt":"2021-06-03T10:49:41","slug":"organiczny-olejek-do-twarzy-jojoba-30-ml-seacare","status":"publish","type":"product","link":"https:\/\/seacare.com\/pl\/produkt\/organiczny-olejek-do-twarzy-jojoba-30-ml-seacare\/","title":{"rendered":"Organiczny olejek do twarzy jojoba, 30 ml, SeaCare"},"content":{"rendered":"<p>Certyfikowany ECOCERT SeaCare Organiczny olejek do twarzy jojoba b\u0142yskawicznie nawil\u017ca i przywraca zdrow\u0105, g\u0142adk\u0105 i promienn\u0105 sk\u00f3r\u0119. SeaCare olejek jojoba zawiera sk\u0142adniki od\u017cywcze, takie jak witaminy E i B, a tak\u017ce przeciwutleniacze i minera\u0142y, takie jak chrom, mied\u017a i cynk, kt\u00f3re od\u017cywiaj\u0105 i chroni\u0105 sk\u00f3r\u0119. Olejek jojoba mo\u017ce pom\u00f3c spowolni\u0107 proces starzenia i pojawianie si\u0119 zmarszczek. Ponadto, poniewa\u017c organiczny olejej jojoba jest bardzo podobny do sebum, mo\u017ce sprawi\u0107, \u017ce sk\u00f3ra pomy\u015bli, \u017ce wyprodukowa\u0142a wystarczaj\u0105c\u0105 ilo\u015b\u0107 t\u0142uszczu, a tym samym zr\u00f3wnowa\u017cy jego produkcj\u0119, zapobiegaj\u0105c tr\u0105dzikowi i innym problemom sk\u00f3rnym. Nawil\u017caj\u0105ce dzia\u0142anie olejku jojoba \u0142agodzi oparzenia s\u0142oneczne i pomaga zmniejszy\u0107 ryzyko \u0142uszczenia si\u0119. W przeciwie\u0144stwie do innych olejk\u00f3w do piel\u0119gnacji sk\u00f3ry, SeaCare Organiczny olejek jojoba ma struktur\u0119 bardzo podobn\u0105 do naturalnych t\u0142uszcz\u00f3w naszej sk\u00f3ry, co oznacza, \u017ce nie tylko nawil\u017ca, ale wch\u0142ania si\u0119 szybciej ni\u017c inne olejki. Odpowiedni dla ka\u017cdego rodzaju sk\u00f3ry!<\/p>\n<p><strong>Organiczne kosmetyki SeaCare s\u0105 wytwarzane zgodnie ze \u015bcis\u0142ymi normami COSMOS i posiadaj\u0105 certyfikat ECOCERT.<\/strong><\/p>\n<p><strong>Spos\u00f3b u\u017cycia:<\/strong> nanie\u015b kilka kropli na d\u0142onie i delikatnie wmasuj w twarz i szyj\u0119. Aby uzyska\u0107 najlepsze rezultaty, stosuj rano i wieczorem.<\/p>\n<h3>Kluczowe sk\u0142adniki<\/h3>\n<hr \/>\n<div class=\"row\"  id=\"row-1466879374\">\n<div class=\"col medium-6 small-12 large-6\"  ><div class=\"col-inner\"  >\n<div class=\"row\"  id=\"row-337480039\">\n<div class=\"col medium-3 small-12 large-3\"  ><div class=\"col-inner\"  >\n    <div class=\"img has-hover x md-x lg-x y md-y lg-y\" id=\"image_1404542837\">\n                <div class=\"img-inner dark\" >\n        <img loading=\"lazy\" decoding=\"async\" width=\"500\" height=\"500\" src=\"https:\/\/seacare.com\/wp-content\/uploads\/2017\/03\/jojoba.png\" class=\"attachment-large size-large\" alt=\"\u0416\u043e\u0436\u043e\u0431\u0430\" srcset=\"https:\/\/seacare.com\/wp-content\/uploads\/2017\/03\/jojoba.png 500w, https:\/\/seacare.com\/wp-content\/uploads\/2017\/03\/jojoba-280x280.png 280w, https:\/\/seacare.com\/wp-content\/uploads\/2017\/03\/jojoba-400x400.png 400w, https:\/\/seacare.com\/wp-content\/uploads\/2017\/03\/jojoba-180x180.png 180w, https:\/\/seacare.com\/wp-content\/uploads\/2017\/03\/jojoba-300x300.png 300w\" sizes=\"(max-width: 500px) 100vw, 500px\" \/>                \n            <\/div>\n                   \n<style scope=\"scope\">\n\n<\/style>\n    <\/div>\n    \n<\/div><\/div>\n<div class=\"col medium-9 small-12 large-9\"  ><div class=\"col-inner\"  >\n<h4>Olejek jojoba<\/h4>\n<p>Olejej jojoba sprawia, \u017ce sk\u00f3ra jest uj\u0119drniona i elastyczna, nawil\u017ca, i czyni j\u0105 mniej such\u0105. Pomaga od zmarszczek, w sk\u00f3rze spowalnia procesy starzenia si\u0119, ton sk\u00f3ry jest wyr\u00f3wnany.  <a href=\"\/pl\/olejek-jojoba\/\">Szczeg\u00f3\u0142owy&#8230;<\/a><\/p>\n<\/div><\/div>\n<\/div>\n<\/div><\/div>\n<\/div>\n<h3>Inne produkty w linii<\/h3>\n\n  \n    <div class=\"row large-columns-4 medium-columns- small-columns-2 row-small slider row-slider slider-nav-reveal slider-nav-push\"  data-flickity-options='{\"imagesLoaded\": true, \"groupCells\": \"100%\", \"dragThreshold\" : 5, \"cellAlign\": \"left\",\"wrapAround\": true,\"prevNextButtons\": true,\"percentPosition\": true,\"pageDots\": false, \"rightToLeft\": false, \"autoPlay\" : false}'>\n\n  \t\n\t            \t\t\t\t\t\n<div class=\"product-small col has-hover post-40611 product type-product status-publish has-post-thumbnail product_cat-kosmetyki-do-twarzy product_cat-kosmetyki-organiczne product_cat-naturalne-oleje-organiczne product_cat-olejeki-do-twarzy first instock shipping-taxable purchasable product-type-simple\">\n\t<div class=\"col-inner\">\t\n\t\n<div class=\"badge-container absolute left top z-1\">\n<\/div>\t<div class=\"product-small box \">\n\t\t<div class=\"box-image\">\n\t\t\t<div class=\"image-none\">\n\t\t\t\t<a href=\"https:\/\/seacare.com\/pl\/produkt\/organiczny-olejek-arganowy-do-twarzy-i-ust-30-ml-seacare\/\">\n\t\t\t\t\t<img loading=\"lazy\" decoding=\"async\" width=\"247\" height=\"300\" src=\"https:\/\/seacare.com\/wp-content\/uploads\/2020\/06\/Organic-Care-Argan-Face-Lip-Oil-SC-1-copy-247x300.jpg\" class=\"attachment-shop_catalog size-shop_catalog wp-post-image\" alt=\"Organic Care Argan Face &amp; Lip Oil \u041b\u0435\u0442\u0443\u0430\u043b\u044c\" title=\"Organic Care Argan Face &amp; Lip Oil \u041b\u0435\u0442\u0443\u0430\u043b\u044c\" \/>\t\t\t\t<\/a>\n\t\t\t<\/div>\n\t\t\t<div class=\"image-tools is-small top right show-on-hover\">\n\t\t\t\t\t\t\t<\/div>\n\t\t\t<div class=\"image-tools is-small hide-for-small bottom left show-on-hover\">\n\t\t\t\t\t\t\t<\/div>\n\t\t\t<div class=\"image-tools grid-tools text-center hide-for-small bottom hover-slide-in show-on-hover\">\n\t\t\t\t  <a class=\"quick-view\" data-prod=\"40611\" href=\"#quick-view\">Quick View<\/a>\t\t\t<\/div>\n\t\t\t\t\t<\/div><!-- box-image -->\n\n\t\t<div class=\"box-text box-text-products\">\n\t\t\t<div class=\"title-wrapper\">  <p class=\"category uppercase is-smaller no-text-overflow product-cat op-7\">\n        Kosmetyki do twarzy   <\/p> <p class=\"name product-title\"><a href=\"https:\/\/seacare.com\/pl\/produkt\/organiczny-olejek-arganowy-do-twarzy-i-ust-30-ml-seacare\/\">Organiczny olejek arganowy do twarzy i ust, 30 ml, SeaCare<\/a><\/p><\/div><div class=\"price-wrapper\">\n\t<span class=\"price\"><span class=\"woocommerce-Price-amount amount\"><span class=\"woocommerce-Price-currencySymbol\">&#36;<\/span>&nbsp;59.90<\/span><\/span>\n<\/div>\t\t<\/div><!-- box-text -->\n\t<\/div><!-- box -->\n\t\t<\/div><!-- .col-inner -->\n<\/div><!-- col -->\t            \n\t        <\/div>\n<h3>Podobne produkty w innych liniach<\/h3>\n\n  \n    <div class=\"row large-columns-4 medium-columns- small-columns-2 row-small slider row-slider slider-nav-reveal slider-nav-push\"  data-flickity-options='{\"imagesLoaded\": true, \"groupCells\": \"100%\", \"dragThreshold\" : 5, \"cellAlign\": \"left\",\"wrapAround\": true,\"prevNextButtons\": true,\"percentPosition\": true,\"pageDots\": false, \"rightToLeft\": false, \"autoPlay\" : false}'>\n\n  \t\n\t            \t\t\t\t\t\n<div class=\"product-small col has-hover post-40433 product type-product status-publish has-post-thumbnail product_cat-kosmetyczne-przeciwtradzikowe product_cat-kosmetyki-do-twarzy product_cat-kremy-do-twarzy-i-oczu product_cat-linia-przeciwtradzikowa first instock shipping-taxable purchasable product-type-simple\">\n\t<div class=\"col-inner\">\t\n\t\n<div class=\"badge-container absolute left top z-1\">\n<\/div>\t<div class=\"product-small box \">\n\t\t<div class=\"box-image\">\n\t\t\t<div class=\"image-none\">\n\t\t\t\t<a href=\"https:\/\/seacare.com\/pl\/produkt\/krem-przeciwtradzikowy-na-tradzik-i-zaskorniki-50-ml-seacare\/\">\n\t\t\t\t\t<img loading=\"lazy\" decoding=\"async\" width=\"247\" height=\"300\" src=\"https:\/\/seacare.com\/wp-content\/uploads\/2019\/11\/1-2-247x300.jpg\" class=\"attachment-shop_catalog size-shop_catalog wp-post-image\" alt=\"1\" title=\"1\" \/>\t\t\t\t<\/a>\n\t\t\t<\/div>\n\t\t\t<div class=\"image-tools is-small top right show-on-hover\">\n\t\t\t\t\t\t\t<\/div>\n\t\t\t<div class=\"image-tools is-small hide-for-small bottom left show-on-hover\">\n\t\t\t\t\t\t\t<\/div>\n\t\t\t<div class=\"image-tools grid-tools text-center hide-for-small bottom hover-slide-in show-on-hover\">\n\t\t\t\t  <a class=\"quick-view\" data-prod=\"40433\" href=\"#quick-view\">Quick View<\/a>\t\t\t<\/div>\n\t\t\t\t\t<\/div><!-- box-image -->\n\n\t\t<div class=\"box-text box-text-products\">\n\t\t\t<div class=\"title-wrapper\">  <p class=\"category uppercase is-smaller no-text-overflow product-cat op-7\">\n        Kosmetyczne przeciwtr\u0105dzikowe   <\/p> <p class=\"name product-title\"><a href=\"https:\/\/seacare.com\/pl\/produkt\/krem-przeciwtradzikowy-na-tradzik-i-zaskorniki-50-ml-seacare\/\">Krem przeciwtr\u0105dzikowy na tr\u0105dzik i zask\u00f3rniki, 50 ml, SeaCare<\/a><\/p><\/div><div class=\"price-wrapper\">\n\t<span class=\"price\"><span class=\"woocommerce-Price-amount amount\"><span class=\"woocommerce-Price-currencySymbol\">&#36;<\/span>&nbsp;58.90<\/span><\/span>\n<\/div>\t\t<\/div><!-- box-text -->\n\t<\/div><!-- box -->\n\t\t<\/div><!-- .col-inner -->\n<\/div><!-- col -->\t            \t\t\t\t\t\n<div class=\"product-small col has-hover post-40112 product type-product status-publish has-post-thumbnail product_cat-kosmetyki-do-twarzy product_cat-kosmetyki-organiczne product_cat-kosmetyki-przeciwstarzeniowe product_cat-kremy-do-twarzy-i-oczu product_cat-odmladzajaca-linia-organiczna product_tag-gladka-skora-twarzy product_tag-kremy-na-noc product_tag-mlodosc-skory-twarzy product_tag-odmladzanie  instock shipping-taxable purchasable product-type-simple\">\n\t<div class=\"col-inner\">\t\n\t\n<div class=\"badge-container absolute left top z-1\">\n<\/div>\t<div class=\"product-small box \">\n\t\t<div class=\"box-image\">\n\t\t\t<div class=\"image-none\">\n\t\t\t\t<a href=\"https:\/\/seacare.com\/pl\/produkt\/odmladzajacy-organiczny-krem-na-noc-50-ml-seacare\/\">\n\t\t\t\t\t<img loading=\"lazy\" decoding=\"async\" width=\"247\" height=\"247\" src=\"https:\/\/seacare.com\/wp-content\/uploads\/2019\/10\/11-\u043a\u043e\u043f\u0438\u044f.jpg\" class=\"attachment-shop_catalog size-shop_catalog wp-post-image\" alt=\"\u041e\u043c\u043e\u043b\u0430\u0436\u0438\u0432\u0430\u044e\u0449\u0438\u0439 \u041d\u043e\u0447\u043d\u043e\u0439 \u041a\u0440\u0435\u043c\" title=\"\u041e\u043c\u043e\u043b\u0430\u0436\u0438\u0432\u0430\u044e\u0449\u0438\u0439 \u041d\u043e\u0447\u043d\u043e\u0439 \u041a\u0440\u0435\u043c\" \/>\t\t\t\t<\/a>\n\t\t\t<\/div>\n\t\t\t<div class=\"image-tools is-small top right show-on-hover\">\n\t\t\t\t\t\t\t<\/div>\n\t\t\t<div class=\"image-tools is-small hide-for-small bottom left show-on-hover\">\n\t\t\t\t\t\t\t<\/div>\n\t\t\t<div class=\"image-tools grid-tools text-center hide-for-small bottom hover-slide-in show-on-hover\">\n\t\t\t\t  <a class=\"quick-view\" data-prod=\"40112\" href=\"#quick-view\">Quick View<\/a>\t\t\t<\/div>\n\t\t\t\t\t<\/div><!-- box-image -->\n\n\t\t<div class=\"box-text box-text-products\">\n\t\t\t<div class=\"title-wrapper\">  <p class=\"category uppercase is-smaller no-text-overflow product-cat op-7\">\n        Kosmetyki do twarzy   <\/p> <p class=\"name product-title\"><a href=\"https:\/\/seacare.com\/pl\/produkt\/odmladzajacy-organiczny-krem-na-noc-50-ml-seacare\/\">Odm\u0142adzaj\u0105cy organiczny krem na noc, 50 ml, SeaCare<\/a><\/p><\/div><div class=\"price-wrapper\">\n\t<span class=\"price\"><span class=\"woocommerce-Price-amount amount\"><span class=\"woocommerce-Price-currencySymbol\">&#36;<\/span>&nbsp;44.90<\/span><\/span>\n<\/div>\t\t<\/div><!-- box-text -->\n\t<\/div><!-- box -->\n\t\t<\/div><!-- .col-inner -->\n<\/div><!-- col -->\t            \t\t\t\t\t\n<div class=\"product-small col has-hover post-40198 product type-product status-publish has-post-thumbnail product_cat-kosmetyki-do-twarzy product_cat-kosmetyki-przeciwstarzeniowe product_cat-kremy-do-twarzy-i-oczu product_cat-linia-multiwitaminowa product_tag-gladka-skora product_tag-piekna-skora product_tag-witaminy  instock shipping-taxable purchasable product-type-simple\">\n\t<div class=\"col-inner\">\t\n\t\n<div class=\"badge-container absolute left top z-1\">\n<\/div>\t<div class=\"product-small box \">\n\t\t<div class=\"box-image\">\n\t\t\t<div class=\"image-none\">\n\t\t\t\t<a href=\"https:\/\/seacare.com\/pl\/produkt\/multiwitaminowy-krem-na-dzien-50-ml-seacare\/\">\n\t\t\t\t\t<img loading=\"lazy\" decoding=\"async\" width=\"247\" height=\"300\" src=\"https:\/\/seacare.com\/wp-content\/uploads\/2017\/03\/\u0412\u0438\u0442\u0430\u043c\u0438\u043d_\u0414\u043d\u0435\u0432\u043d\u043e\u0439-107-247x300.jpg\" class=\"attachment-shop_catalog size-shop_catalog wp-post-image\" alt=\"\u0412\u0438\u0442\u0430\u043c\u0438\u043d_\u0414\u043d\u0435\u0432\u043d\u043e\u0439 107\" title=\"\u0412\u0438\u0442\u0430\u043c\u0438\u043d_\u0414\u043d\u0435\u0432\u043d\u043e\u0439 107\" \/>\t\t\t\t<\/a>\n\t\t\t<\/div>\n\t\t\t<div class=\"image-tools is-small top right show-on-hover\">\n\t\t\t\t\t\t\t<\/div>\n\t\t\t<div class=\"image-tools is-small hide-for-small bottom left show-on-hover\">\n\t\t\t\t\t\t\t<\/div>\n\t\t\t<div class=\"image-tools grid-tools text-center hide-for-small bottom hover-slide-in show-on-hover\">\n\t\t\t\t  <a class=\"quick-view\" data-prod=\"40198\" href=\"#quick-view\">Quick View<\/a>\t\t\t<\/div>\n\t\t\t\t\t<\/div><!-- box-image -->\n\n\t\t<div class=\"box-text box-text-products\">\n\t\t\t<div class=\"title-wrapper\">  <p class=\"category uppercase is-smaller no-text-overflow product-cat op-7\">\n        Kosmetyki do twarzy   <\/p> <p class=\"name product-title\"><a href=\"https:\/\/seacare.com\/pl\/produkt\/multiwitaminowy-krem-na-dzien-50-ml-seacare\/\">Multiwitaminowy krem na dzie\u0144, 50 ml, SeaCare<\/a><\/p><\/div><div class=\"price-wrapper\">\n\t<span class=\"price\"><span class=\"woocommerce-Price-amount amount\"><span class=\"woocommerce-Price-currencySymbol\">&#36;<\/span>&nbsp;45.90<\/span><\/span>\n<\/div>\t\t<\/div><!-- box-text -->\n\t<\/div><!-- box -->\n\t\t<\/div><!-- .col-inner -->\n<\/div><!-- col -->\t            \t\t\t\t\t\n<div class=\"product-small col has-hover post-40099 product type-product status-publish has-post-thumbnail product_cat-kosmetyki-do-twarzy product_cat-kosmetyki-przeciwstarzeniowe product_cat-linia-przeciwstarzeniowa product_cat-serum-do-twarzy-i-oczu product_tag-gladka-skora-twarzy product_tag-mlodosc-skory-twarzy product_tag-odmladzanie product_tag-piekna-skora last instock shipping-taxable purchasable product-type-simple\">\n\t<div class=\"col-inner\">\t\n\t\n<div class=\"badge-container absolute left top z-1\">\n<\/div>\t<div class=\"product-small box \">\n\t\t<div class=\"box-image\">\n\t\t\t<div class=\"image-none\">\n\t\t\t\t<a href=\"https:\/\/seacare.com\/pl\/produkt\/serum-przeciwzmarszczkowe-do-twarzy-50-ml-seacare\/\">\n\t\t\t\t\t<img loading=\"lazy\" decoding=\"async\" width=\"247\" height=\"300\" src=\"https:\/\/seacare.com\/wp-content\/uploads\/2017\/03\/1-20-247x300.jpg\" class=\"attachment-shop_catalog size-shop_catalog wp-post-image\" alt=\"1\" title=\"1\" \/>\t\t\t\t<\/a>\n\t\t\t<\/div>\n\t\t\t<div class=\"image-tools is-small top right show-on-hover\">\n\t\t\t\t\t\t\t<\/div>\n\t\t\t<div class=\"image-tools is-small hide-for-small bottom left show-on-hover\">\n\t\t\t\t\t\t\t<\/div>\n\t\t\t<div class=\"image-tools grid-tools text-center hide-for-small bottom hover-slide-in show-on-hover\">\n\t\t\t\t  <a class=\"quick-view\" data-prod=\"40099\" href=\"#quick-view\">Quick View<\/a>\t\t\t<\/div>\n\t\t\t\t\t<\/div><!-- box-image -->\n\n\t\t<div class=\"box-text box-text-products\">\n\t\t\t<div class=\"title-wrapper\">  <p class=\"category uppercase is-smaller no-text-overflow product-cat op-7\">\n        Kosmetyki do twarzy   <\/p> <p class=\"name product-title\"><a href=\"https:\/\/seacare.com\/pl\/produkt\/serum-przeciwzmarszczkowe-do-twarzy-50-ml-seacare\/\">Serum przeciwzmarszczkowe do twarzy, 50 ml, SeaCare<\/a><\/p><\/div><div class=\"price-wrapper\">\n\t<span class=\"price\"><span class=\"woocommerce-Price-amount amount\"><span class=\"woocommerce-Price-currencySymbol\">&#36;<\/span>&nbsp;56.90<\/span><\/span>\n<\/div>\t\t<\/div><!-- box-text -->\n\t<\/div><!-- box -->\n\t\t<\/div><!-- .col-inner -->\n<\/div><!-- col -->\t            \t\t\t\t\t\n<div class=\"product-small col has-hover post-40046 product type-product status-publish has-post-thumbnail product_cat-24k-gold-linia product_cat-kosmetyki-do-twarzy product_cat-kosmetyki-przeciwstarzeniowe product_cat-serum-do-twarzy-i-oczu product_tag-mlodosc-skory-twarzy product_tag-odmladzanie product_tag-piekna-skora first instock shipping-taxable purchasable product-type-simple\">\n\t<div class=\"col-inner\">\t\n\t\n<div class=\"badge-container absolute left top z-1\">\n<\/div>\t<div class=\"product-small box \">\n\t\t<div class=\"box-image\">\n\t\t\t<div class=\"image-none\">\n\t\t\t\t<a href=\"https:\/\/seacare.com\/pl\/produkt\/serum-przeciwzmarszczkowe-ujedrniajace-i-poprawiajace-kondycje-skory-50-ml-seacare\/\">\n\t\t\t\t\t<img loading=\"lazy\" decoding=\"async\" width=\"247\" height=\"300\" src=\"https:\/\/seacare.com\/wp-content\/uploads\/2018\/10\/1-3-247x300.jpg\" class=\"attachment-shop_catalog size-shop_catalog wp-post-image\" alt=\"1\" title=\"1\" \/>\t\t\t\t<\/a>\n\t\t\t<\/div>\n\t\t\t<div class=\"image-tools is-small top right show-on-hover\">\n\t\t\t\t\t\t\t<\/div>\n\t\t\t<div class=\"image-tools is-small hide-for-small bottom left show-on-hover\">\n\t\t\t\t\t\t\t<\/div>\n\t\t\t<div class=\"image-tools grid-tools text-center hide-for-small bottom hover-slide-in show-on-hover\">\n\t\t\t\t  <a class=\"quick-view\" data-prod=\"40046\" href=\"#quick-view\">Quick View<\/a>\t\t\t<\/div>\n\t\t\t\t\t<\/div><!-- box-image -->\n\n\t\t<div class=\"box-text box-text-products\">\n\t\t\t<div class=\"title-wrapper\">  <p class=\"category uppercase is-smaller no-text-overflow product-cat op-7\">\n        24K Gold linia   <\/p> <p class=\"name product-title\"><a href=\"https:\/\/seacare.com\/pl\/produkt\/serum-przeciwzmarszczkowe-ujedrniajace-i-poprawiajace-kondycje-skory-50-ml-seacare\/\">Serum przeciwzmarszczkowe uj\u0119drniaj\u0105ce i poprawiaj\u0105ce kondycj\u0119 sk\u00f3ry, 50 ml, SeaCare<\/a><\/p><\/div><div class=\"price-wrapper\">\n\t<span class=\"price\"><span class=\"woocommerce-Price-amount amount\"><span class=\"woocommerce-Price-currencySymbol\">&#36;<\/span>&nbsp;64.90<\/span><\/span>\n<\/div>\t\t<\/div><!-- box-text -->\n\t<\/div><!-- box -->\n\t\t<\/div><!-- .col-inner -->\n<\/div><!-- col -->\t            \t\t\t\t\t\n<div class=\"product-small col has-hover post-40129 product type-product status-publish has-post-thumbnail product_cat-kosmetyki-do-twarzy product_cat-kosmetyki-organiczne product_cat-kosmetyki-przeciwstarzeniowe product_cat-odmladzajaca-linia-organiczna product_cat-serum-do-twarzy-i-oczu product_tag-gladka-skora product_tag-gladka-skora-twarzy product_tag-mlodosc-skory-twarzy product_tag-odmladzanie  instock shipping-taxable purchasable product-type-simple\">\n\t<div class=\"col-inner\">\t\n\t\n<div class=\"badge-container absolute left top z-1\">\n<\/div>\t<div class=\"product-small box \">\n\t\t<div class=\"box-image\">\n\t\t\t<div class=\"image-none\">\n\t\t\t\t<a href=\"https:\/\/seacare.com\/pl\/produkt\/odmladzajace-organiczne-serum-do-twarzy-50-ml-seacare\/\">\n\t\t\t\t\t<img loading=\"lazy\" decoding=\"async\" width=\"247\" height=\"300\" src=\"https:\/\/seacare.com\/wp-content\/uploads\/2019\/10\/1-4-247x300.jpg\" class=\"attachment-shop_catalog size-shop_catalog wp-post-image\" alt=\"1\" title=\"1\" \/>\t\t\t\t<\/a>\n\t\t\t<\/div>\n\t\t\t<div class=\"image-tools is-small top right show-on-hover\">\n\t\t\t\t\t\t\t<\/div>\n\t\t\t<div class=\"image-tools is-small hide-for-small bottom left show-on-hover\">\n\t\t\t\t\t\t\t<\/div>\n\t\t\t<div class=\"image-tools grid-tools text-center hide-for-small bottom hover-slide-in show-on-hover\">\n\t\t\t\t  <a class=\"quick-view\" data-prod=\"40129\" href=\"#quick-view\">Quick View<\/a>\t\t\t<\/div>\n\t\t\t\t\t<\/div><!-- box-image -->\n\n\t\t<div class=\"box-text box-text-products\">\n\t\t\t<div class=\"title-wrapper\">  <p class=\"category uppercase is-smaller no-text-overflow product-cat op-7\">\n        Kosmetyki do twarzy   <\/p> <p class=\"name product-title\"><a href=\"https:\/\/seacare.com\/pl\/produkt\/odmladzajace-organiczne-serum-do-twarzy-50-ml-seacare\/\">Odm\u0142adzaj\u0105ce organiczne serum do twarzy, 50 ml, SeaCare<\/a><\/p><\/div><div class=\"price-wrapper\">\n\t<span class=\"price\"><span class=\"woocommerce-Price-amount amount\"><span class=\"woocommerce-Price-currencySymbol\">&#36;<\/span>&nbsp;48.90<\/span><\/span>\n<\/div>\t\t<\/div><!-- box-text -->\n\t<\/div><!-- box -->\n\t\t<\/div><!-- .col-inner -->\n<\/div><!-- col -->\t            \n\t        <\/div>\n","protected":false},"excerpt":{"rendered":"<p>do ka\u017cdego rodzaju sk\u00f3ry<br \/>\n30\u00a0ml &#8211; 1,0 fl.oz.<\/p>\n","protected":false},"featured_media":59485,"comment_status":"open","ping_status":"closed","template":"","meta":[],"_links":{"self":[{"href":"https:\/\/seacare.com\/pl\/wp-json\/wp\/v2\/product\/40619"}],"collection":[{"href":"https:\/\/seacare.com\/pl\/wp-json\/wp\/v2\/product"}],"about":[{"href":"https:\/\/seacare.com\/pl\/wp-json\/wp\/v2\/types\/product"}],"replies":[{"embeddable":true,"href":"https:\/\/seacare.com\/pl\/wp-json\/wp\/v2\/comments?post=40619"}],"wp:featuredmedia":[{"embeddable":true,"href":"https:\/\/seacare.com\/pl\/wp-json\/wp\/v2\/media\/59485"}],"wp:attachment":[{"href":"https:\/\/seacare.com\/pl\/wp-json\/wp\/v2\/media?parent=40619"}],"curies":[{"name":"wp","href":"https:\/\/api.w.org\/{rel}","templated":true}]}}