{"id":42026,"date":"2021-06-04T10:11:58","date_gmt":"2021-06-04T07:11:58","guid":{"rendered":"https:\/\/seacare.com\/sk\/?page_id=42026"},"modified":"2021-06-08T15:24:00","modified_gmt":"2021-06-08T12:24:00","slug":"matrixyl","status":"publish","type":"page","link":"https:\/\/seacare.com\/sk\/matrixyl\/","title":{"rendered":"Matrixyl\u00ae"},"content":{"rendered":"<h1 style=\"text-align: center;\"><span data-text-color=\"primary\">Matrixyl\u00ae<\/span><\/h1>\n<p>Sederma predstavuje nov\u00fd produkt Matrixyl\u00ae synthe&#8217;6\u00ae, ktor\u00fd vyhovuje \u017eelaniam \u017eien: vypl\u0148uje vr\u00e1sky zvn\u00fatra, vr\u00e1sky na \u010dele, tak aj vr\u00e1sky okolo o\u010d\u00ed (vranov\u00e9 nohy) a rob\u00ed poko\u017eku vidite\u013ene hlad\u0161ou a pru\u017enej\u0161ou. V\u010faka \u00fa\u010dinku Matrixyl\u00ae synthe&#8217;6\u00ae stimuluje 6 hlavn\u00fdch komponentov poko\u017eky alebo epiderma (DEJ) a zabezpe\u010duje optim\u00e1lnu hladinu hydrat\u00e1cie poko\u017eky.<\/p>\n","protected":false},"excerpt":{"rendered":"<p>Matrixyl\u00ae Sederma predstavuje nov\u00fd produkt Matrixyl\u00ae synthe&#8217;6\u00ae, ktor\u00fd vyhovuje \u017eelaniam \u017eien: vypl\u0148uje vr\u00e1sky zvn\u00fatra, vr\u00e1sky na \u010dele, tak aj vr\u00e1sky okolo o\u010d\u00ed (vranov\u00e9 nohy) a rob\u00ed poko\u017eku vidite\u013ene hlad\u0161ou a pru\u017enej\u0161ou. V\u010faka \u00fa\u010dinku Matrixyl\u00ae synthe&#8217;6\u00ae stimuluje 6 hlavn\u00fdch komponentov poko\u017eky alebo epiderma (DEJ) a zabezpe\u010duje optim\u00e1lnu hladinu hydrat\u00e1cie poko\u017eky.<\/p>\n","protected":false},"author":1,"featured_media":0,"parent":0,"menu_order":0,"comment_status":"closed","ping_status":"closed","template":"","meta":{"footnotes":""},"_links":{"self":[{"href":"https:\/\/seacare.com\/sk\/wp-json\/wp\/v2\/pages\/42026"}],"collection":[{"href":"https:\/\/seacare.com\/sk\/wp-json\/wp\/v2\/pages"}],"about":[{"href":"https:\/\/seacare.com\/sk\/wp-json\/wp\/v2\/types\/page"}],"author":[{"embeddable":true,"href":"https:\/\/seacare.com\/sk\/wp-json\/wp\/v2\/users\/1"}],"replies":[{"embeddable":true,"href":"https:\/\/seacare.com\/sk\/wp-json\/wp\/v2\/comments?post=42026"}],"version-history":[{"count":1,"href":"https:\/\/seacare.com\/sk\/wp-json\/wp\/v2\/pages\/42026\/revisions"}],"predecessor-version":[{"id":42027,"href":"https:\/\/seacare.com\/sk\/wp-json\/wp\/v2\/pages\/42026\/revisions\/42027"}],"wp:attachment":[{"href":"https:\/\/seacare.com\/sk\/wp-json\/wp\/v2\/media?parent=42026"}],"curies":[{"name":"wp","href":"https:\/\/api.w.org\/{rel}","templated":true}]}}