{"id":42028,"date":"2021-06-04T10:50:06","date_gmt":"2021-06-04T07:50:06","guid":{"rendered":"https:\/\/seacare.com\/sk\/?page_id=42028"},"modified":"2021-06-08T15:24:02","modified_gmt":"2021-06-08T12:24:02","slug":"matrixyl-3000","status":"publish","type":"page","link":"https:\/\/seacare.com\/sk\/matrixyl-3000\/","title":{"rendered":"Matrixyl\u00ae 3000"},"content":{"rendered":"<h1 class=\"text-head\" style=\"text-align: center;\"><span data-text-color=\"primary\">Matrixyl<strong><sup>\u00ae<\/sup><\/strong> 3000<\/span><\/h1>\n<p>Matrixyl\u00ae 3000 je inovat\u00edvny peptid proti vr\u00e1skam. Matrixil obsahuje kombin\u00e1ciu peptidov \u201ematrix\u00edny\u201c, ktor\u00e9 povzbudzuj\u00fa poko\u017eku k tvorbe kolag\u00e9nu. Pom\u00e1ha stabilizova\u0165, zjem\u0148ova\u0165 a minimalizova\u0165 vzh\u013ead jemn\u00fdch l\u00edni\u00ed a vr\u00e1sok \u010d\u00edm sa dosahuje mladistv\u00fd vzh\u013ead poko\u017eky.<\/p>\n","protected":false},"excerpt":{"rendered":"<p>Matrixyl\u00ae 3000 Matrixyl\u00ae 3000 je inovat\u00edvny peptid proti vr\u00e1skam. Matrixil obsahuje kombin\u00e1ciu peptidov \u201ematrix\u00edny\u201c, ktor\u00e9 povzbudzuj\u00fa poko\u017eku k tvorbe kolag\u00e9nu. Pom\u00e1ha stabilizova\u0165, zjem\u0148ova\u0165 a minimalizova\u0165 vzh\u013ead jemn\u00fdch l\u00edni\u00ed a vr\u00e1sok \u010d\u00edm sa dosahuje mladistv\u00fd vzh\u013ead poko\u017eky.<\/p>\n","protected":false},"author":1,"featured_media":0,"parent":0,"menu_order":0,"comment_status":"closed","ping_status":"closed","template":"","meta":{"footnotes":""},"_links":{"self":[{"href":"https:\/\/seacare.com\/sk\/wp-json\/wp\/v2\/pages\/42028"}],"collection":[{"href":"https:\/\/seacare.com\/sk\/wp-json\/wp\/v2\/pages"}],"about":[{"href":"https:\/\/seacare.com\/sk\/wp-json\/wp\/v2\/types\/page"}],"author":[{"embeddable":true,"href":"https:\/\/seacare.com\/sk\/wp-json\/wp\/v2\/users\/1"}],"replies":[{"embeddable":true,"href":"https:\/\/seacare.com\/sk\/wp-json\/wp\/v2\/comments?post=42028"}],"version-history":[{"count":1,"href":"https:\/\/seacare.com\/sk\/wp-json\/wp\/v2\/pages\/42028\/revisions"}],"predecessor-version":[{"id":42029,"href":"https:\/\/seacare.com\/sk\/wp-json\/wp\/v2\/pages\/42028\/revisions\/42029"}],"wp:attachment":[{"href":"https:\/\/seacare.com\/sk\/wp-json\/wp\/v2\/media?parent=42028"}],"curies":[{"name":"wp","href":"https:\/\/api.w.org\/{rel}","templated":true}]}}