{"id":42031,"date":"2021-06-04T10:51:16","date_gmt":"2021-06-04T07:51:16","guid":{"rendered":"https:\/\/seacare.com\/sk\/?page_id=42031"},"modified":"2021-06-08T15:24:18","modified_gmt":"2021-06-08T12:24:18","slug":"renovage","status":"publish","type":"page","link":"https:\/\/seacare.com\/sk\/renovage\/","title":{"rendered":"Renovage\u2122"},"content":{"rendered":"<h1 class=\"text-head\" style=\"text-align: center;\"><span data-text-color=\"primary\">Renovage\u2122<\/span><\/h1>\n<p>Renovage\u2122 je jedn\u00e1 z najlep\u0161\u00edch franc\u00fazsk\u00fdch anti-aging akt\u00edvnych l\u00e1tok od Sederma, v\u00fdrobcu Matrixyl a aj in\u00e9 \u00fa\u010dinn\u00e9  pr\u00edrodn\u00e9 ingrediencie pre starostlivos\u0165 o ple\u0165. Klinicky je dok\u00e1zan\u00e9, \u017ee Renovage\u2122 obnovuje pevnos\u0165 a elasticitu poko\u017eky a zni\u017euje v\u00fdskyt prejavov starnutia poko\u017eky. Renovage\u2122 skuto\u010dne pom\u00e1ha obnovi\u0165 a predl\u017ei\u0165 \u017eivotnos\u0165 kme\u0148ov\u00fdch buniek pleti!<\/p>\n","protected":false},"excerpt":{"rendered":"<p>Renovage\u2122 Renovage\u2122 je jedn\u00e1 z najlep\u0161\u00edch franc\u00fazsk\u00fdch anti-aging akt\u00edvnych l\u00e1tok od Sederma, v\u00fdrobcu Matrixyl a aj in\u00e9 \u00fa\u010dinn\u00e9 pr\u00edrodn\u00e9 ingrediencie pre starostlivos\u0165 o ple\u0165. Klinicky je dok\u00e1zan\u00e9, \u017ee Renovage\u2122 obnovuje pevnos\u0165 a elasticitu poko\u017eky a zni\u017euje v\u00fdskyt prejavov starnutia poko\u017eky. Renovage\u2122 skuto\u010dne pom\u00e1ha obnovi\u0165 a predl\u017ei\u0165 \u017eivotnos\u0165 kme\u0148ov\u00fdch buniek pleti!<\/p>\n","protected":false},"author":1,"featured_media":0,"parent":0,"menu_order":0,"comment_status":"closed","ping_status":"closed","template":"","meta":{"footnotes":""},"_links":{"self":[{"href":"https:\/\/seacare.com\/sk\/wp-json\/wp\/v2\/pages\/42031"}],"collection":[{"href":"https:\/\/seacare.com\/sk\/wp-json\/wp\/v2\/pages"}],"about":[{"href":"https:\/\/seacare.com\/sk\/wp-json\/wp\/v2\/types\/page"}],"author":[{"embeddable":true,"href":"https:\/\/seacare.com\/sk\/wp-json\/wp\/v2\/users\/1"}],"replies":[{"embeddable":true,"href":"https:\/\/seacare.com\/sk\/wp-json\/wp\/v2\/comments?post=42031"}],"version-history":[{"count":1,"href":"https:\/\/seacare.com\/sk\/wp-json\/wp\/v2\/pages\/42031\/revisions"}],"predecessor-version":[{"id":42032,"href":"https:\/\/seacare.com\/sk\/wp-json\/wp\/v2\/pages\/42031\/revisions\/42032"}],"wp:attachment":[{"href":"https:\/\/seacare.com\/sk\/wp-json\/wp\/v2\/media?parent=42031"}],"curies":[{"name":"wp","href":"https:\/\/api.w.org\/{rel}","templated":true}]}}