{"id":42033,"date":"2021-06-04T10:52:20","date_gmt":"2021-06-04T07:52:20","guid":{"rendered":"https:\/\/seacare.com\/sk\/?page_id=42033"},"modified":"2021-06-08T15:22:49","modified_gmt":"2021-06-08T12:22:49","slug":"easyliance","status":"publish","type":"page","link":"https:\/\/seacare.com\/sk\/easyliance\/","title":{"rendered":"Easyliance"},"content":{"rendered":"<h1 class=\"text-head\" style=\"text-align: center;\"><span data-text-color=\"primary\">Easyliance<\/span><\/h1>\n<p>Easyliance  je to inovat\u00edvna pr\u00edrodn\u00e1 latka s liftingov\u00fdm \u00fa\u010dinkom, dlhodobo nap\u00edna a vy\u017eivuje ple\u0165, poskytuje okam\u017eit\u00fd a vidite\u013en\u00fd \u00fa\u010dinok na poko\u017eku, zvl\u00e1\u0161\u0165 zrete\u013en\u00fd v k\u00fatikoch o\u010d\u00ed a okolo \u00fast. Easyliance je 100% pr\u00edrodn\u00e1 latka, poskytuje okam\u017eit\u00fd vidite\u013en\u00fd efekt omladenia pleti, vyhladenie vr\u00e1sok za p\u00e1r min\u00fat hydratuje a redukuje vr\u00e1sky a vytv\u00e1ra elastick\u00fd film.<\/p>\n","protected":false},"excerpt":{"rendered":"<p>Easyliance Easyliance je to inovat\u00edvna pr\u00edrodn\u00e1 latka s liftingov\u00fdm \u00fa\u010dinkom, dlhodobo nap\u00edna a vy\u017eivuje ple\u0165, poskytuje okam\u017eit\u00fd a vidite\u013en\u00fd \u00fa\u010dinok na poko\u017eku, zvl\u00e1\u0161\u0165 zrete\u013en\u00fd v k\u00fatikoch o\u010d\u00ed a okolo \u00fast. Easyliance je 100% pr\u00edrodn\u00e1 latka, poskytuje okam\u017eit\u00fd vidite\u013en\u00fd efekt omladenia pleti, vyhladenie vr\u00e1sok za p\u00e1r min\u00fat hydratuje a redukuje vr\u00e1sky a vytv\u00e1ra elastick\u00fd film.<\/p>\n","protected":false},"author":1,"featured_media":0,"parent":0,"menu_order":0,"comment_status":"closed","ping_status":"closed","template":"","meta":{"footnotes":""},"_links":{"self":[{"href":"https:\/\/seacare.com\/sk\/wp-json\/wp\/v2\/pages\/42033"}],"collection":[{"href":"https:\/\/seacare.com\/sk\/wp-json\/wp\/v2\/pages"}],"about":[{"href":"https:\/\/seacare.com\/sk\/wp-json\/wp\/v2\/types\/page"}],"author":[{"embeddable":true,"href":"https:\/\/seacare.com\/sk\/wp-json\/wp\/v2\/users\/1"}],"replies":[{"embeddable":true,"href":"https:\/\/seacare.com\/sk\/wp-json\/wp\/v2\/comments?post=42033"}],"version-history":[{"count":1,"href":"https:\/\/seacare.com\/sk\/wp-json\/wp\/v2\/pages\/42033\/revisions"}],"predecessor-version":[{"id":42034,"href":"https:\/\/seacare.com\/sk\/wp-json\/wp\/v2\/pages\/42033\/revisions\/42034"}],"wp:attachment":[{"href":"https:\/\/seacare.com\/sk\/wp-json\/wp\/v2\/media?parent=42033"}],"curies":[{"name":"wp","href":"https:\/\/api.w.org\/{rel}","templated":true}]}}