{"id":42035,"date":"2021-06-04T10:57:43","date_gmt":"2021-06-04T07:57:43","guid":{"rendered":"https:\/\/seacare.com\/sk\/?page_id=42035"},"modified":"2021-06-08T15:23:54","modified_gmt":"2021-06-08T12:23:54","slug":"kyselina-hyaluronova","status":"publish","type":"page","link":"https:\/\/seacare.com\/sk\/kyselina-hyaluronova\/","title":{"rendered":"Kyselina hyalur\u00f3nov\u00e1"},"content":{"rendered":"<h1 class=\"text-head\" style=\"text-align: center;\"><span data-text-color=\"primary\">Kyselina hyalur\u00f3nov\u00e1<\/span><\/h1>\n<p>Kyselina hyalur\u00f3nov\u00e1 je k\u013e\u00fa\u010dovou zlo\u017ekou mnoh\u00fdch v\u00fdrobkov proti starnutiu a starostlivosti o ple\u0165. Pou\u017e\u00edva sa na hydrat\u00e1ciu poko\u017eky, redukciu vr\u00e1sok, zlep\u0161enie pevnosti poko\u017eky a n\u00e1jdete ju v s\u00e9rach, kr\u00e9moch a ple\u0165ov\u00fdch vod\u00e1ch. Dod\u00e1va poko\u017eke prirodzen\u00fd vzh\u013ead, obnovuje vlhkos\u0165, farbu a lesk poko\u017eky.<\/p>\n","protected":false},"excerpt":{"rendered":"<p>Kyselina hyalur\u00f3nov\u00e1 Kyselina hyalur\u00f3nov\u00e1 je k\u013e\u00fa\u010dovou zlo\u017ekou mnoh\u00fdch v\u00fdrobkov proti starnutiu a starostlivosti o ple\u0165. Pou\u017e\u00edva sa na hydrat\u00e1ciu poko\u017eky, redukciu vr\u00e1sok, zlep\u0161enie pevnosti poko\u017eky a n\u00e1jdete ju v s\u00e9rach, kr\u00e9moch a ple\u0165ov\u00fdch vod\u00e1ch. Dod\u00e1va poko\u017eke prirodzen\u00fd vzh\u013ead, obnovuje vlhkos\u0165, farbu a lesk poko\u017eky.<\/p>\n","protected":false},"author":1,"featured_media":0,"parent":0,"menu_order":0,"comment_status":"closed","ping_status":"closed","template":"","meta":{"footnotes":""},"_links":{"self":[{"href":"https:\/\/seacare.com\/sk\/wp-json\/wp\/v2\/pages\/42035"}],"collection":[{"href":"https:\/\/seacare.com\/sk\/wp-json\/wp\/v2\/pages"}],"about":[{"href":"https:\/\/seacare.com\/sk\/wp-json\/wp\/v2\/types\/page"}],"author":[{"embeddable":true,"href":"https:\/\/seacare.com\/sk\/wp-json\/wp\/v2\/users\/1"}],"replies":[{"embeddable":true,"href":"https:\/\/seacare.com\/sk\/wp-json\/wp\/v2\/comments?post=42035"}],"version-history":[{"count":1,"href":"https:\/\/seacare.com\/sk\/wp-json\/wp\/v2\/pages\/42035\/revisions"}],"predecessor-version":[{"id":42036,"href":"https:\/\/seacare.com\/sk\/wp-json\/wp\/v2\/pages\/42035\/revisions\/42036"}],"wp:attachment":[{"href":"https:\/\/seacare.com\/sk\/wp-json\/wp\/v2\/media?parent=42035"}],"curies":[{"name":"wp","href":"https:\/\/api.w.org\/{rel}","templated":true}]}}