{"id":42038,"date":"2021-06-04T10:58:50","date_gmt":"2021-06-04T07:58:50","guid":{"rendered":"https:\/\/seacare.com\/sk\/?page_id=42038"},"modified":"2021-06-08T15:24:38","modified_gmt":"2021-06-08T12:24:38","slug":"vitamin-a","status":"publish","type":"page","link":"https:\/\/seacare.com\/sk\/vitamin-a\/","title":{"rendered":"Vitam\u00edn A"},"content":{"rendered":"<h1 class=\"text-head\" style=\"text-align: center;\"><span data-text-color=\"primary\">Vitam\u00edn A<\/span><\/h1>\n<p>Vitam\u00edn A (retinol) pre tv\u00e1r pln\u00ed mno\u017estvo funkci\u00ed, ktor\u00e9 zais\u0165uj\u00fa celkov\u00e9 zdravie a \u017eiarivos\u0165 poko\u017eky: ur\u00fdch\u013euje krvn\u00fd obeh v poko\u017eke; eliminuje z\u00e1palov\u00e9 procesy; stimuluje procesy bunkovej obnovy; vyrovn\u00e1va reli\u00e9f tv\u00e1re; zvlh\u010duje, zvy\u0161uje pru\u017enos\u0165 a posil\u0148uje \u0161trukt\u00faru poko\u017eky.<\/p>\n","protected":false},"excerpt":{"rendered":"<p>Vitam\u00edn A Vitam\u00edn A (retinol) pre tv\u00e1r pln\u00ed mno\u017estvo funkci\u00ed, ktor\u00e9 zais\u0165uj\u00fa celkov\u00e9 zdravie a \u017eiarivos\u0165 poko\u017eky: ur\u00fdch\u013euje krvn\u00fd obeh v poko\u017eke; eliminuje z\u00e1palov\u00e9 procesy; stimuluje procesy bunkovej obnovy; vyrovn\u00e1va reli\u00e9f tv\u00e1re; zvlh\u010duje, zvy\u0161uje pru\u017enos\u0165 a posil\u0148uje \u0161trukt\u00faru poko\u017eky.<\/p>\n","protected":false},"author":1,"featured_media":0,"parent":0,"menu_order":0,"comment_status":"closed","ping_status":"closed","template":"","meta":{"footnotes":""},"_links":{"self":[{"href":"https:\/\/seacare.com\/sk\/wp-json\/wp\/v2\/pages\/42038"}],"collection":[{"href":"https:\/\/seacare.com\/sk\/wp-json\/wp\/v2\/pages"}],"about":[{"href":"https:\/\/seacare.com\/sk\/wp-json\/wp\/v2\/types\/page"}],"author":[{"embeddable":true,"href":"https:\/\/seacare.com\/sk\/wp-json\/wp\/v2\/users\/1"}],"replies":[{"embeddable":true,"href":"https:\/\/seacare.com\/sk\/wp-json\/wp\/v2\/comments?post=42038"}],"version-history":[{"count":1,"href":"https:\/\/seacare.com\/sk\/wp-json\/wp\/v2\/pages\/42038\/revisions"}],"predecessor-version":[{"id":42039,"href":"https:\/\/seacare.com\/sk\/wp-json\/wp\/v2\/pages\/42038\/revisions\/42039"}],"wp:attachment":[{"href":"https:\/\/seacare.com\/sk\/wp-json\/wp\/v2\/media?parent=42038"}],"curies":[{"name":"wp","href":"https:\/\/api.w.org\/{rel}","templated":true}]}}