{"id":42041,"date":"2021-06-04T11:00:14","date_gmt":"2021-06-04T08:00:14","guid":{"rendered":"https:\/\/seacare.com\/sk\/?page_id=42041"},"modified":"2021-06-08T15:24:40","modified_gmt":"2021-06-08T12:24:40","slug":"vitamin-e","status":"publish","type":"page","link":"https:\/\/seacare.com\/sk\/vitamin-e\/","title":{"rendered":"Vitam\u00edn E"},"content":{"rendered":"<h1 class=\"text-head\" style=\"text-align: center;\"><span data-text-color=\"primary\">Vitam\u00edn E<\/span><\/h1>\n<p>Vitam\u00edn E pom\u00e1ha predch\u00e1dza\u0165 prejavom starnutia neutraliz\u00e1ciou vo\u013en\u00fdch radik\u00e1lov. Vitam\u00edn E zvlh\u010duje a upokojuje poko\u017eku a tie\u017e bojuje proti z\u00e1palom. Vitam\u00edn E poskytuje SPF (slne\u010dn\u00fd ochrann\u00fd faktor) a pom\u00e1ha predch\u00e1dza\u0165 po\u0161kodeniu UV \u017eiaren\u00edm.<\/p>\n","protected":false},"excerpt":{"rendered":"<p>Vitam\u00edn E Vitam\u00edn E pom\u00e1ha predch\u00e1dza\u0165 prejavom starnutia neutraliz\u00e1ciou vo\u013en\u00fdch radik\u00e1lov. Vitam\u00edn E zvlh\u010duje a upokojuje poko\u017eku a tie\u017e bojuje proti z\u00e1palom. Vitam\u00edn E poskytuje SPF (slne\u010dn\u00fd ochrann\u00fd faktor) a pom\u00e1ha predch\u00e1dza\u0165 po\u0161kodeniu UV \u017eiaren\u00edm.<\/p>\n","protected":false},"author":1,"featured_media":0,"parent":0,"menu_order":0,"comment_status":"closed","ping_status":"closed","template":"","meta":{"footnotes":""},"_links":{"self":[{"href":"https:\/\/seacare.com\/sk\/wp-json\/wp\/v2\/pages\/42041"}],"collection":[{"href":"https:\/\/seacare.com\/sk\/wp-json\/wp\/v2\/pages"}],"about":[{"href":"https:\/\/seacare.com\/sk\/wp-json\/wp\/v2\/types\/page"}],"author":[{"embeddable":true,"href":"https:\/\/seacare.com\/sk\/wp-json\/wp\/v2\/users\/1"}],"replies":[{"embeddable":true,"href":"https:\/\/seacare.com\/sk\/wp-json\/wp\/v2\/comments?post=42041"}],"version-history":[{"count":1,"href":"https:\/\/seacare.com\/sk\/wp-json\/wp\/v2\/pages\/42041\/revisions"}],"predecessor-version":[{"id":42042,"href":"https:\/\/seacare.com\/sk\/wp-json\/wp\/v2\/pages\/42041\/revisions\/42042"}],"wp:attachment":[{"href":"https:\/\/seacare.com\/sk\/wp-json\/wp\/v2\/media?parent=42041"}],"curies":[{"name":"wp","href":"https:\/\/api.w.org\/{rel}","templated":true}]}}