{"id":42043,"date":"2021-06-04T11:01:27","date_gmt":"2021-06-04T08:01:27","guid":{"rendered":"https:\/\/seacare.com\/sk\/?page_id=42043"},"modified":"2021-06-08T15:23:13","modified_gmt":"2021-06-08T12:23:13","slug":"koenzym-q10","status":"publish","type":"page","link":"https:\/\/seacare.com\/sk\/koenzym-q10\/","title":{"rendered":"Koenz\u00fdm Q10"},"content":{"rendered":"<h1 style=\"text-align: center;\"><span data-text-color=\"primary\">Koenz\u00fdm Q10<\/span><\/h1>\n<p>Koenz\u00fdm Q10  m\u00e1 v \u013eudskom tele viacero d\u00f4le\u017eit\u00fdch funkci\u00ed. Podie\u013ea sa na biochemick\u00fdch procesoch vo vn\u00fatri n\u00e1\u0161ho tela, sl\u00fa\u017ei ako hlavn\u00fd prvok pri produkcii ATP. Vo v\u00e4\u010d\u0161ine na\u0161ich buniek tvor\u00ed energiu a m\u00e1 tie\u017e  antioxida\u010dn\u00e9 \u00fa\u010dinky, pom\u00e1ha spomali\u0165 proces starnutia sp\u00f4soben\u00fd tvorbou vo\u013en\u00fdch radik\u00e1lov.<\/p>\n","protected":false},"excerpt":{"rendered":"<p>Koenz\u00fdm Q10 Koenz\u00fdm Q10 m\u00e1 v \u013eudskom tele viacero d\u00f4le\u017eit\u00fdch funkci\u00ed. Podie\u013ea sa na biochemick\u00fdch procesoch vo vn\u00fatri n\u00e1\u0161ho tela, sl\u00fa\u017ei ako hlavn\u00fd prvok pri produkcii ATP. Vo v\u00e4\u010d\u0161ine na\u0161ich buniek tvor\u00ed energiu a m\u00e1 tie\u017e antioxida\u010dn\u00e9 \u00fa\u010dinky, pom\u00e1ha spomali\u0165 proces starnutia sp\u00f4soben\u00fd tvorbou vo\u013en\u00fdch radik\u00e1lov.<\/p>\n","protected":false},"author":1,"featured_media":0,"parent":0,"menu_order":0,"comment_status":"closed","ping_status":"closed","template":"","meta":{"footnotes":""},"_links":{"self":[{"href":"https:\/\/seacare.com\/sk\/wp-json\/wp\/v2\/pages\/42043"}],"collection":[{"href":"https:\/\/seacare.com\/sk\/wp-json\/wp\/v2\/pages"}],"about":[{"href":"https:\/\/seacare.com\/sk\/wp-json\/wp\/v2\/types\/page"}],"author":[{"embeddable":true,"href":"https:\/\/seacare.com\/sk\/wp-json\/wp\/v2\/users\/1"}],"replies":[{"embeddable":true,"href":"https:\/\/seacare.com\/sk\/wp-json\/wp\/v2\/comments?post=42043"}],"version-history":[{"count":1,"href":"https:\/\/seacare.com\/sk\/wp-json\/wp\/v2\/pages\/42043\/revisions"}],"predecessor-version":[{"id":42044,"href":"https:\/\/seacare.com\/sk\/wp-json\/wp\/v2\/pages\/42043\/revisions\/42044"}],"wp:attachment":[{"href":"https:\/\/seacare.com\/sk\/wp-json\/wp\/v2\/media?parent=42043"}],"curies":[{"name":"wp","href":"https:\/\/api.w.org\/{rel}","templated":true}]}}