{"id":42045,"date":"2021-06-04T11:02:22","date_gmt":"2021-06-04T08:02:22","guid":{"rendered":"https:\/\/seacare.com\/sk\/?page_id=42045"},"modified":"2021-06-08T15:22:35","modified_gmt":"2021-06-08T12:22:35","slug":"argireline","status":"publish","type":"page","link":"https:\/\/seacare.com\/sk\/argireline\/","title":{"rendered":"Argireline\u00ae"},"content":{"rendered":"<h1 class=\"text-head\" style=\"text-align: center;\"><span data-text-color=\"primary\">Argireline\u00ae<\/span><\/h1>\n<p>Argireline\u00ae  je to syntetick\u00fd peptid s n\u00edzkou molekulovou hmotnos\u0165ou, biologicky bezpe\u010dn\u00e1 alternat\u00edva k botoxu. Argirel\u00edn spoma\u013euje nadmern\u00fa produkciu katecholam\u00ednov (adrenal\u00edn, noradrenal\u00edn), ktor\u00e9 vyvol\u00e1vaj\u00fa tvorbu vr\u00e1sok na tv\u00e1ri. Uvo\u013enen\u00edm mimiky tie\u017e predl\u017euje pr\u00e1cu kyseliny hyalur\u00f3novej.<\/p>\n","protected":false},"excerpt":{"rendered":"<p>Argireline\u00ae Argireline\u00ae je to syntetick\u00fd peptid s n\u00edzkou molekulovou hmotnos\u0165ou, biologicky bezpe\u010dn\u00e1 alternat\u00edva k botoxu. Argirel\u00edn spoma\u013euje nadmern\u00fa produkciu katecholam\u00ednov (adrenal\u00edn, noradrenal\u00edn), ktor\u00e9 vyvol\u00e1vaj\u00fa tvorbu vr\u00e1sok na tv\u00e1ri. Uvo\u013enen\u00edm mimiky tie\u017e predl\u017euje pr\u00e1cu kyseliny hyalur\u00f3novej.<\/p>\n","protected":false},"author":1,"featured_media":0,"parent":0,"menu_order":0,"comment_status":"closed","ping_status":"closed","template":"","meta":{"footnotes":""},"_links":{"self":[{"href":"https:\/\/seacare.com\/sk\/wp-json\/wp\/v2\/pages\/42045"}],"collection":[{"href":"https:\/\/seacare.com\/sk\/wp-json\/wp\/v2\/pages"}],"about":[{"href":"https:\/\/seacare.com\/sk\/wp-json\/wp\/v2\/types\/page"}],"author":[{"embeddable":true,"href":"https:\/\/seacare.com\/sk\/wp-json\/wp\/v2\/users\/1"}],"replies":[{"embeddable":true,"href":"https:\/\/seacare.com\/sk\/wp-json\/wp\/v2\/comments?post=42045"}],"version-history":[{"count":1,"href":"https:\/\/seacare.com\/sk\/wp-json\/wp\/v2\/pages\/42045\/revisions"}],"predecessor-version":[{"id":42046,"href":"https:\/\/seacare.com\/sk\/wp-json\/wp\/v2\/pages\/42045\/revisions\/42046"}],"wp:attachment":[{"href":"https:\/\/seacare.com\/sk\/wp-json\/wp\/v2\/media?parent=42045"}],"curies":[{"name":"wp","href":"https:\/\/api.w.org\/{rel}","templated":true}]}}