{"id":42047,"date":"2021-06-04T11:03:25","date_gmt":"2021-06-04T08:03:25","guid":{"rendered":"https:\/\/seacare.com\/sk\/?page_id=42047"},"modified":"2021-06-08T15:22:51","modified_gmt":"2021-06-08T12:22:51","slug":"emulium-mellifera-mb","status":"publish","type":"page","link":"https:\/\/seacare.com\/sk\/emulium-mellifera-mb\/","title":{"rendered":"Emulium\u00ae Mellifera MB"},"content":{"rendered":"<h1 style=\"text-align: center;\"><span data-text-color=\"primary\">Emulium\u00ae Mellifera MB<\/span><\/h1>\n<p>Emulium Mellifera sa premie\u0148a na jemn\u00fd, sotva vn\u00edmate\u013en\u00fd \u201ez\u00e1voj\u201c na poko\u017eke, poskytuje vynikaj\u00facu hydrat\u00e1ciu a chr\u00e1ni poko\u017eku pred \u0161kodliv\u00fdmi vplyvmi prostredia. V zime je poko\u017eka upokojen\u00e1 a chr\u00e1nen\u00e1 pred dehydrat\u00e1ciou, v lete nie je na poko\u017eke nijako za\u0165a\u017een\u00e1 a nevyvol\u00e1va v\u00fdskyt mastn\u00e9ho lesku.<\/p>\n","protected":false},"excerpt":{"rendered":"<p>Emulium\u00ae Mellifera MB Emulium Mellifera sa premie\u0148a na jemn\u00fd, sotva vn\u00edmate\u013en\u00fd \u201ez\u00e1voj\u201c na poko\u017eke, poskytuje vynikaj\u00facu hydrat\u00e1ciu a chr\u00e1ni poko\u017eku pred \u0161kodliv\u00fdmi vplyvmi prostredia. V zime je poko\u017eka upokojen\u00e1 a chr\u00e1nen\u00e1 pred dehydrat\u00e1ciou, v lete nie je na poko\u017eke nijako za\u0165a\u017een\u00e1 a nevyvol\u00e1va v\u00fdskyt mastn\u00e9ho lesku.<\/p>\n","protected":false},"author":1,"featured_media":0,"parent":0,"menu_order":0,"comment_status":"closed","ping_status":"closed","template":"","meta":{"footnotes":""},"_links":{"self":[{"href":"https:\/\/seacare.com\/sk\/wp-json\/wp\/v2\/pages\/42047"}],"collection":[{"href":"https:\/\/seacare.com\/sk\/wp-json\/wp\/v2\/pages"}],"about":[{"href":"https:\/\/seacare.com\/sk\/wp-json\/wp\/v2\/types\/page"}],"author":[{"embeddable":true,"href":"https:\/\/seacare.com\/sk\/wp-json\/wp\/v2\/users\/1"}],"replies":[{"embeddable":true,"href":"https:\/\/seacare.com\/sk\/wp-json\/wp\/v2\/comments?post=42047"}],"version-history":[{"count":3,"href":"https:\/\/seacare.com\/sk\/wp-json\/wp\/v2\/pages\/42047\/revisions"}],"predecessor-version":[{"id":42579,"href":"https:\/\/seacare.com\/sk\/wp-json\/wp\/v2\/pages\/42047\/revisions\/42579"}],"wp:attachment":[{"href":"https:\/\/seacare.com\/sk\/wp-json\/wp\/v2\/media?parent=42047"}],"curies":[{"name":"wp","href":"https:\/\/api.w.org\/{rel}","templated":true}]}}