{"id":42049,"date":"2021-06-04T11:04:40","date_gmt":"2021-06-04T08:04:40","guid":{"rendered":"https:\/\/seacare.com\/sk\/?page_id=42049"},"modified":"2021-06-08T15:22:25","modified_gmt":"2021-06-08T12:22:25","slug":"acnacidol-bg","status":"publish","type":"page","link":"https:\/\/seacare.com\/sk\/acnacidol-bg\/","title":{"rendered":"Acnacidol\u2122\u00a0BG"},"content":{"rendered":"<h1 class=\"text-head\" style=\"text-align: center;\"><span data-text-color=\"primary\">Acnacidol\u2122\u00a0BG<\/span><\/h1>\n<p>Acnacidol\u2122 BG je inovat\u00edvna \u00fa\u010dinn\u00e1 synergick\u00e1 zmes zlo\u017eiek, ktor\u00e9 reguluj\u00fa a zmat\u0148uj\u00fa mastn\u00fa poko\u017eku,  vyroben\u00e1 z ric\u00ednov\u00e9ho oleja. Je to kombin\u00e1cia kyseliny 10-hydroxydek\u00e1novej, kyseliny sebakovej a dek\u00e1ndiolu, zameran\u00e1 na obnovenie fyziologickej rovnov\u00e1hy poko\u017eky n\u00e1chylnej na akn\u00e9.<\/p>\n","protected":false},"excerpt":{"rendered":"<p>Acnacidol\u2122\u00a0BG Acnacidol\u2122 BG je inovat\u00edvna \u00fa\u010dinn\u00e1 synergick\u00e1 zmes zlo\u017eiek, ktor\u00e9 reguluj\u00fa a zmat\u0148uj\u00fa mastn\u00fa poko\u017eku, vyroben\u00e1 z ric\u00ednov\u00e9ho oleja. Je to kombin\u00e1cia kyseliny 10-hydroxydek\u00e1novej, kyseliny sebakovej a dek\u00e1ndiolu, zameran\u00e1 na obnovenie fyziologickej rovnov\u00e1hy poko\u017eky n\u00e1chylnej na akn\u00e9.<\/p>\n","protected":false},"author":1,"featured_media":0,"parent":0,"menu_order":0,"comment_status":"closed","ping_status":"closed","template":"","meta":{"footnotes":""},"_links":{"self":[{"href":"https:\/\/seacare.com\/sk\/wp-json\/wp\/v2\/pages\/42049"}],"collection":[{"href":"https:\/\/seacare.com\/sk\/wp-json\/wp\/v2\/pages"}],"about":[{"href":"https:\/\/seacare.com\/sk\/wp-json\/wp\/v2\/types\/page"}],"author":[{"embeddable":true,"href":"https:\/\/seacare.com\/sk\/wp-json\/wp\/v2\/users\/1"}],"replies":[{"embeddable":true,"href":"https:\/\/seacare.com\/sk\/wp-json\/wp\/v2\/comments?post=42049"}],"version-history":[{"count":1,"href":"https:\/\/seacare.com\/sk\/wp-json\/wp\/v2\/pages\/42049\/revisions"}],"predecessor-version":[{"id":42050,"href":"https:\/\/seacare.com\/sk\/wp-json\/wp\/v2\/pages\/42049\/revisions\/42050"}],"wp:attachment":[{"href":"https:\/\/seacare.com\/sk\/wp-json\/wp\/v2\/media?parent=42049"}],"curies":[{"name":"wp","href":"https:\/\/api.w.org\/{rel}","templated":true}]}}