{"id":42051,"date":"2021-06-04T11:05:40","date_gmt":"2021-06-04T08:05:40","guid":{"rendered":"https:\/\/seacare.com\/sk\/?page_id=42051"},"modified":"2021-06-08T15:22:55","modified_gmt":"2021-06-08T12:22:55","slug":"evermat","status":"publish","type":"page","link":"https:\/\/seacare.com\/sk\/evermat\/","title":{"rendered":"Evermat\u2122"},"content":{"rendered":"<h1 class=\"text-head\" style=\"text-align: center;\"><span data-text-color=\"primary\">Evermat\u2122<\/span><\/h1>\n<p>Evermat\u2122 je  \u00fa\u010dinn\u00e1 l\u00e1tka pre starostlivos\u0165 o mastn\u00fa ple\u0165: m\u00e1 vynikaj\u00face matovacie vlastnosti, pom\u00e1ha s\u0165ahova\u0165 a s\u0165ahova\u0165 p\u00f3ry a vyrovn\u00e1va poko\u017eku. T\u00e1to zlo\u017eka je zalo\u017een\u00e1 na kyseline olejovej, rastlinnom extrakte a butyl\u00e9nglykole. Evermat m\u00e1 protiz\u00e1palov\u00e9 vlastnosti.<\/p>\n","protected":false},"excerpt":{"rendered":"<p>Evermat\u2122 Evermat\u2122 je \u00fa\u010dinn\u00e1 l\u00e1tka pre starostlivos\u0165 o mastn\u00fa ple\u0165: m\u00e1 vynikaj\u00face matovacie vlastnosti, pom\u00e1ha s\u0165ahova\u0165 a s\u0165ahova\u0165 p\u00f3ry a vyrovn\u00e1va poko\u017eku. T\u00e1to zlo\u017eka je zalo\u017een\u00e1 na kyseline olejovej, rastlinnom extrakte a butyl\u00e9nglykole. Evermat m\u00e1 protiz\u00e1palov\u00e9 vlastnosti.<\/p>\n","protected":false},"author":1,"featured_media":0,"parent":0,"menu_order":0,"comment_status":"closed","ping_status":"closed","template":"","meta":{"footnotes":""},"_links":{"self":[{"href":"https:\/\/seacare.com\/sk\/wp-json\/wp\/v2\/pages\/42051"}],"collection":[{"href":"https:\/\/seacare.com\/sk\/wp-json\/wp\/v2\/pages"}],"about":[{"href":"https:\/\/seacare.com\/sk\/wp-json\/wp\/v2\/types\/page"}],"author":[{"embeddable":true,"href":"https:\/\/seacare.com\/sk\/wp-json\/wp\/v2\/users\/1"}],"replies":[{"embeddable":true,"href":"https:\/\/seacare.com\/sk\/wp-json\/wp\/v2\/comments?post=42051"}],"version-history":[{"count":2,"href":"https:\/\/seacare.com\/sk\/wp-json\/wp\/v2\/pages\/42051\/revisions"}],"predecessor-version":[{"id":43119,"href":"https:\/\/seacare.com\/sk\/wp-json\/wp\/v2\/pages\/42051\/revisions\/43119"}],"wp:attachment":[{"href":"https:\/\/seacare.com\/sk\/wp-json\/wp\/v2\/media?parent=42051"}],"curies":[{"name":"wp","href":"https:\/\/api.w.org\/{rel}","templated":true}]}}