{"id":42053,"date":"2021-06-04T11:06:39","date_gmt":"2021-06-04T08:06:39","guid":{"rendered":"https:\/\/seacare.com\/sk\/?page_id=42053"},"modified":"2021-06-08T15:24:20","modified_gmt":"2021-06-08T12:24:20","slug":"resistem","status":"publish","type":"page","link":"https:\/\/seacare.com\/sk\/resistem\/","title":{"rendered":"Resistem\u2122"},"content":{"rendered":"<h1 class=\"text-head\" style=\"text-align: center;\"><span data-text-color=\"primary\">Resistem\u2122<\/span><\/h1>\n<p>Resistem\u2122 je to high-tech, anti-aging akt\u00edvna zlo\u017eka odvoden\u00e1 z kme\u0148ov\u00fdch buniek z rastliny Globularia cordifolia. Resystem p\u00f4sob\u00ed ako prostriedok na omladenie a \u00fapravu poko\u017eky. Pom\u00e1ha poko\u017eke zni\u017eova\u0165 hladinu l\u00e1tok, ktor\u00e9 sp\u00f4sobuj\u00fa starnutie a mikro z\u00e1palov\u00e9 procesy sp\u00f4soben\u00e9 tox\u00ednmi.<\/p>\n","protected":false},"excerpt":{"rendered":"<p>Resistem\u2122 Resistem\u2122 je to high-tech, anti-aging akt\u00edvna zlo\u017eka odvoden\u00e1 z kme\u0148ov\u00fdch buniek z rastliny Globularia cordifolia. Resystem p\u00f4sob\u00ed ako prostriedok na omladenie a \u00fapravu poko\u017eky. Pom\u00e1ha poko\u017eke zni\u017eova\u0165 hladinu l\u00e1tok, ktor\u00e9 sp\u00f4sobuj\u00fa starnutie a mikro z\u00e1palov\u00e9 procesy sp\u00f4soben\u00e9 tox\u00ednmi.<\/p>\n","protected":false},"author":1,"featured_media":0,"parent":0,"menu_order":0,"comment_status":"closed","ping_status":"closed","template":"","meta":{"footnotes":""},"_links":{"self":[{"href":"https:\/\/seacare.com\/sk\/wp-json\/wp\/v2\/pages\/42053"}],"collection":[{"href":"https:\/\/seacare.com\/sk\/wp-json\/wp\/v2\/pages"}],"about":[{"href":"https:\/\/seacare.com\/sk\/wp-json\/wp\/v2\/types\/page"}],"author":[{"embeddable":true,"href":"https:\/\/seacare.com\/sk\/wp-json\/wp\/v2\/users\/1"}],"replies":[{"embeddable":true,"href":"https:\/\/seacare.com\/sk\/wp-json\/wp\/v2\/comments?post=42053"}],"version-history":[{"count":2,"href":"https:\/\/seacare.com\/sk\/wp-json\/wp\/v2\/pages\/42053\/revisions"}],"predecessor-version":[{"id":43107,"href":"https:\/\/seacare.com\/sk\/wp-json\/wp\/v2\/pages\/42053\/revisions\/43107"}],"wp:attachment":[{"href":"https:\/\/seacare.com\/sk\/wp-json\/wp\/v2\/media?parent=42053"}],"curies":[{"name":"wp","href":"https:\/\/api.w.org\/{rel}","templated":true}]}}