{"id":42055,"date":"2021-06-04T11:07:33","date_gmt":"2021-06-04T08:07:33","guid":{"rendered":"https:\/\/seacare.com\/sk\/?page_id=42055"},"modified":"2021-06-08T15:24:22","modified_gmt":"2021-06-08T12:24:22","slug":"ronacare-bisabolol","status":"publish","type":"page","link":"https:\/\/seacare.com\/sk\/ronacare-bisabolol\/","title":{"rendered":"RonaCare\u00ae Bisabolol"},"content":{"rendered":"<h1 class=\"text-head\" style=\"text-align: center;\"><span data-text-color=\"primary\">RonaCare\u00ae Bisabolol<\/span><\/h1>\n<p>RonaCare\u00ae Bisabolol je v kozmeteol\u00f3gii zn\u00e1my ako \u00fa\u010dinn\u00e1 protiz\u00e1palov\u00e1 zlo\u017eka, ktor\u00e1 zmier\u0148uje ak\u00e9ko\u013evek podr\u00e1\u017edenie poko\u017eky bez oh\u013eadu na jej p\u00f4vod. Hlavnou funkciou RonaCare\u00ae Bisabolol v kozmetike je upokojenie poko\u017eky. Bisabolol zni\u017euje podr\u00e1\u017edenie poko\u017eky.<\/p>\n","protected":false},"excerpt":{"rendered":"<p>RonaCare\u00ae Bisabolol RonaCare\u00ae Bisabolol je v kozmeteol\u00f3gii zn\u00e1my ako \u00fa\u010dinn\u00e1 protiz\u00e1palov\u00e1 zlo\u017eka, ktor\u00e1 zmier\u0148uje ak\u00e9ko\u013evek podr\u00e1\u017edenie poko\u017eky bez oh\u013eadu na jej p\u00f4vod. Hlavnou funkciou RonaCare\u00ae Bisabolol v kozmetike je upokojenie poko\u017eky. Bisabolol zni\u017euje podr\u00e1\u017edenie poko\u017eky.<\/p>\n","protected":false},"author":1,"featured_media":0,"parent":0,"menu_order":0,"comment_status":"closed","ping_status":"closed","template":"","meta":{"footnotes":""},"_links":{"self":[{"href":"https:\/\/seacare.com\/sk\/wp-json\/wp\/v2\/pages\/42055"}],"collection":[{"href":"https:\/\/seacare.com\/sk\/wp-json\/wp\/v2\/pages"}],"about":[{"href":"https:\/\/seacare.com\/sk\/wp-json\/wp\/v2\/types\/page"}],"author":[{"embeddable":true,"href":"https:\/\/seacare.com\/sk\/wp-json\/wp\/v2\/users\/1"}],"replies":[{"embeddable":true,"href":"https:\/\/seacare.com\/sk\/wp-json\/wp\/v2\/comments?post=42055"}],"version-history":[{"count":1,"href":"https:\/\/seacare.com\/sk\/wp-json\/wp\/v2\/pages\/42055\/revisions"}],"predecessor-version":[{"id":42056,"href":"https:\/\/seacare.com\/sk\/wp-json\/wp\/v2\/pages\/42055\/revisions\/42056"}],"wp:attachment":[{"href":"https:\/\/seacare.com\/sk\/wp-json\/wp\/v2\/media?parent=42055"}],"curies":[{"name":"wp","href":"https:\/\/api.w.org\/{rel}","templated":true}]}}