{"id":42057,"date":"2021-06-04T11:13:17","date_gmt":"2021-06-04T08:13:17","guid":{"rendered":"https:\/\/seacare.com\/sk\/?page_id=42057"},"modified":"2021-06-08T15:24:25","modified_gmt":"2021-06-08T12:24:25","slug":"sepicontrol-a5","status":"publish","type":"page","link":"https:\/\/seacare.com\/sk\/sepicontrol-a5\/","title":{"rendered":"SEPICONTROL\u2122 A5"},"content":{"rendered":"<h1 class=\"text-head\" style=\"text-align: center;\"><span data-text-color=\"primary\">SEPICONTROL\u2122 A5<\/span><\/h1>\n<p>SEPICONTROL\u2122 A5 nov\u00e1 jedine\u010dn\u00e1 komplexn\u00e1 akt\u00edvna zlo\u017eka pre mastn\u00fa a probl\u00e9mov\u00fa poko\u017eku so sklonom k akn\u00e9, regul\u00e1tor ko\u017en\u00e9ho mazu (reguluje tvorbu ko\u017en\u00e9ho mazu) a komedolytick\u00fd (zabra\u0148uje tvorbe komed\u00f3nov). L\u00e1tky obsiahnut\u00e9 v jeho zlo\u017een\u00ed s\u00fa vybran\u00e9 tak, aby ovplyv\u0148ovali hlavn\u00e9 pr\u00ed\u010diny vzniku komed\u00f3nov.<\/p>\n","protected":false},"excerpt":{"rendered":"<p>SEPICONTROL\u2122 A5 SEPICONTROL\u2122 A5 nov\u00e1 jedine\u010dn\u00e1 komplexn\u00e1 akt\u00edvna zlo\u017eka pre mastn\u00fa a probl\u00e9mov\u00fa poko\u017eku so sklonom k akn\u00e9, regul\u00e1tor ko\u017en\u00e9ho mazu (reguluje tvorbu ko\u017en\u00e9ho mazu) a komedolytick\u00fd (zabra\u0148uje tvorbe komed\u00f3nov). L\u00e1tky obsiahnut\u00e9 v jeho zlo\u017een\u00ed s\u00fa vybran\u00e9 tak, aby ovplyv\u0148ovali hlavn\u00e9 pr\u00ed\u010diny vzniku komed\u00f3nov.<\/p>\n","protected":false},"author":1,"featured_media":0,"parent":0,"menu_order":0,"comment_status":"closed","ping_status":"closed","template":"","meta":{"footnotes":""},"_links":{"self":[{"href":"https:\/\/seacare.com\/sk\/wp-json\/wp\/v2\/pages\/42057"}],"collection":[{"href":"https:\/\/seacare.com\/sk\/wp-json\/wp\/v2\/pages"}],"about":[{"href":"https:\/\/seacare.com\/sk\/wp-json\/wp\/v2\/types\/page"}],"author":[{"embeddable":true,"href":"https:\/\/seacare.com\/sk\/wp-json\/wp\/v2\/users\/1"}],"replies":[{"embeddable":true,"href":"https:\/\/seacare.com\/sk\/wp-json\/wp\/v2\/comments?post=42057"}],"version-history":[{"count":1,"href":"https:\/\/seacare.com\/sk\/wp-json\/wp\/v2\/pages\/42057\/revisions"}],"predecessor-version":[{"id":42062,"href":"https:\/\/seacare.com\/sk\/wp-json\/wp\/v2\/pages\/42057\/revisions\/42062"}],"wp:attachment":[{"href":"https:\/\/seacare.com\/sk\/wp-json\/wp\/v2\/media?parent=42057"}],"curies":[{"name":"wp","href":"https:\/\/api.w.org\/{rel}","templated":true}]}}