{"id":42058,"date":"2021-06-04T11:14:09","date_gmt":"2021-06-04T08:14:09","guid":{"rendered":"https:\/\/seacare.com\/sk\/?page_id=42058"},"modified":"2021-06-08T15:22:53","modified_gmt":"2021-06-08T12:22:53","slug":"eps-seafill","status":"publish","type":"page","link":"https:\/\/seacare.com\/sk\/eps-seafill\/","title":{"rendered":"EPS Seafill"},"content":{"rendered":"<h1 class=\"text-head\" style=\"text-align: center;\"><span data-text-color=\"primary\">EPS Seafill<\/span><\/h1>\n<p>EPS Seafill  je  jedine\u010dn\u00fd, \u010dist\u00fd a pr\u00edrodn\u00fd ExoPolySacharid (EPS) pre okam\u017eit\u00e9 p\u00f4sobenie proti vr\u00e1skam. Z\u00edskava sa biotechnologicky pomocou morsk\u00fdch plankt\u00f3nov\u00fdch mikroorganizmov v Iroise Sea (Bret\u00f3nsko, Franc\u00fazsko). EPS Seafill m\u00e1 vysok\u00fa afinitu k poko\u017eke, dokonale vyp\u013a\u0148a vr\u00e1sky a vyhladzuje nervozitu \u00fa\u013eavy poko\u017eky.<\/p>\n","protected":false},"excerpt":{"rendered":"<p>EPS Seafill EPS Seafill je jedine\u010dn\u00fd, \u010dist\u00fd a pr\u00edrodn\u00fd ExoPolySacharid (EPS) pre okam\u017eit\u00e9 p\u00f4sobenie proti vr\u00e1skam. Z\u00edskava sa biotechnologicky pomocou morsk\u00fdch plankt\u00f3nov\u00fdch mikroorganizmov v Iroise Sea (Bret\u00f3nsko, Franc\u00fazsko). EPS Seafill m\u00e1 vysok\u00fa afinitu k poko\u017eke, dokonale vyp\u013a\u0148a vr\u00e1sky a vyhladzuje nervozitu \u00fa\u013eavy poko\u017eky.<\/p>\n","protected":false},"author":1,"featured_media":0,"parent":0,"menu_order":0,"comment_status":"closed","ping_status":"closed","template":"","meta":{"footnotes":""},"_links":{"self":[{"href":"https:\/\/seacare.com\/sk\/wp-json\/wp\/v2\/pages\/42058"}],"collection":[{"href":"https:\/\/seacare.com\/sk\/wp-json\/wp\/v2\/pages"}],"about":[{"href":"https:\/\/seacare.com\/sk\/wp-json\/wp\/v2\/types\/page"}],"author":[{"embeddable":true,"href":"https:\/\/seacare.com\/sk\/wp-json\/wp\/v2\/users\/1"}],"replies":[{"embeddable":true,"href":"https:\/\/seacare.com\/sk\/wp-json\/wp\/v2\/comments?post=42058"}],"version-history":[{"count":1,"href":"https:\/\/seacare.com\/sk\/wp-json\/wp\/v2\/pages\/42058\/revisions"}],"predecessor-version":[{"id":42063,"href":"https:\/\/seacare.com\/sk\/wp-json\/wp\/v2\/pages\/42058\/revisions\/42063"}],"wp:attachment":[{"href":"https:\/\/seacare.com\/sk\/wp-json\/wp\/v2\/media?parent=42058"}],"curies":[{"name":"wp","href":"https:\/\/api.w.org\/{rel}","templated":true}]}}