{"id":42059,"date":"2021-06-04T11:15:08","date_gmt":"2021-06-04T08:15:08","guid":{"rendered":"https:\/\/seacare.com\/sk\/?page_id=42059"},"modified":"2021-06-08T15:24:27","modified_gmt":"2021-06-08T12:24:27","slug":"sesaflash","status":"publish","type":"page","link":"https:\/\/seacare.com\/sk\/sesaflash\/","title":{"rendered":"SesaFlash\u00ae"},"content":{"rendered":"<h1 class=\"text-head\" style=\"text-align: center;\"><span data-text-color=\"primary\">SesaFlash\u00ae<\/span><\/h1>\n<p>SesaFlash\u00ae je siln\u00e1 pr\u00edrodn\u00e1 zlo\u017eka na sezamovom z\u00e1klade, ktor\u00e1 sa pou\u017e\u00edva v produktoch starostlivosti o poko\u017eku. SesaFlash\u00ae je zn\u00e1my t\u00fdm, \u017ee vr\u00e1sky a vaky pod o\u010dami skr\u00fdva takmer okam\u017eite. Produkuje vidite\u013en\u00fd efekt v priebehu 5-10 min\u00fat, \u010do z neho rob\u00ed ide\u00e1lny produkt starostlivosti o poko\u017eku, ktor\u00fd sa m\u00e1 aplikova\u0165 pred l\u00ed\u010den\u00edm.<\/p>\n","protected":false},"excerpt":{"rendered":"<p>SesaFlash\u00ae SesaFlash\u00ae je siln\u00e1 pr\u00edrodn\u00e1 zlo\u017eka na sezamovom z\u00e1klade, ktor\u00e1 sa pou\u017e\u00edva v produktoch starostlivosti o poko\u017eku. SesaFlash\u00ae je zn\u00e1my t\u00fdm, \u017ee vr\u00e1sky a vaky pod o\u010dami skr\u00fdva takmer okam\u017eite. Produkuje vidite\u013en\u00fd efekt v priebehu 5-10 min\u00fat, \u010do z neho rob\u00ed ide\u00e1lny produkt starostlivosti o poko\u017eku, ktor\u00fd sa m\u00e1 aplikova\u0165 pred l\u00ed\u010den\u00edm.<\/p>\n","protected":false},"author":1,"featured_media":0,"parent":0,"menu_order":0,"comment_status":"closed","ping_status":"closed","template":"","meta":{"footnotes":""},"_links":{"self":[{"href":"https:\/\/seacare.com\/sk\/wp-json\/wp\/v2\/pages\/42059"}],"collection":[{"href":"https:\/\/seacare.com\/sk\/wp-json\/wp\/v2\/pages"}],"about":[{"href":"https:\/\/seacare.com\/sk\/wp-json\/wp\/v2\/types\/page"}],"author":[{"embeddable":true,"href":"https:\/\/seacare.com\/sk\/wp-json\/wp\/v2\/users\/1"}],"replies":[{"embeddable":true,"href":"https:\/\/seacare.com\/sk\/wp-json\/wp\/v2\/comments?post=42059"}],"version-history":[{"count":1,"href":"https:\/\/seacare.com\/sk\/wp-json\/wp\/v2\/pages\/42059\/revisions"}],"predecessor-version":[{"id":42064,"href":"https:\/\/seacare.com\/sk\/wp-json\/wp\/v2\/pages\/42059\/revisions\/42064"}],"wp:attachment":[{"href":"https:\/\/seacare.com\/sk\/wp-json\/wp\/v2\/media?parent=42059"}],"curies":[{"name":"wp","href":"https:\/\/api.w.org\/{rel}","templated":true}]}}