{"id":42060,"date":"2021-06-04T11:16:05","date_gmt":"2021-06-04T08:16:05","guid":{"rendered":"https:\/\/seacare.com\/sk\/?page_id=42060"},"modified":"2021-06-08T15:24:16","modified_gmt":"2021-06-08T12:24:16","slug":"primalhyal-gold","status":"publish","type":"page","link":"https:\/\/seacare.com\/sk\/primalhyal-gold\/","title":{"rendered":"PrimalHyal\u2122 Gold"},"content":{"rendered":"<h1 class=\"text-head\" style=\"text-align: center;\"><span data-text-color=\"primary\">PrimalHyal\u2122 Gold <\/span><\/h1>\n<p>PrimalHyal\u2122 Gold  je nov\u00e9 technologick\u00e9 rie\u0161enie od \u0161vaj\u010diarskej chemickej spolo\u010dnosti Givaudan, vytvoren\u00e9 na z\u00e1klade udr\u017eate\u013en\u00fdch v\u00fdrobn\u00fdch procesov (bioferment\u00e1cia), ktor\u00e9 umo\u017e\u0148uje zavedenie hydratovan\u00e9ho hyaluron\u00e1tu do kozmetick\u00fdch formul\u00e1ci\u00ed na b\u00e1ze oleja. PrimalHyal\u2122 Gold  podporuje synt\u00e9zu kolag\u00e9nu a tie\u017e udr\u017euje vlhkos\u0165 poko\u017eky.<\/p>\n","protected":false},"excerpt":{"rendered":"<p>PrimalHyal\u2122 Gold PrimalHyal\u2122 Gold je nov\u00e9 technologick\u00e9 rie\u0161enie od \u0161vaj\u010diarskej chemickej spolo\u010dnosti Givaudan, vytvoren\u00e9 na z\u00e1klade udr\u017eate\u013en\u00fdch v\u00fdrobn\u00fdch procesov (bioferment\u00e1cia), ktor\u00e9 umo\u017e\u0148uje zavedenie hydratovan\u00e9ho hyaluron\u00e1tu do kozmetick\u00fdch formul\u00e1ci\u00ed na b\u00e1ze oleja. PrimalHyal\u2122 Gold podporuje synt\u00e9zu kolag\u00e9nu a tie\u017e udr\u017euje vlhkos\u0165 poko\u017eky.<\/p>\n","protected":false},"author":1,"featured_media":0,"parent":0,"menu_order":0,"comment_status":"closed","ping_status":"closed","template":"","meta":{"footnotes":""},"_links":{"self":[{"href":"https:\/\/seacare.com\/sk\/wp-json\/wp\/v2\/pages\/42060"}],"collection":[{"href":"https:\/\/seacare.com\/sk\/wp-json\/wp\/v2\/pages"}],"about":[{"href":"https:\/\/seacare.com\/sk\/wp-json\/wp\/v2\/types\/page"}],"author":[{"embeddable":true,"href":"https:\/\/seacare.com\/sk\/wp-json\/wp\/v2\/users\/1"}],"replies":[{"embeddable":true,"href":"https:\/\/seacare.com\/sk\/wp-json\/wp\/v2\/comments?post=42060"}],"version-history":[{"count":1,"href":"https:\/\/seacare.com\/sk\/wp-json\/wp\/v2\/pages\/42060\/revisions"}],"predecessor-version":[{"id":42065,"href":"https:\/\/seacare.com\/sk\/wp-json\/wp\/v2\/pages\/42060\/revisions\/42065"}],"wp:attachment":[{"href":"https:\/\/seacare.com\/sk\/wp-json\/wp\/v2\/media?parent=42060"}],"curies":[{"name":"wp","href":"https:\/\/api.w.org\/{rel}","templated":true}]}}