{"id":42061,"date":"2021-06-04T11:16:59","date_gmt":"2021-06-04T08:16:59","guid":{"rendered":"https:\/\/seacare.com\/sk\/?page_id=42061"},"modified":"2021-06-08T15:24:12","modified_gmt":"2021-06-08T12:24:12","slug":"pentavitin","status":"publish","type":"page","link":"https:\/\/seacare.com\/sk\/pentavitin\/","title":{"rendered":"PENTAVITIN\u00ae"},"content":{"rendered":"<h1 class=\"text-head\" style=\"text-align: center;\"><span data-text-color=\"primary\">PENTAVITIN\u00ae<\/span><\/h1>\n<p>PENTAVITIN\u00ae  je to 100% pr\u00edrodn\u00e1 bylinn\u00e1 zlo\u017eka. Jeho \u00fa\u010dinnos\u0165 je zalo\u017een\u00e1 na jedine\u010dnom zlo\u017een\u00ed, ktor\u00e9 je podobn\u00e9 sacharidov\u00e9mu komplexu obsiahnut\u00e9mu v \u013eudskej poko\u017eke, ako aj na jedine\u010dn\u00fdch vlastnostiach, v\u010faka ktor\u00fdm je dokonale absorbovan\u00fd poko\u017ekou a poko\u017ekou hlavy.<\/p>\n","protected":false},"excerpt":{"rendered":"<p>PENTAVITIN\u00ae PENTAVITIN\u00ae je to 100% pr\u00edrodn\u00e1 bylinn\u00e1 zlo\u017eka. Jeho \u00fa\u010dinnos\u0165 je zalo\u017een\u00e1 na jedine\u010dnom zlo\u017een\u00ed, ktor\u00e9 je podobn\u00e9 sacharidov\u00e9mu komplexu obsiahnut\u00e9mu v \u013eudskej poko\u017eke, ako aj na jedine\u010dn\u00fdch vlastnostiach, v\u010faka ktor\u00fdm je dokonale absorbovan\u00fd poko\u017ekou a poko\u017ekou hlavy.<\/p>\n","protected":false},"author":1,"featured_media":0,"parent":0,"menu_order":0,"comment_status":"closed","ping_status":"closed","template":"","meta":{"footnotes":""},"_links":{"self":[{"href":"https:\/\/seacare.com\/sk\/wp-json\/wp\/v2\/pages\/42061"}],"collection":[{"href":"https:\/\/seacare.com\/sk\/wp-json\/wp\/v2\/pages"}],"about":[{"href":"https:\/\/seacare.com\/sk\/wp-json\/wp\/v2\/types\/page"}],"author":[{"embeddable":true,"href":"https:\/\/seacare.com\/sk\/wp-json\/wp\/v2\/users\/1"}],"replies":[{"embeddable":true,"href":"https:\/\/seacare.com\/sk\/wp-json\/wp\/v2\/comments?post=42061"}],"version-history":[{"count":1,"href":"https:\/\/seacare.com\/sk\/wp-json\/wp\/v2\/pages\/42061\/revisions"}],"predecessor-version":[{"id":42066,"href":"https:\/\/seacare.com\/sk\/wp-json\/wp\/v2\/pages\/42061\/revisions\/42066"}],"wp:attachment":[{"href":"https:\/\/seacare.com\/sk\/wp-json\/wp\/v2\/media?parent=42061"}],"curies":[{"name":"wp","href":"https:\/\/api.w.org\/{rel}","templated":true}]}}