{"id":42067,"date":"2021-06-04T11:17:58","date_gmt":"2021-06-04T08:17:58","guid":{"rendered":"https:\/\/seacare.com\/sk\/?page_id=42067"},"modified":"2021-06-08T15:22:23","modified_gmt":"2021-06-08T12:22:23","slug":"abil-soft-af-300","status":"publish","type":"page","link":"https:\/\/seacare.com\/sk\/abil-soft-af-300\/","title":{"rendered":"ABIL\u00ae Soft AF 300"},"content":{"rendered":"<h1 class=\"text-head\" style=\"text-align: center;\"><span data-text-color=\"primary\">ABIL\u00ae Soft AF 300<\/span><\/h1>\n<p>ABIL\u00ae Soft AF 300 je to vysoko v\u00fdkonn\u00e1 latka Aminopropyl Dimetik\u00f3n. Nov\u00fd vysokomolekul\u00e1rny aminosilik\u00f3nov\u00fd pr\u00edpravok pre kondicion\u00e9ry na vlasy. ABIL\u00ae Soft AF 300 sa vyzna\u010duje v\u00fdnimo\u010dn\u00fdm v\u00fdkonom a vlastnos\u0165ami u\u013eah\u010duj\u00facimi roz\u010des\u00e1vanie vlasov, ktor\u00e9 s\u00fa po umyt\u00ed jemn\u00e9 a hebk\u00e9.<\/p>\n","protected":false},"excerpt":{"rendered":"<p>ABIL\u00ae Soft AF 300 ABIL\u00ae Soft AF 300 je to vysoko v\u00fdkonn\u00e1 latka Aminopropyl Dimetik\u00f3n. Nov\u00fd vysokomolekul\u00e1rny aminosilik\u00f3nov\u00fd pr\u00edpravok pre kondicion\u00e9ry na vlasy. ABIL\u00ae Soft AF 300 sa vyzna\u010duje v\u00fdnimo\u010dn\u00fdm v\u00fdkonom a vlastnos\u0165ami u\u013eah\u010duj\u00facimi roz\u010des\u00e1vanie vlasov, ktor\u00e9 s\u00fa po umyt\u00ed jemn\u00e9 a hebk\u00e9.<\/p>\n","protected":false},"author":1,"featured_media":0,"parent":0,"menu_order":0,"comment_status":"closed","ping_status":"closed","template":"","meta":{"footnotes":""},"_links":{"self":[{"href":"https:\/\/seacare.com\/sk\/wp-json\/wp\/v2\/pages\/42067"}],"collection":[{"href":"https:\/\/seacare.com\/sk\/wp-json\/wp\/v2\/pages"}],"about":[{"href":"https:\/\/seacare.com\/sk\/wp-json\/wp\/v2\/types\/page"}],"author":[{"embeddable":true,"href":"https:\/\/seacare.com\/sk\/wp-json\/wp\/v2\/users\/1"}],"replies":[{"embeddable":true,"href":"https:\/\/seacare.com\/sk\/wp-json\/wp\/v2\/comments?post=42067"}],"version-history":[{"count":1,"href":"https:\/\/seacare.com\/sk\/wp-json\/wp\/v2\/pages\/42067\/revisions"}],"predecessor-version":[{"id":42068,"href":"https:\/\/seacare.com\/sk\/wp-json\/wp\/v2\/pages\/42067\/revisions\/42068"}],"wp:attachment":[{"href":"https:\/\/seacare.com\/sk\/wp-json\/wp\/v2\/media?parent=42067"}],"curies":[{"name":"wp","href":"https:\/\/api.w.org\/{rel}","templated":true}]}}