{"id":42069,"date":"2021-06-04T11:18:53","date_gmt":"2021-06-04T08:18:53","guid":{"rendered":"https:\/\/seacare.com\/sk\/?page_id=42069"},"modified":"2021-06-08T15:22:21","modified_gmt":"2021-06-08T12:22:21","slug":"abil-soft-af-200","status":"publish","type":"page","link":"https:\/\/seacare.com\/sk\/abil-soft-af-200\/","title":{"rendered":"ABIL\u00ae Soft AF 200"},"content":{"rendered":"<h1 class=\"text-head\" style=\"text-align: center;\"><span data-text-color=\"primary\">ABIL\u00ae Soft AF 200<\/span><\/h1>\n<p>ABIL\u00ae Soft AF 200 je  nov\u00e1 ingrediencia pre ekonomick\u00e9 a efekt\u00edvne kondicionovanie vlasov, ktor\u00e1 je optimalizovan\u00e1 pre lep\u0161ie kondicionovanie. Aminosilik\u00f3n poskytuje vynikaj\u00facu \u00fapravu vlasov, tak\u017ee s\u00fa vlasy hebk\u00e9, hladk\u00e9, pohodln\u00e9, zvl\u00e1dnute\u013en\u00e9 a nezamotan\u00e9.<\/p>\n","protected":false},"excerpt":{"rendered":"<p>ABIL\u00ae Soft AF 200 ABIL\u00ae Soft AF 200 je nov\u00e1 ingrediencia pre ekonomick\u00e9 a efekt\u00edvne kondicionovanie vlasov, ktor\u00e1 je optimalizovan\u00e1 pre lep\u0161ie kondicionovanie. Aminosilik\u00f3n poskytuje vynikaj\u00facu \u00fapravu vlasov, tak\u017ee s\u00fa vlasy hebk\u00e9, hladk\u00e9, pohodln\u00e9, zvl\u00e1dnute\u013en\u00e9 a nezamotan\u00e9.<\/p>\n","protected":false},"author":1,"featured_media":0,"parent":0,"menu_order":0,"comment_status":"closed","ping_status":"closed","template":"","meta":{"footnotes":""},"_links":{"self":[{"href":"https:\/\/seacare.com\/sk\/wp-json\/wp\/v2\/pages\/42069"}],"collection":[{"href":"https:\/\/seacare.com\/sk\/wp-json\/wp\/v2\/pages"}],"about":[{"href":"https:\/\/seacare.com\/sk\/wp-json\/wp\/v2\/types\/page"}],"author":[{"embeddable":true,"href":"https:\/\/seacare.com\/sk\/wp-json\/wp\/v2\/users\/1"}],"replies":[{"embeddable":true,"href":"https:\/\/seacare.com\/sk\/wp-json\/wp\/v2\/comments?post=42069"}],"version-history":[{"count":1,"href":"https:\/\/seacare.com\/sk\/wp-json\/wp\/v2\/pages\/42069\/revisions"}],"predecessor-version":[{"id":42070,"href":"https:\/\/seacare.com\/sk\/wp-json\/wp\/v2\/pages\/42069\/revisions\/42070"}],"wp:attachment":[{"href":"https:\/\/seacare.com\/sk\/wp-json\/wp\/v2\/media?parent=42069"}],"curies":[{"name":"wp","href":"https:\/\/api.w.org\/{rel}","templated":true}]}}