{"id":42071,"date":"2021-06-04T11:19:44","date_gmt":"2021-06-04T08:19:44","guid":{"rendered":"https:\/\/seacare.com\/sk\/?page_id=42071"},"modified":"2021-06-08T15:22:31","modified_gmt":"2021-06-08T12:22:31","slug":"aquaxyl","status":"publish","type":"page","link":"https:\/\/seacare.com\/sk\/aquaxyl\/","title":{"rendered":"Aquaxyl\u2122"},"content":{"rendered":"<h1 class=\"text-head\" style=\"text-align: center;\"><span data-text-color=\"primary\">Aquaxyl\u2122<\/span><\/h1>\n<p>Aquaxyl\u2122 pon\u00faka 3D hydrat\u00e1ciu na cirkul\u00e1ciu vlhkosti vo v\u0161etk\u00fdch vrstv\u00e1ch poko\u017eky a na zv\u00fd\u0161enie hladiny kyseliny hyalur\u00f3novej. Ko\u017en\u00e1 bari\u00e9ra sa posiln\u00ed do 24 hod\u00edn, \u010do obmedzuje stratu vlhkosti. V\u00fdsledkom je jemnej\u0161ia a hlad\u0161ia poko\u017eka po 28 d\u0148och s norm\u00e1lnymi \u0161upinkami a jemn\u00fdmi linkami.<\/p>\n","protected":false},"excerpt":{"rendered":"<p>Aquaxyl\u2122 Aquaxyl\u2122 pon\u00faka 3D hydrat\u00e1ciu na cirkul\u00e1ciu vlhkosti vo v\u0161etk\u00fdch vrstv\u00e1ch poko\u017eky a na zv\u00fd\u0161enie hladiny kyseliny hyalur\u00f3novej. Ko\u017en\u00e1 bari\u00e9ra sa posiln\u00ed do 24 hod\u00edn, \u010do obmedzuje stratu vlhkosti. V\u00fdsledkom je jemnej\u0161ia a hlad\u0161ia poko\u017eka po 28 d\u0148och s norm\u00e1lnymi \u0161upinkami a jemn\u00fdmi linkami.<\/p>\n","protected":false},"author":1,"featured_media":0,"parent":0,"menu_order":0,"comment_status":"closed","ping_status":"closed","template":"","meta":{"footnotes":""},"_links":{"self":[{"href":"https:\/\/seacare.com\/sk\/wp-json\/wp\/v2\/pages\/42071"}],"collection":[{"href":"https:\/\/seacare.com\/sk\/wp-json\/wp\/v2\/pages"}],"about":[{"href":"https:\/\/seacare.com\/sk\/wp-json\/wp\/v2\/types\/page"}],"author":[{"embeddable":true,"href":"https:\/\/seacare.com\/sk\/wp-json\/wp\/v2\/users\/1"}],"replies":[{"embeddable":true,"href":"https:\/\/seacare.com\/sk\/wp-json\/wp\/v2\/comments?post=42071"}],"version-history":[{"count":1,"href":"https:\/\/seacare.com\/sk\/wp-json\/wp\/v2\/pages\/42071\/revisions"}],"predecessor-version":[{"id":42072,"href":"https:\/\/seacare.com\/sk\/wp-json\/wp\/v2\/pages\/42071\/revisions\/42072"}],"wp:attachment":[{"href":"https:\/\/seacare.com\/sk\/wp-json\/wp\/v2\/media?parent=42071"}],"curies":[{"name":"wp","href":"https:\/\/api.w.org\/{rel}","templated":true}]}}