{"id":42073,"date":"2021-06-04T11:20:57","date_gmt":"2021-06-04T08:20:57","guid":{"rendered":"https:\/\/seacare.com\/sk\/?page_id=42073"},"modified":"2021-06-08T15:22:47","modified_gmt":"2021-06-08T12:22:47","slug":"duraquench-iq","status":"publish","type":"page","link":"https:\/\/seacare.com\/sk\/duraquench-iq\/","title":{"rendered":"DuraQuench\u2122 IQ"},"content":{"rendered":"<h1 class=\"text-head\" style=\"text-align: center;\"><span data-text-color=\"primary\">DuraQuench\u2122 IQ<\/span><\/h1>\n<p>DuraQuench\u2122 IQ je jedn\u00e1 sa o efekt\u00edvny zvlh\u010dovac\u00ed komplex, ktor\u00fd vyu\u017e\u00edva du\u00e1lny mechanizmus na vytvorenie inteligentnej \u0161trukt\u00farnej vrstvy na povrchu poko\u017eky a z\u00e1rove\u0148 reguluje stratu vlhkosti zvn\u00fatra, \u010d\u00edm posil\u0148uje jej prirodzen\u00fa bari\u00e9ru. Poskytuje poko\u017eke dlhotrvaj\u00facu hydrat\u00e1ciu a hebkos\u0165.<\/p>\n","protected":false},"excerpt":{"rendered":"<p>DuraQuench\u2122 IQ DuraQuench\u2122 IQ je jedn\u00e1 sa o efekt\u00edvny zvlh\u010dovac\u00ed komplex, ktor\u00fd vyu\u017e\u00edva du\u00e1lny mechanizmus na vytvorenie inteligentnej \u0161trukt\u00farnej vrstvy na povrchu poko\u017eky a z\u00e1rove\u0148 reguluje stratu vlhkosti zvn\u00fatra, \u010d\u00edm posil\u0148uje jej prirodzen\u00fa bari\u00e9ru. Poskytuje poko\u017eke dlhotrvaj\u00facu hydrat\u00e1ciu a hebkos\u0165.<\/p>\n","protected":false},"author":1,"featured_media":0,"parent":0,"menu_order":0,"comment_status":"closed","ping_status":"closed","template":"","meta":{"footnotes":""},"_links":{"self":[{"href":"https:\/\/seacare.com\/sk\/wp-json\/wp\/v2\/pages\/42073"}],"collection":[{"href":"https:\/\/seacare.com\/sk\/wp-json\/wp\/v2\/pages"}],"about":[{"href":"https:\/\/seacare.com\/sk\/wp-json\/wp\/v2\/types\/page"}],"author":[{"embeddable":true,"href":"https:\/\/seacare.com\/sk\/wp-json\/wp\/v2\/users\/1"}],"replies":[{"embeddable":true,"href":"https:\/\/seacare.com\/sk\/wp-json\/wp\/v2\/comments?post=42073"}],"version-history":[{"count":1,"href":"https:\/\/seacare.com\/sk\/wp-json\/wp\/v2\/pages\/42073\/revisions"}],"predecessor-version":[{"id":42074,"href":"https:\/\/seacare.com\/sk\/wp-json\/wp\/v2\/pages\/42073\/revisions\/42074"}],"wp:attachment":[{"href":"https:\/\/seacare.com\/sk\/wp-json\/wp\/v2\/media?parent=42073"}],"curies":[{"name":"wp","href":"https:\/\/api.w.org\/{rel}","templated":true}]}}