{"id":42075,"date":"2021-06-04T11:21:48","date_gmt":"2021-06-04T08:21:48","guid":{"rendered":"https:\/\/seacare.com\/sk\/?page_id=42075"},"modified":"2021-06-08T15:22:44","modified_gmt":"2021-06-08T12:22:44","slug":"dermosoft-gmcy","status":"publish","type":"page","link":"https:\/\/seacare.com\/sk\/dermosoft-gmcy\/","title":{"rendered":"Dermosoft\u00ae GMCY"},"content":{"rendered":"<h1 class=\"text-head\" style=\"text-align: center;\"><span data-text-color=\"primary\">Dermosoft\u00ae\u00a0GMCY<\/span><\/h1>\n<p>Dermosoft\u00ae GMCY m\u00e1 zvlh\u010dovacie a regenera\u010dn\u00e9 vlastnosti. Pom\u00e1ha zlep\u0161ova\u0165 a udr\u017eiava\u0165 vlhkos\u0165 a rovnov\u00e1hu poko\u017eky. Okrem toho v\u010faka svojej silnej aktivite proti Propionibacterium akn\u00e9 pom\u00e1ha Dermosoft GMCY bojova\u0165 proti ne\u010distot\u00e1m poko\u017eky.<\/p>\n","protected":false},"excerpt":{"rendered":"<p>Dermosoft\u00ae\u00a0GMCY Dermosoft\u00ae GMCY m\u00e1 zvlh\u010dovacie a regenera\u010dn\u00e9 vlastnosti. Pom\u00e1ha zlep\u0161ova\u0165 a udr\u017eiava\u0165 vlhkos\u0165 a rovnov\u00e1hu poko\u017eky. Okrem toho v\u010faka svojej silnej aktivite proti Propionibacterium akn\u00e9 pom\u00e1ha Dermosoft GMCY bojova\u0165 proti ne\u010distot\u00e1m poko\u017eky.<\/p>\n","protected":false},"author":1,"featured_media":0,"parent":0,"menu_order":0,"comment_status":"closed","ping_status":"closed","template":"","meta":{"footnotes":""},"_links":{"self":[{"href":"https:\/\/seacare.com\/sk\/wp-json\/wp\/v2\/pages\/42075"}],"collection":[{"href":"https:\/\/seacare.com\/sk\/wp-json\/wp\/v2\/pages"}],"about":[{"href":"https:\/\/seacare.com\/sk\/wp-json\/wp\/v2\/types\/page"}],"author":[{"embeddable":true,"href":"https:\/\/seacare.com\/sk\/wp-json\/wp\/v2\/users\/1"}],"replies":[{"embeddable":true,"href":"https:\/\/seacare.com\/sk\/wp-json\/wp\/v2\/comments?post=42075"}],"version-history":[{"count":2,"href":"https:\/\/seacare.com\/sk\/wp-json\/wp\/v2\/pages\/42075\/revisions"}],"predecessor-version":[{"id":42711,"href":"https:\/\/seacare.com\/sk\/wp-json\/wp\/v2\/pages\/42075\/revisions\/42711"}],"wp:attachment":[{"href":"https:\/\/seacare.com\/sk\/wp-json\/wp\/v2\/media?parent=42075"}],"curies":[{"name":"wp","href":"https:\/\/api.w.org\/{rel}","templated":true}]}}