{"id":42077,"date":"2021-06-04T11:22:55","date_gmt":"2021-06-04T08:22:55","guid":{"rendered":"https:\/\/seacare.com\/sk\/?page_id=42077"},"modified":"2021-06-08T15:22:45","modified_gmt":"2021-06-08T12:22:45","slug":"dermosoft-omp","status":"publish","type":"page","link":"https:\/\/seacare.com\/sk\/dermosoft-omp\/","title":{"rendered":"Dermosoft\u00ae OMP"},"content":{"rendered":"<h1 class=\"text-head\" style=\"text-align: center;\"><span data-text-color=\"primary\">Dermosoft\u00ae OMP<\/span><\/h1>\n<p>Dermosoft\u00ae OMP  je to multifunk\u010dn\u00e1 kozmetick\u00e1 pr\u00edsada so silnou antimikrobi\u00e1lnou aktivitou, zvlh\u010duj\u00facimi a regenera\u010dn\u00fdmi vlastnos\u0165ami. Dermosoft OMP je vyroben\u00fd zo zmesi zlo\u017eiek, ktor\u00e9 pom\u00e1haj\u00fa udr\u017eiava\u0165 vlhkos\u0165 v poko\u017eke a m\u00f4\u017eu transformova\u0165 v\u00e4\u010d\u0161inu kozmetick\u00fdch formul\u00e1ci\u00ed na sebaz\u00e1chovn\u00e9 produkty.<\/p>\n","protected":false},"excerpt":{"rendered":"<p>Dermosoft\u00ae OMP Dermosoft\u00ae OMP je to multifunk\u010dn\u00e1 kozmetick\u00e1 pr\u00edsada so silnou antimikrobi\u00e1lnou aktivitou, zvlh\u010duj\u00facimi a regenera\u010dn\u00fdmi vlastnos\u0165ami. Dermosoft OMP je vyroben\u00fd zo zmesi zlo\u017eiek, ktor\u00e9 pom\u00e1haj\u00fa udr\u017eiava\u0165 vlhkos\u0165 v poko\u017eke a m\u00f4\u017eu transformova\u0165 v\u00e4\u010d\u0161inu kozmetick\u00fdch formul\u00e1ci\u00ed na sebaz\u00e1chovn\u00e9 produkty.<\/p>\n","protected":false},"author":1,"featured_media":0,"parent":0,"menu_order":0,"comment_status":"closed","ping_status":"closed","template":"","meta":{"footnotes":""},"_links":{"self":[{"href":"https:\/\/seacare.com\/sk\/wp-json\/wp\/v2\/pages\/42077"}],"collection":[{"href":"https:\/\/seacare.com\/sk\/wp-json\/wp\/v2\/pages"}],"about":[{"href":"https:\/\/seacare.com\/sk\/wp-json\/wp\/v2\/types\/page"}],"author":[{"embeddable":true,"href":"https:\/\/seacare.com\/sk\/wp-json\/wp\/v2\/users\/1"}],"replies":[{"embeddable":true,"href":"https:\/\/seacare.com\/sk\/wp-json\/wp\/v2\/comments?post=42077"}],"version-history":[{"count":1,"href":"https:\/\/seacare.com\/sk\/wp-json\/wp\/v2\/pages\/42077\/revisions"}],"predecessor-version":[{"id":42078,"href":"https:\/\/seacare.com\/sk\/wp-json\/wp\/v2\/pages\/42077\/revisions\/42078"}],"wp:attachment":[{"href":"https:\/\/seacare.com\/sk\/wp-json\/wp\/v2\/media?parent=42077"}],"curies":[{"name":"wp","href":"https:\/\/api.w.org\/{rel}","templated":true}]}}