{"id":42079,"date":"2021-06-04T11:23:57","date_gmt":"2021-06-04T08:23:57","guid":{"rendered":"https:\/\/seacare.com\/sk\/?page_id=42079"},"modified":"2021-06-08T15:22:29","modified_gmt":"2021-06-08T12:22:29","slug":"amisoft-cs-22","status":"publish","type":"page","link":"https:\/\/seacare.com\/sk\/amisoft-cs-22\/","title":{"rendered":"Amisoft \u00ae CS-22"},"content":{"rendered":"<h1 style=\"text-align: center;\"><span data-text-color=\"primary\">Amisoft \u00ae CS-22<\/span><\/h1>\n<p>Amisoft \u00ae CS-22  je to akt\u00edvna pr\u00edrodn\u00e1 zlo\u017eka vyroben\u00e1 z aminokysel\u00edn, kyseliny L-glut\u00e1movej a kokosov\u00fdch mastn\u00fdch kysel\u00edn. Amisoft\u00ae CS-22 m\u00e1 vynikaj\u00faci kondiciona\u010dn\u00fd \u00fa\u010dinok na poko\u017eku, zanech\u00e1va pocit hydrat\u00e1cie bez napnutia poko\u017eky a taktie\u017e poskytuje optim\u00e1lnu starostlivos\u0165 o vlasy, ktor\u00e9 s\u00fa po \u010disten\u00ed hodv\u00e1bne, jemn\u00e9 a hladk\u00e9.<\/p>\n","protected":false},"excerpt":{"rendered":"<p>Amisoft \u00ae CS-22 Amisoft \u00ae CS-22 je to akt\u00edvna pr\u00edrodn\u00e1 zlo\u017eka vyroben\u00e1 z aminokysel\u00edn, kyseliny L-glut\u00e1movej a kokosov\u00fdch mastn\u00fdch kysel\u00edn. Amisoft\u00ae CS-22 m\u00e1 vynikaj\u00faci kondiciona\u010dn\u00fd \u00fa\u010dinok na poko\u017eku, zanech\u00e1va pocit hydrat\u00e1cie bez napnutia poko\u017eky a taktie\u017e poskytuje optim\u00e1lnu starostlivos\u0165 o vlasy, ktor\u00e9 s\u00fa po \u010disten\u00ed hodv\u00e1bne, jemn\u00e9 a hladk\u00e9.<\/p>\n","protected":false},"author":1,"featured_media":0,"parent":0,"menu_order":0,"comment_status":"closed","ping_status":"closed","template":"","meta":{"footnotes":""},"_links":{"self":[{"href":"https:\/\/seacare.com\/sk\/wp-json\/wp\/v2\/pages\/42079"}],"collection":[{"href":"https:\/\/seacare.com\/sk\/wp-json\/wp\/v2\/pages"}],"about":[{"href":"https:\/\/seacare.com\/sk\/wp-json\/wp\/v2\/types\/page"}],"author":[{"embeddable":true,"href":"https:\/\/seacare.com\/sk\/wp-json\/wp\/v2\/users\/1"}],"replies":[{"embeddable":true,"href":"https:\/\/seacare.com\/sk\/wp-json\/wp\/v2\/comments?post=42079"}],"version-history":[{"count":1,"href":"https:\/\/seacare.com\/sk\/wp-json\/wp\/v2\/pages\/42079\/revisions"}],"predecessor-version":[{"id":42080,"href":"https:\/\/seacare.com\/sk\/wp-json\/wp\/v2\/pages\/42079\/revisions\/42080"}],"wp:attachment":[{"href":"https:\/\/seacare.com\/sk\/wp-json\/wp\/v2\/media?parent=42079"}],"curies":[{"name":"wp","href":"https:\/\/api.w.org\/{rel}","templated":true}]}}