{"id":42081,"date":"2021-06-04T11:36:22","date_gmt":"2021-06-04T08:36:22","guid":{"rendered":"https:\/\/seacare.com\/sk\/?page_id=42081"},"modified":"2021-06-08T15:24:04","modified_gmt":"2021-06-08T12:24:04","slug":"mineraly-z-mrtveho-mora","status":"publish","type":"page","link":"https:\/\/seacare.com\/sk\/mineraly-z-mrtveho-mora\/","title":{"rendered":"Miner\u00e1ly z M\u0155tveho mora"},"content":{"rendered":"<h1 style=\"text-align: center;\"><span data-text-color=\"primary\">Miner\u00e1ly z M\u0155tveho mora<\/span><\/h1>\n<p style=\"text-align: center;\">M\u0155tve more obsahuje viac ako 20 miner\u00e1lov, ktor\u00e9 preuk\u00e1zate\u013ene zlep\u0161uj\u00fa vzh\u013ead poko\u017eky a udr\u017eiavaj\u00fa ju zdrav\u00fa a mladistv\u00fa. Dokonca aj rastliny rast\u00face pozd\u013a\u017e pobre\u017eia M\u0155tveho mora maj\u00fa vysok\u00fa koncentr\u00e1ciu vitam\u00ednov, miner\u00e1lov a lie\u010div\u00fdch olejov, ktor\u00e9 sa pou\u017e\u00edvaj\u00fa v dermatol\u00f3gii, kozmetike a medic\u00edne. Z\u00e1kladn\u00e9 miner\u00e1ly nach\u00e1dzaj\u00face sa v M\u0155tvom mori s\u00fa d\u00f4le\u017eit\u00e9 pre spr\u00e1vne fungovanie ko\u017en\u00fdch buniek, \u010do v\u00fdznamne prispieva k udr\u017eaniu zdravia a kr\u00e1sy poko\u017eky.<\/p>\n    <div class=\"img has-hover x md-x lg-x y md-y lg-y\" id=\"image_1447111301\">\n                <div class=\"img-inner dark\" style=\"margin:-15px 0px 0px 0px;\">\n        <img loading=\"lazy\" decoding=\"async\" width=\"994\" height=\"145\" src=\"https:\/\/seacare.com\/wp-content\/uploads\/2020\/10\/\u041c\u0438\u043d\u0435\u0440\u0430\u043b\u044b.png\" class=\"attachment-large size-large\" alt=\"Minerals\" srcset=\"https:\/\/seacare.com\/wp-content\/uploads\/2020\/10\/\u041c\u0438\u043d\u0435\u0440\u0430\u043b\u044b.png 994w, https:\/\/seacare.com\/wp-content\/uploads\/2020\/10\/\u041c\u0438\u043d\u0435\u0440\u0430\u043b\u044b-800x117.png 800w, https:\/\/seacare.com\/wp-content\/uploads\/2020\/10\/\u041c\u0438\u043d\u0435\u0440\u0430\u043b\u044b-768x112.png 768w\" sizes=\"(max-width: 994px) 100vw, 994px\" \/>                \n            <\/div>\n                   \n<style scope=\"scope\">\n\n<\/style>\n    <\/div>\n    \n<div class=\"row\"  id=\"row-1444345631\">\n<div class=\"col medium-6 small-12 large-6\"  ><div class=\"col-inner\"  >\n<p><strong>Hor\u010d\u00edk<\/strong> je lie\u010div\u00fd miner\u00e1l, ktor\u00fd pom\u00e1ha pri hojen\u00ed ko\u017en\u00fdch tkan\u00edv, p\u00f4sob\u00ed ako antialerg\u00e9n, zlep\u0161uje metabolizmus buniek, stimuluje synt\u00e9zu bielkov\u00edn a produkciu energie.<\/p>\n<p class=\"o-kom-text3\"><strong>J\u00f3d<\/strong> &#8211; podporuje spr\u00e1vnu funkciu \u0161t\u00edtnej \u017e\u013eazy a zvy\u0161uje metabolick\u00fa aktivitu ko\u017en\u00fdch buniek.<\/p>\n<p class=\"o-kom-text3\"><strong>S\u00edra<\/strong> je zn\u00e1my miner\u00e1l, v\u010faka svoj\u00edm lie\u010div\u00fdm \u00fa\u010dinkom. Obsahuje d\u00f4le\u017eit\u00e9 vitam\u00edny a je pr\u00edrodn\u00fdm dezinfek\u010dn\u00fdm a antibakteri\u00e1lnym prostriedkom, \u00fa\u010dinn\u00fdm proti akn\u00e9. Okrem toho je dokazan\u00e9, \u017ee s\u00edra zmier\u0148uje pr\u00edznaky ko\u017en\u00fdch ochoren\u00ed, ako je psori\u00e1za a\u00a0ekz\u00e9my.<\/p>\n<p class=\"o-kom-text3\"><strong>Drasl\u00edk <\/strong>je k\u013e\u00fa\u010dov\u00fdm regul\u00e1torom vlhkosti a pom\u00e1ha udr\u017eiava\u0165 poko\u017eku v\u00a0neutr\u00e1lnom stave. Nedostatok drasl\u00edka m\u00f4\u017ee vies\u0165 k suchej poko\u017eke, vzniku akn\u00e9 a vzplanutia psori\u00e1zy.<\/p>\n<p class=\"o-kom-text3\"><strong>V\u00e1pnik <\/strong>je stavebn\u00fdm prvkom pre spojivov\u00e9 tkanivo pod povrchom ko\u017ee a hr\u00e1 d\u00f4le\u017eit\u00fa \u00falohu pri ochrane ko\u017en\u00fdch buniek. V\u00e1pnik reguluje priepustnos\u0165 bunkov\u00fdch membr\u00e1n (absorpcia a produkcia tukov) a normalizuje diferenci\u00e1ciu ko\u017en\u00fdch buniek.<\/p>\n<p><strong>Sod\u00edk<\/strong> je miner\u00e1l z M\u0155tveho mora, ktor\u00fd zlep\u0161uje metabolizmus v ko\u017en\u00fdch bunk\u00e1ch. Sod\u00edk zmier\u0148uje svalov\u00e9 k\u0155\u010de a stuhnutos\u0165 a tie\u017e udr\u017euje pre ko\u017en\u00e9 bunky neutr\u00e1lne prostredie.<\/p>\n<\/div><\/div>\n<div class=\"col medium-6 small-12 large-6\"  ><div class=\"col-inner\"  >\n<p class=\"o-kom-text3\"><strong>Zinok<\/strong> je miner\u00e1l, ktor\u00fd je d\u00f4le\u017eit\u00fd pre prirodzen\u00fa regul\u00e1ciu rastu a regener\u00e1cie buniek, zlep\u0161uje obnovu buniek a stimuluje synt\u00e9zu kolag\u00e9nu a elast\u00ednu (obnovuje poko\u017eku). Pr\u00edrodny antioxidant. Zinok zlep\u0161uje samoregul\u00e1ciu (p\u00f4sob\u00ed proti akn\u00e9), m\u00e1 protiz\u00e1palov\u00e9 \u00fa\u010dinky a je prirodzenou obrannou proti ultrafialov\u00e9mu \u017eiareniu.<\/p>\n<p class=\"o-kom-text3\"><strong>Stroncium <\/strong>je \u00fa\u010dinn\u00fdm prostriedkom proti svrbeniu, zmier\u0148uje pr\u00edznaky kontaktnej dermatit\u00eddy (\u010dast\u00fd probl\u00e9m pre \u013eud\u00ed s citlivou poko\u017ekou, ktor\u00ed pravidelne pou\u017e\u00edvaj\u00fa kozmetiku).<\/p>\n<p class=\"o-kom-text3\"><strong>Br\u00f3m<\/strong> m\u00e1 upokojuj\u00faci a protiz\u00e1palov\u00fd \u00fa\u010dinok, upokojuje nervy a uvo\u013e\u0148uje svaly.<\/p>\n<p class=\"o-kom-text3\"><strong>Mang\u00e1n<\/strong> je zn\u00e1my pre svoje antioxida\u010dn\u00e9 vlastnosti. Mang\u00e1n zvy\u0161uje mikrocirkul\u00e1ciu poko\u017eky (m\u00e1 omladzuj\u00faci \u00fa\u010dinok) a zlep\u0161uje stav spojivov\u00e9ho tkaniva.<\/p>\n<p class=\"o-kom-text3\"><strong>L\u00edtium<\/strong> je miner\u00e1l, poch\u00e1dzaj\u00faci z M\u0155tveho mora, ktor\u00fd zvy\u0161uje \u00fa\u010dinnos\u0165 so\u013en\u00e9ho k\u00fape\u013ea pri lie\u010dbe psori\u00e1zy.<\/p>\n<p><strong>B\u00f3r<\/strong> je miner\u00e1l, ktor\u00fd pom\u00e1ha zmierni\u0165 pr\u00edznaky psori\u00e1zy a psoriatickej artrit\u00eddy.<\/p>\n<\/div><\/div>\n<\/div>\n    <div class=\"img has-hover x md-x lg-x y md-y lg-y\" id=\"image_712499644\">\n                <div class=\"img-inner dark\" >\n        <img loading=\"lazy\" decoding=\"async\" width=\"1020\" height=\"95\" src=\"https:\/\/seacare.com\/wp-content\/uploads\/2020\/10\/\u041b\u043e\u0433\u043e\u0442\u0438\u043f-\u0434\u043b\u044f-\u0421\u0430\u0438\u0306\u0442\u0430-SeaCare-\u043a\u043e\u043f\u0438\u044f-1400x130.png\" class=\"attachment-large size-large\" alt=\"\" srcset=\"https:\/\/seacare.com\/wp-content\/uploads\/2020\/10\/\u041b\u043e\u0433\u043e\u0442\u0438\u043f-\u0434\u043b\u044f-\u0421\u0430\u0438\u0306\u0442\u0430-SeaCare-\u043a\u043e\u043f\u0438\u044f-1400x130.png 1400w, https:\/\/seacare.com\/wp-content\/uploads\/2020\/10\/\u041b\u043e\u0433\u043e\u0442\u0438\u043f-\u0434\u043b\u044f-\u0421\u0430\u0438\u0306\u0442\u0430-SeaCare-\u043a\u043e\u043f\u0438\u044f-800x74.png 800w, https:\/\/seacare.com\/wp-content\/uploads\/2020\/10\/\u041b\u043e\u0433\u043e\u0442\u0438\u043f-\u0434\u043b\u044f-\u0421\u0430\u0438\u0306\u0442\u0430-SeaCare-\u043a\u043e\u043f\u0438\u044f-768x71.png 768w\" sizes=\"(max-width: 1020px) 100vw, 1020px\" \/>                \n            <\/div>\n                   \n<style scope=\"scope\">\n\n<\/style>\n    <\/div>\n    \n","protected":false},"excerpt":{"rendered":"<p>Miner\u00e1ly z M\u0155tveho mora M\u0155tve more obsahuje viac ako 20 miner\u00e1lov, ktor\u00e9 preuk\u00e1zate\u013ene zlep\u0161uj\u00fa vzh\u013ead poko\u017eky a udr\u017eiavaj\u00fa ju zdrav\u00fa a mladistv\u00fa. Dokonca aj rastliny rast\u00face pozd\u013a\u017e pobre\u017eia M\u0155tveho mora maj\u00fa vysok\u00fa koncentr\u00e1ciu vitam\u00ednov, miner\u00e1lov a lie\u010div\u00fdch olejov, ktor\u00e9 sa pou\u017e\u00edvaj\u00fa v dermatol\u00f3gii, kozmetike a medic\u00edne. Z\u00e1kladn\u00e9 miner\u00e1ly nach\u00e1dzaj\u00face sa v M\u0155tvom mori s\u00fa d\u00f4le\u017eit\u00e9 [&hellip;]\n","protected":false},"author":1,"featured_media":0,"parent":0,"menu_order":0,"comment_status":"closed","ping_status":"closed","template":"","meta":{"footnotes":""},"_links":{"self":[{"href":"https:\/\/seacare.com\/sk\/wp-json\/wp\/v2\/pages\/42081"}],"collection":[{"href":"https:\/\/seacare.com\/sk\/wp-json\/wp\/v2\/pages"}],"about":[{"href":"https:\/\/seacare.com\/sk\/wp-json\/wp\/v2\/types\/page"}],"author":[{"embeddable":true,"href":"https:\/\/seacare.com\/sk\/wp-json\/wp\/v2\/users\/1"}],"replies":[{"embeddable":true,"href":"https:\/\/seacare.com\/sk\/wp-json\/wp\/v2\/comments?post=42081"}],"version-history":[{"count":2,"href":"https:\/\/seacare.com\/sk\/wp-json\/wp\/v2\/pages\/42081\/revisions"}],"predecessor-version":[{"id":42083,"href":"https:\/\/seacare.com\/sk\/wp-json\/wp\/v2\/pages\/42081\/revisions\/42083"}],"wp:attachment":[{"href":"https:\/\/seacare.com\/sk\/wp-json\/wp\/v2\/media?parent=42081"}],"curies":[{"name":"wp","href":"https:\/\/api.w.org\/{rel}","templated":true}]}}