{"id":42084,"date":"2021-06-04T11:37:36","date_gmt":"2021-06-04T08:37:36","guid":{"rendered":"https:\/\/seacare.com\/sk\/?page_id=42084"},"modified":"2021-06-08T15:24:32","modified_gmt":"2021-06-08T12:24:32","slug":"sol-z-mrtveho-mora","status":"publish","type":"page","link":"https:\/\/seacare.com\/sk\/sol-z-mrtveho-mora\/","title":{"rendered":"So\u013e z M\u0155tveho mora"},"content":{"rendered":"<h1 style=\"text-align: center;\"><span data-text-color=\"primary\">So\u013e z M\u0155tveho mora<\/span><\/h1>\n<p>So\u013e z M\u0155tveho mora obsahom z\u00e1kladn\u00fdch miner\u00e1lov m\u00f4\u017ee by\u0165 so\u013e z M\u0155tveho mora pr\u00e1ve t\u00fdm, \u010do potrebujeme pre na\u0161e celkov\u00e9 zdravie a wellness. So\u013e z M\u0155tveho mora t\u00fdm, \u017ee obsahuje najv\u00e4\u010d\u0161ie mno\u017estvo miner\u00e1lov (drasl\u00edk, v\u00e1pnik, hor\u010d\u00edk, sod\u00edk a stopov\u00fdch mno\u017estiev s\u00edry), pom\u00e1ha pri ro\u017en\u00fdch \u0165a\u017ekostiach a celkovo n\u00e1\u0161mu zdraviu. Obsah s\u00edry, vynikaj\u00faci na \u010distenie povrchu ko\u017ee v\u010faka svojim antibakteri\u00e1lnym vlastnostiam.<\/p>\n","protected":false},"excerpt":{"rendered":"<p>So\u013e z M\u0155tveho mora So\u013e z M\u0155tveho mora obsahom z\u00e1kladn\u00fdch miner\u00e1lov m\u00f4\u017ee by\u0165 so\u013e z M\u0155tveho mora pr\u00e1ve t\u00fdm, \u010do potrebujeme pre na\u0161e celkov\u00e9 zdravie a wellness. So\u013e z M\u0155tveho mora t\u00fdm, \u017ee obsahuje najv\u00e4\u010d\u0161ie mno\u017estvo miner\u00e1lov (drasl\u00edk, v\u00e1pnik, hor\u010d\u00edk, sod\u00edk a stopov\u00fdch mno\u017estiev s\u00edry), pom\u00e1ha pri ro\u017en\u00fdch \u0165a\u017ekostiach a celkovo n\u00e1\u0161mu zdraviu. Obsah s\u00edry, [&hellip;]\n","protected":false},"author":1,"featured_media":0,"parent":0,"menu_order":0,"comment_status":"closed","ping_status":"closed","template":"","meta":{"footnotes":""},"_links":{"self":[{"href":"https:\/\/seacare.com\/sk\/wp-json\/wp\/v2\/pages\/42084"}],"collection":[{"href":"https:\/\/seacare.com\/sk\/wp-json\/wp\/v2\/pages"}],"about":[{"href":"https:\/\/seacare.com\/sk\/wp-json\/wp\/v2\/types\/page"}],"author":[{"embeddable":true,"href":"https:\/\/seacare.com\/sk\/wp-json\/wp\/v2\/users\/1"}],"replies":[{"embeddable":true,"href":"https:\/\/seacare.com\/sk\/wp-json\/wp\/v2\/comments?post=42084"}],"version-history":[{"count":1,"href":"https:\/\/seacare.com\/sk\/wp-json\/wp\/v2\/pages\/42084\/revisions"}],"predecessor-version":[{"id":42085,"href":"https:\/\/seacare.com\/sk\/wp-json\/wp\/v2\/pages\/42084\/revisions\/42085"}],"wp:attachment":[{"href":"https:\/\/seacare.com\/sk\/wp-json\/wp\/v2\/media?parent=42084"}],"curies":[{"name":"wp","href":"https:\/\/api.w.org\/{rel}","templated":true}]}}