{"id":42086,"date":"2021-06-04T11:38:33","date_gmt":"2021-06-04T08:38:33","guid":{"rendered":"https:\/\/seacare.com\/sk\/?page_id=42086"},"modified":"2021-06-08T15:22:38","modified_gmt":"2021-06-08T12:22:38","slug":"bahno-z-mrtveho-mora","status":"publish","type":"page","link":"https:\/\/seacare.com\/sk\/bahno-z-mrtveho-mora\/","title":{"rendered":"Bahno z M\u0155tveho mora"},"content":{"rendered":"<h1 style=\"text-align: center;\"><span data-text-color=\"primary\">Bahno z M\u0155tveho mora<\/span><\/h1>\n<p>Bahno z M\u0155tveho mora sa pou\u017e\u00edva na lie\u010dbu stavov, ako je psori\u00e1za, artrit\u00edda, akn\u00e9 a chronick\u00e9 bolesti chrbta. Mnoho \u0161t\u00fadi\u00ed podporuje tvrdenia, \u017ee bahno z M\u0155tveho mora m\u00f4\u017ee zmierni\u0165 boles\u0165, z\u00e1pal a pod. Bahno z M\u0155tveho mora sa d\u00e1 pou\u017ei\u0165 ako obklad.<\/p>\n","protected":false},"excerpt":{"rendered":"<p>Bahno z M\u0155tveho mora Bahno z M\u0155tveho mora sa pou\u017e\u00edva na lie\u010dbu stavov, ako je psori\u00e1za, artrit\u00edda, akn\u00e9 a chronick\u00e9 bolesti chrbta. Mnoho \u0161t\u00fadi\u00ed podporuje tvrdenia, \u017ee bahno z M\u0155tveho mora m\u00f4\u017ee zmierni\u0165 boles\u0165, z\u00e1pal a pod. Bahno z M\u0155tveho mora sa d\u00e1 pou\u017ei\u0165 ako obklad.<\/p>\n","protected":false},"author":1,"featured_media":0,"parent":0,"menu_order":0,"comment_status":"closed","ping_status":"closed","template":"","meta":{"footnotes":""},"_links":{"self":[{"href":"https:\/\/seacare.com\/sk\/wp-json\/wp\/v2\/pages\/42086"}],"collection":[{"href":"https:\/\/seacare.com\/sk\/wp-json\/wp\/v2\/pages"}],"about":[{"href":"https:\/\/seacare.com\/sk\/wp-json\/wp\/v2\/types\/page"}],"author":[{"embeddable":true,"href":"https:\/\/seacare.com\/sk\/wp-json\/wp\/v2\/users\/1"}],"replies":[{"embeddable":true,"href":"https:\/\/seacare.com\/sk\/wp-json\/wp\/v2\/comments?post=42086"}],"version-history":[{"count":1,"href":"https:\/\/seacare.com\/sk\/wp-json\/wp\/v2\/pages\/42086\/revisions"}],"predecessor-version":[{"id":42087,"href":"https:\/\/seacare.com\/sk\/wp-json\/wp\/v2\/pages\/42086\/revisions\/42087"}],"wp:attachment":[{"href":"https:\/\/seacare.com\/sk\/wp-json\/wp\/v2\/media?parent=42086"}],"curies":[{"name":"wp","href":"https:\/\/api.w.org\/{rel}","templated":true}]}}