{"id":42088,"date":"2021-06-04T11:39:27","date_gmt":"2021-06-04T08:39:27","guid":{"rendered":"https:\/\/seacare.com\/sk\/?page_id=42088"},"modified":"2021-06-08T15:24:44","modified_gmt":"2021-06-08T12:24:44","slug":"zlato","status":"publish","type":"page","link":"https:\/\/seacare.com\/sk\/zlato\/","title":{"rendered":"Zlato"},"content":{"rendered":"<h1 class=\"text-head\" style=\"text-align: center;\"><span data-text-color=\"primary\">Zlato<\/span><\/h1>\n<p>V dne\u0161nej dobe je ve\u013emi popul\u00e1rne vyu\u017eitie zlata v ple\u0165ovej kozmetike. Blahodarn\u00e9 \u00fa\u010dinky zlata poznali u\u017e star\u00ed Egyp\u0165ania, ob\u013eube sa v\u0161ak te\u0161ilo aj u Japoncov a v starovekom R\u00edme. Zlato pom\u00e1ha redukova\u0165 drobn\u00e9 vr\u00e1sky, jemn\u00e9 linky, \u0161kvrny. Stimuluje ko\u017en\u00e9 bunky a podporuje tvorbu kolag\u00e9nu. Zabra\u0148uje pred\u010dasn\u00e9mu starnutiu poko\u017eky a vracia pleti pru\u017enos\u0165.<\/p>\n","protected":false},"excerpt":{"rendered":"<p>Zlato V dne\u0161nej dobe je ve\u013emi popul\u00e1rne vyu\u017eitie zlata v ple\u0165ovej kozmetike. Blahodarn\u00e9 \u00fa\u010dinky zlata poznali u\u017e star\u00ed Egyp\u0165ania, ob\u013eube sa v\u0161ak te\u0161ilo aj u Japoncov a v starovekom R\u00edme. Zlato pom\u00e1ha redukova\u0165 drobn\u00e9 vr\u00e1sky, jemn\u00e9 linky, \u0161kvrny. Stimuluje ko\u017en\u00e9 bunky a podporuje tvorbu kolag\u00e9nu. Zabra\u0148uje pred\u010dasn\u00e9mu starnutiu poko\u017eky a vracia pleti pru\u017enos\u0165.<\/p>\n","protected":false},"author":1,"featured_media":0,"parent":0,"menu_order":0,"comment_status":"closed","ping_status":"closed","template":"","meta":{"footnotes":""},"_links":{"self":[{"href":"https:\/\/seacare.com\/sk\/wp-json\/wp\/v2\/pages\/42088"}],"collection":[{"href":"https:\/\/seacare.com\/sk\/wp-json\/wp\/v2\/pages"}],"about":[{"href":"https:\/\/seacare.com\/sk\/wp-json\/wp\/v2\/types\/page"}],"author":[{"embeddable":true,"href":"https:\/\/seacare.com\/sk\/wp-json\/wp\/v2\/users\/1"}],"replies":[{"embeddable":true,"href":"https:\/\/seacare.com\/sk\/wp-json\/wp\/v2\/comments?post=42088"}],"version-history":[{"count":1,"href":"https:\/\/seacare.com\/sk\/wp-json\/wp\/v2\/pages\/42088\/revisions"}],"predecessor-version":[{"id":42089,"href":"https:\/\/seacare.com\/sk\/wp-json\/wp\/v2\/pages\/42088\/revisions\/42089"}],"wp:attachment":[{"href":"https:\/\/seacare.com\/sk\/wp-json\/wp\/v2\/media?parent=42088"}],"curies":[{"name":"wp","href":"https:\/\/api.w.org\/{rel}","templated":true}]}}