{"id":42090,"date":"2021-06-04T11:40:20","date_gmt":"2021-06-04T08:40:20","guid":{"rendered":"https:\/\/seacare.com\/sk\/?page_id=42090"},"modified":"2021-06-08T15:22:33","modified_gmt":"2021-06-08T12:22:33","slug":"arganovy-olej","status":"publish","type":"page","link":"https:\/\/seacare.com\/sk\/arganovy-olej\/","title":{"rendered":"Arganov\u00fd olej"},"content":{"rendered":"<h1 class=\"text-head\" style=\"text-align: center;\"><span data-text-color=\"primary\">Arganov\u00fd olej<\/span><\/h1>\n<p>Arganov\u00fd olej  naj\u010dastej\u0161ie sa pou\u017e\u00edva pre hydrat\u00e1ciu a v\u00fd\u017eivu poko\u017eky. V\u010faka vysok\u00e9mu obsahu vitam\u00ednu E a mastn\u00fdch kysel\u00edn arganov\u00fd olej je ide\u00e1lnym pr\u00edrodn\u00fdm pr\u00edpravkom na regener\u00e1ciu poko\u017eky prirodzen\u00fdm sp\u00f4sobom. R\u00fdchlo sa vstreb\u00e1va, nemast\u00ed ani nedr\u00e1\u017edi poko\u017eku, \u010do z neho rob\u00ed vynikaj\u00faci pr\u00edrodn\u00fd pr\u00edpravok na hydrat\u00e1ciu poko\u017eky.<\/p>\n","protected":false},"excerpt":{"rendered":"<p>Arganov\u00fd olej Arganov\u00fd olej naj\u010dastej\u0161ie sa pou\u017e\u00edva pre hydrat\u00e1ciu a v\u00fd\u017eivu poko\u017eky. V\u010faka vysok\u00e9mu obsahu vitam\u00ednu E a mastn\u00fdch kysel\u00edn arganov\u00fd olej je ide\u00e1lnym pr\u00edrodn\u00fdm pr\u00edpravkom na regener\u00e1ciu poko\u017eky prirodzen\u00fdm sp\u00f4sobom. R\u00fdchlo sa vstreb\u00e1va, nemast\u00ed ani nedr\u00e1\u017edi poko\u017eku, \u010do z neho rob\u00ed vynikaj\u00faci pr\u00edrodn\u00fd pr\u00edpravok na hydrat\u00e1ciu poko\u017eky.<\/p>\n","protected":false},"author":1,"featured_media":0,"parent":0,"menu_order":0,"comment_status":"closed","ping_status":"closed","template":"","meta":{"footnotes":""},"_links":{"self":[{"href":"https:\/\/seacare.com\/sk\/wp-json\/wp\/v2\/pages\/42090"}],"collection":[{"href":"https:\/\/seacare.com\/sk\/wp-json\/wp\/v2\/pages"}],"about":[{"href":"https:\/\/seacare.com\/sk\/wp-json\/wp\/v2\/types\/page"}],"author":[{"embeddable":true,"href":"https:\/\/seacare.com\/sk\/wp-json\/wp\/v2\/users\/1"}],"replies":[{"embeddable":true,"href":"https:\/\/seacare.com\/sk\/wp-json\/wp\/v2\/comments?post=42090"}],"version-history":[{"count":1,"href":"https:\/\/seacare.com\/sk\/wp-json\/wp\/v2\/pages\/42090\/revisions"}],"predecessor-version":[{"id":42091,"href":"https:\/\/seacare.com\/sk\/wp-json\/wp\/v2\/pages\/42090\/revisions\/42091"}],"wp:attachment":[{"href":"https:\/\/seacare.com\/sk\/wp-json\/wp\/v2\/media?parent=42090"}],"curies":[{"name":"wp","href":"https:\/\/api.w.org\/{rel}","templated":true}]}}