{"id":42092,"date":"2021-06-04T11:41:17","date_gmt":"2021-06-04T08:41:17","guid":{"rendered":"https:\/\/seacare.com\/sk\/?page_id=42092"},"modified":"2021-06-08T15:24:08","modified_gmt":"2021-06-08T12:24:08","slug":"olej-inka-inci","status":"publish","type":"page","link":"https:\/\/seacare.com\/sk\/olej-inka-inci\/","title":{"rendered":"Olej Inka In\u010di"},"content":{"rendered":"<h1 class=\"text-head\" style=\"text-align: center;\"><span data-text-color=\"primary\">Olej Inka In\u010di<\/span><\/h1>\n<p>Olej Inka In\u010di (Inca Inchi Oil) je jedine\u010dn\u00fd organick\u00fd olej, bohat\u00fd na esenci\u00e1lne mastn\u00e9 kyseliny vr\u00e1tane omega-6 linol\u00e9novej a omega-3 alfa linolenovej. \u013dudsk\u00e9 telo samo si tieto esenci\u00e1lne mastn\u00e9 kyseliny neprodukuje, av\u0161ak oni s\u00fa nevyhnutn\u00e9 pre zdravotn\u00fa pohodu. Olej Inca Inchi m\u00e1 v\u00fdrazn\u00e9 antioxida\u010dn\u00e9 vlastnosti<\/p>\n","protected":false},"excerpt":{"rendered":"<p>Olej Inka In\u010di Olej Inka In\u010di (Inca Inchi Oil) je jedine\u010dn\u00fd organick\u00fd olej, bohat\u00fd na esenci\u00e1lne mastn\u00e9 kyseliny vr\u00e1tane omega-6 linol\u00e9novej a omega-3 alfa linolenovej. \u013dudsk\u00e9 telo samo si tieto esenci\u00e1lne mastn\u00e9 kyseliny neprodukuje, av\u0161ak oni s\u00fa nevyhnutn\u00e9 pre zdravotn\u00fa pohodu. Olej Inca Inchi m\u00e1 v\u00fdrazn\u00e9 antioxida\u010dn\u00e9 vlastnosti<\/p>\n","protected":false},"author":1,"featured_media":0,"parent":0,"menu_order":0,"comment_status":"closed","ping_status":"closed","template":"","meta":{"footnotes":""},"_links":{"self":[{"href":"https:\/\/seacare.com\/sk\/wp-json\/wp\/v2\/pages\/42092"}],"collection":[{"href":"https:\/\/seacare.com\/sk\/wp-json\/wp\/v2\/pages"}],"about":[{"href":"https:\/\/seacare.com\/sk\/wp-json\/wp\/v2\/types\/page"}],"author":[{"embeddable":true,"href":"https:\/\/seacare.com\/sk\/wp-json\/wp\/v2\/users\/1"}],"replies":[{"embeddable":true,"href":"https:\/\/seacare.com\/sk\/wp-json\/wp\/v2\/comments?post=42092"}],"version-history":[{"count":1,"href":"https:\/\/seacare.com\/sk\/wp-json\/wp\/v2\/pages\/42092\/revisions"}],"predecessor-version":[{"id":42093,"href":"https:\/\/seacare.com\/sk\/wp-json\/wp\/v2\/pages\/42092\/revisions\/42093"}],"wp:attachment":[{"href":"https:\/\/seacare.com\/sk\/wp-json\/wp\/v2\/media?parent=42092"}],"curies":[{"name":"wp","href":"https:\/\/api.w.org\/{rel}","templated":true}]}}