{"id":42094,"date":"2021-06-04T11:42:36","date_gmt":"2021-06-04T08:42:36","guid":{"rendered":"https:\/\/seacare.com\/sk\/?page_id=42094"},"modified":"2021-06-08T15:22:27","modified_gmt":"2021-06-08T12:22:27","slug":"aloe-vera","status":"publish","type":"page","link":"https:\/\/seacare.com\/sk\/aloe-vera\/","title":{"rendered":"Aloe vera"},"content":{"rendered":"<h1 class=\"text-head\" style=\"text-align: center;\"><span data-text-color=\"primary\">Aloe vera<\/span><\/h1>\n<p>Aloe vera pom\u00e1ha zvlh\u010dova\u0165 a vy\u017eivova\u0165 poko\u017eku tela, podporuje jej hojenie, obnovu a omladenie hornej vrstvy epitelu. Aloe vera je tie\u017e u\u017eito\u010dn\u00e1 v boji proti starnutiu poko\u017eky, strate pevnosti a vlhkosti a je dobr\u00fdm profylaktikom proti stri\u00e1m a pom\u00e1ha proti nim v ranom \u0161t\u00e1diu.<\/p>\n","protected":false},"excerpt":{"rendered":"<p>Aloe vera Aloe vera pom\u00e1ha zvlh\u010dova\u0165 a vy\u017eivova\u0165 poko\u017eku tela, podporuje jej hojenie, obnovu a omladenie hornej vrstvy epitelu. Aloe vera je tie\u017e u\u017eito\u010dn\u00e1 v boji proti starnutiu poko\u017eky, strate pevnosti a vlhkosti a je dobr\u00fdm profylaktikom proti stri\u00e1m a pom\u00e1ha proti nim v ranom \u0161t\u00e1diu.<\/p>\n","protected":false},"author":1,"featured_media":0,"parent":0,"menu_order":0,"comment_status":"closed","ping_status":"closed","template":"","meta":{"footnotes":""},"_links":{"self":[{"href":"https:\/\/seacare.com\/sk\/wp-json\/wp\/v2\/pages\/42094"}],"collection":[{"href":"https:\/\/seacare.com\/sk\/wp-json\/wp\/v2\/pages"}],"about":[{"href":"https:\/\/seacare.com\/sk\/wp-json\/wp\/v2\/types\/page"}],"author":[{"embeddable":true,"href":"https:\/\/seacare.com\/sk\/wp-json\/wp\/v2\/users\/1"}],"replies":[{"embeddable":true,"href":"https:\/\/seacare.com\/sk\/wp-json\/wp\/v2\/comments?post=42094"}],"version-history":[{"count":1,"href":"https:\/\/seacare.com\/sk\/wp-json\/wp\/v2\/pages\/42094\/revisions"}],"predecessor-version":[{"id":42095,"href":"https:\/\/seacare.com\/sk\/wp-json\/wp\/v2\/pages\/42094\/revisions\/42095"}],"wp:attachment":[{"href":"https:\/\/seacare.com\/sk\/wp-json\/wp\/v2\/media?parent=42094"}],"curies":[{"name":"wp","href":"https:\/\/api.w.org\/{rel}","templated":true}]}}