{"id":42096,"date":"2021-06-04T11:44:54","date_gmt":"2021-06-04T08:44:54","guid":{"rendered":"https:\/\/seacare.com\/sk\/?page_id=42096"},"modified":"2021-06-08T15:22:40","modified_gmt":"2021-06-08T12:22:40","slug":"bambucke-maslo","status":"publish","type":"page","link":"https:\/\/seacare.com\/sk\/bambucke-maslo\/","title":{"rendered":"Bambuck\u00e9 maslo"},"content":{"rendered":"<h1 class=\"text-head\" style=\"text-align: center;\"><span data-text-color=\"primary\">Bambuck\u00e9 maslo<\/span><\/h1>\n<p>Bambuck\u00e9 maslo je d\u00f4le\u017eit\u00e9 pri lie\u010dbe ko\u017en\u00fdch probl\u00e9mov, ako s\u00fa \u0161kvrny, vr\u00e1sky, ekz\u00e9my a dermatit\u00eddy. Bambuck\u00e9 maslo m\u00e1 tie\u017e vlastnosti na lie\u010denie alergi\u00ed, bodnut\u00ed hmyzom, pop\u00e1len\u00edn, omrzl\u00edn a mnoh\u00fdch \u010fal\u0161\u00edch ko\u017en\u00fdch ochoren\u00ed. Zvy\u0161uje mikrocirkul\u00e1ciu v poko\u017eke, \u010do vedie k zlep\u0161en\u00e9mu prekrveniu poko\u017eky.<\/p>\n","protected":false},"excerpt":{"rendered":"<p>Bambuck\u00e9 maslo Bambuck\u00e9 maslo je d\u00f4le\u017eit\u00e9 pri lie\u010dbe ko\u017en\u00fdch probl\u00e9mov, ako s\u00fa \u0161kvrny, vr\u00e1sky, ekz\u00e9my a dermatit\u00eddy. Bambuck\u00e9 maslo m\u00e1 tie\u017e vlastnosti na lie\u010denie alergi\u00ed, bodnut\u00ed hmyzom, pop\u00e1len\u00edn, omrzl\u00edn a mnoh\u00fdch \u010fal\u0161\u00edch ko\u017en\u00fdch ochoren\u00ed. Zvy\u0161uje mikrocirkul\u00e1ciu v poko\u017eke, \u010do vedie k zlep\u0161en\u00e9mu prekrveniu poko\u017eky.<\/p>\n","protected":false},"author":1,"featured_media":0,"parent":0,"menu_order":0,"comment_status":"closed","ping_status":"closed","template":"","meta":{"footnotes":""},"_links":{"self":[{"href":"https:\/\/seacare.com\/sk\/wp-json\/wp\/v2\/pages\/42096"}],"collection":[{"href":"https:\/\/seacare.com\/sk\/wp-json\/wp\/v2\/pages"}],"about":[{"href":"https:\/\/seacare.com\/sk\/wp-json\/wp\/v2\/types\/page"}],"author":[{"embeddable":true,"href":"https:\/\/seacare.com\/sk\/wp-json\/wp\/v2\/users\/1"}],"replies":[{"embeddable":true,"href":"https:\/\/seacare.com\/sk\/wp-json\/wp\/v2\/comments?post=42096"}],"version-history":[{"count":1,"href":"https:\/\/seacare.com\/sk\/wp-json\/wp\/v2\/pages\/42096\/revisions"}],"predecessor-version":[{"id":42097,"href":"https:\/\/seacare.com\/sk\/wp-json\/wp\/v2\/pages\/42096\/revisions\/42097"}],"wp:attachment":[{"href":"https:\/\/seacare.com\/sk\/wp-json\/wp\/v2\/media?parent=42096"}],"curies":[{"name":"wp","href":"https:\/\/api.w.org\/{rel}","templated":true}]}}