{"id":42098,"date":"2021-06-04T11:45:45","date_gmt":"2021-06-04T08:45:45","guid":{"rendered":"https:\/\/seacare.com\/sk\/?page_id=42098"},"modified":"2021-06-08T15:23:03","modified_gmt":"2021-06-08T12:23:03","slug":"hamamel","status":"publish","type":"page","link":"https:\/\/seacare.com\/sk\/hamamel\/","title":{"rendered":"Hamamel"},"content":{"rendered":"<h1 style=\"text-align: center;\"><span data-text-color=\"primary\">Hamamel<\/span><\/h1>\n<p>Hamamel chr\u00e1ni poko\u017eku pred z\u00e1palmi sp\u00f4soben\u00fdmi vo\u013en\u00fdmi radik\u00e1lmi v ko\u017en\u00fdch bunk\u00e1ch. Hamamel m\u00e1 antiseptick\u00e9, s\u0165ahuj\u00face, protiz\u00e1palov\u00e9  \u00fa\u010dinky, m\u00e1 perfektn\u00e9 vlastnosti pri poranen\u00ed a vyu\u017e\u00edva sa ako vyhladzuj\u00faci prostriedok v ple\u0165ovej kozmetike<\/p>\n","protected":false},"excerpt":{"rendered":"<p>Hamamel Hamamel chr\u00e1ni poko\u017eku pred z\u00e1palmi sp\u00f4soben\u00fdmi vo\u013en\u00fdmi radik\u00e1lmi v ko\u017en\u00fdch bunk\u00e1ch. Hamamel m\u00e1 antiseptick\u00e9, s\u0165ahuj\u00face, protiz\u00e1palov\u00e9 \u00fa\u010dinky, m\u00e1 perfektn\u00e9 vlastnosti pri poranen\u00ed a vyu\u017e\u00edva sa ako vyhladzuj\u00faci prostriedok v ple\u0165ovej kozmetike<\/p>\n","protected":false},"author":1,"featured_media":0,"parent":0,"menu_order":0,"comment_status":"closed","ping_status":"closed","template":"","meta":{"footnotes":""},"_links":{"self":[{"href":"https:\/\/seacare.com\/sk\/wp-json\/wp\/v2\/pages\/42098"}],"collection":[{"href":"https:\/\/seacare.com\/sk\/wp-json\/wp\/v2\/pages"}],"about":[{"href":"https:\/\/seacare.com\/sk\/wp-json\/wp\/v2\/types\/page"}],"author":[{"embeddable":true,"href":"https:\/\/seacare.com\/sk\/wp-json\/wp\/v2\/users\/1"}],"replies":[{"embeddable":true,"href":"https:\/\/seacare.com\/sk\/wp-json\/wp\/v2\/comments?post=42098"}],"version-history":[{"count":1,"href":"https:\/\/seacare.com\/sk\/wp-json\/wp\/v2\/pages\/42098\/revisions"}],"predecessor-version":[{"id":42099,"href":"https:\/\/seacare.com\/sk\/wp-json\/wp\/v2\/pages\/42098\/revisions\/42099"}],"wp:attachment":[{"href":"https:\/\/seacare.com\/sk\/wp-json\/wp\/v2\/media?parent=42098"}],"curies":[{"name":"wp","href":"https:\/\/api.w.org\/{rel}","templated":true}]}}