{"id":42100,"date":"2021-06-04T11:46:38","date_gmt":"2021-06-04T08:46:38","guid":{"rendered":"https:\/\/seacare.com\/sk\/?page_id=42100"},"modified":"2021-06-08T15:23:05","modified_gmt":"2021-06-08T12:23:05","slug":"jojobovy-olej","status":"publish","type":"page","link":"https:\/\/seacare.com\/sk\/jojobovy-olej\/","title":{"rendered":"Jojobov\u00fd olej"},"content":{"rendered":"<h1 class=\"text-head\" style=\"text-align: center;\"><span data-text-color=\"primary\">Jojobov\u00fd olej<\/span><\/h1>\n<p>Jojobov\u00fd olej rob\u00ed poko\u017eku pevnou a pru\u017enou, zvlh\u010duje a menej ju vysu\u0161uje. Pom\u00e1ha proti vr\u00e1skam, proces starnutia sa v pleti spoma\u013euje, vyrovn\u00e1va sa farebn\u00fd t\u00f3n pleti. Pom\u00e1ha v boji proti celulit\u00edde t\u00fdm, \u017ee vyhladzuje poko\u017eku. Posil\u0148uje vlasy odstr\u00e1nen\u00edm lepkavej vrstvy a zanech\u00e1va vlasy hebk\u00e9 a pr\u00edjemn\u00e9 na dotyk.<\/p>\n","protected":false},"excerpt":{"rendered":"<p>Jojobov\u00fd olej Jojobov\u00fd olej rob\u00ed poko\u017eku pevnou a pru\u017enou, zvlh\u010duje a menej ju vysu\u0161uje. Pom\u00e1ha proti vr\u00e1skam, proces starnutia sa v pleti spoma\u013euje, vyrovn\u00e1va sa farebn\u00fd t\u00f3n pleti. Pom\u00e1ha v boji proti celulit\u00edde t\u00fdm, \u017ee vyhladzuje poko\u017eku. Posil\u0148uje vlasy odstr\u00e1nen\u00edm lepkavej vrstvy a zanech\u00e1va vlasy hebk\u00e9 a pr\u00edjemn\u00e9 na dotyk.<\/p>\n","protected":false},"author":1,"featured_media":0,"parent":0,"menu_order":0,"comment_status":"closed","ping_status":"closed","template":"","meta":{"footnotes":""},"_links":{"self":[{"href":"https:\/\/seacare.com\/sk\/wp-json\/wp\/v2\/pages\/42100"}],"collection":[{"href":"https:\/\/seacare.com\/sk\/wp-json\/wp\/v2\/pages"}],"about":[{"href":"https:\/\/seacare.com\/sk\/wp-json\/wp\/v2\/types\/page"}],"author":[{"embeddable":true,"href":"https:\/\/seacare.com\/sk\/wp-json\/wp\/v2\/users\/1"}],"replies":[{"embeddable":true,"href":"https:\/\/seacare.com\/sk\/wp-json\/wp\/v2\/comments?post=42100"}],"version-history":[{"count":1,"href":"https:\/\/seacare.com\/sk\/wp-json\/wp\/v2\/pages\/42100\/revisions"}],"predecessor-version":[{"id":42101,"href":"https:\/\/seacare.com\/sk\/wp-json\/wp\/v2\/pages\/42100\/revisions\/42101"}],"wp:attachment":[{"href":"https:\/\/seacare.com\/sk\/wp-json\/wp\/v2\/media?parent=42100"}],"curies":[{"name":"wp","href":"https:\/\/api.w.org\/{rel}","templated":true}]}}