{"id":42102,"date":"2021-06-04T11:47:42","date_gmt":"2021-06-04T08:47:42","guid":{"rendered":"https:\/\/seacare.com\/sk\/?page_id=42102"},"modified":"2021-06-08T15:23:15","modified_gmt":"2021-06-08T12:23:15","slug":"konopny-olej","status":"publish","type":"page","link":"https:\/\/seacare.com\/sk\/konopny-olej\/","title":{"rendered":"Konopn\u00fd olej"},"content":{"rendered":"<h1 class=\"text-head\" style=\"text-align: center;\"><span data-text-color=\"primary\">Konopn\u00fd olej<\/span><\/h1>\n<p>Konopn\u00fd olej je mo\u017en\u00e9 pou\u017ei\u0165 v akomko\u013evek veku a s ak\u00fdmko\u013evek typom pleti. Konopn\u00fd olej na tv\u00e1r je pova\u017eovan\u00fd za jeden z najhlb\u0161\u00edch zvlh\u010dova\u010dov buniek, obnovuje pru\u017enos\u0165, vy\u017eivuje, zjem\u0148uje, vyhladzuje vr\u00e1sky a m\u00e1 antibakteri\u00e1lny \u00fa\u010dinok. Pom\u00e1ha zadr\u017eiava\u0165 molekuly vody v poko\u017eke.<\/p>\n","protected":false},"excerpt":{"rendered":"<p>Konopn\u00fd olej Konopn\u00fd olej je mo\u017en\u00e9 pou\u017ei\u0165 v akomko\u013evek veku a s ak\u00fdmko\u013evek typom pleti. Konopn\u00fd olej na tv\u00e1r je pova\u017eovan\u00fd za jeden z najhlb\u0161\u00edch zvlh\u010dova\u010dov buniek, obnovuje pru\u017enos\u0165, vy\u017eivuje, zjem\u0148uje, vyhladzuje vr\u00e1sky a m\u00e1 antibakteri\u00e1lny \u00fa\u010dinok. Pom\u00e1ha zadr\u017eiava\u0165 molekuly vody v poko\u017eke.<\/p>\n","protected":false},"author":1,"featured_media":0,"parent":0,"menu_order":0,"comment_status":"closed","ping_status":"closed","template":"","meta":{"footnotes":""},"_links":{"self":[{"href":"https:\/\/seacare.com\/sk\/wp-json\/wp\/v2\/pages\/42102"}],"collection":[{"href":"https:\/\/seacare.com\/sk\/wp-json\/wp\/v2\/pages"}],"about":[{"href":"https:\/\/seacare.com\/sk\/wp-json\/wp\/v2\/types\/page"}],"author":[{"embeddable":true,"href":"https:\/\/seacare.com\/sk\/wp-json\/wp\/v2\/users\/1"}],"replies":[{"embeddable":true,"href":"https:\/\/seacare.com\/sk\/wp-json\/wp\/v2\/comments?post=42102"}],"version-history":[{"count":1,"href":"https:\/\/seacare.com\/sk\/wp-json\/wp\/v2\/pages\/42102\/revisions"}],"predecessor-version":[{"id":42103,"href":"https:\/\/seacare.com\/sk\/wp-json\/wp\/v2\/pages\/42102\/revisions\/42103"}],"wp:attachment":[{"href":"https:\/\/seacare.com\/sk\/wp-json\/wp\/v2\/media?parent=42102"}],"curies":[{"name":"wp","href":"https:\/\/api.w.org\/{rel}","templated":true}]}}