{"id":42104,"date":"2021-06-04T11:48:37","date_gmt":"2021-06-04T08:48:37","guid":{"rendered":"https:\/\/seacare.com\/sk\/?page_id=42104"},"modified":"2021-06-08T15:24:10","modified_gmt":"2021-06-08T12:24:10","slug":"olivovy-olej","status":"publish","type":"page","link":"https:\/\/seacare.com\/sk\/olivovy-olej\/","title":{"rendered":"Olivov\u00fd olej"},"content":{"rendered":"<h1 style=\"text-align: center;\"><span data-text-color=\"primary\">Olivov\u00fd olej<\/span><\/h1>\n<hr>\n<p>Olivov\u00fd olej obsahuje \u0161tyri hlavn\u00e9 antioxidanty, v\u010faka ktor\u00fdm je vhodn\u00fd ako \u010distiaci prostriedok, zvlh\u010dova\u010d a ochrana poko\u017eky. Medzi tieto antioxidanty patria vitam\u00edny A a E. Vitam\u00edn E je jedn\u00fdm z d\u00f4vodov anti-aging \u00fa\u010dinku oleja, preto\u017ee pom\u00e1ha obnovi\u0165 pru\u017enos\u0165 poko\u017eky.<\/p>\n","protected":false},"excerpt":{"rendered":"<p>Olivov\u00fd olej Olivov\u00fd olej obsahuje \u0161tyri hlavn\u00e9 antioxidanty, v\u010faka ktor\u00fdm je vhodn\u00fd ako \u010distiaci prostriedok, zvlh\u010dova\u010d a ochrana poko\u017eky. Medzi tieto antioxidanty patria vitam\u00edny A a E. Vitam\u00edn E je jedn\u00fdm z d\u00f4vodov anti-aging \u00fa\u010dinku oleja, preto\u017ee pom\u00e1ha obnovi\u0165 pru\u017enos\u0165 poko\u017eky.<\/p>\n","protected":false},"author":1,"featured_media":0,"parent":0,"menu_order":0,"comment_status":"closed","ping_status":"closed","template":"","meta":{"footnotes":""},"_links":{"self":[{"href":"https:\/\/seacare.com\/sk\/wp-json\/wp\/v2\/pages\/42104"}],"collection":[{"href":"https:\/\/seacare.com\/sk\/wp-json\/wp\/v2\/pages"}],"about":[{"href":"https:\/\/seacare.com\/sk\/wp-json\/wp\/v2\/types\/page"}],"author":[{"embeddable":true,"href":"https:\/\/seacare.com\/sk\/wp-json\/wp\/v2\/users\/1"}],"replies":[{"embeddable":true,"href":"https:\/\/seacare.com\/sk\/wp-json\/wp\/v2\/comments?post=42104"}],"version-history":[{"count":1,"href":"https:\/\/seacare.com\/sk\/wp-json\/wp\/v2\/pages\/42104\/revisions"}],"predecessor-version":[{"id":42105,"href":"https:\/\/seacare.com\/sk\/wp-json\/wp\/v2\/pages\/42104\/revisions\/42105"}],"wp:attachment":[{"href":"https:\/\/seacare.com\/sk\/wp-json\/wp\/v2\/media?parent=42104"}],"curies":[{"name":"wp","href":"https:\/\/api.w.org\/{rel}","templated":true}]}}