{"id":42106,"date":"2021-06-04T11:50:44","date_gmt":"2021-06-04T08:50:44","guid":{"rendered":"https:\/\/seacare.com\/sk\/?page_id=42106"},"modified":"2021-06-08T15:24:30","modified_gmt":"2021-06-08T12:24:30","slug":"skvalanovy-olej","status":"publish","type":"page","link":"https:\/\/seacare.com\/sk\/skvalanovy-olej\/","title":{"rendered":"Skval\u00e1nov\u00fd olej"},"content":{"rendered":"<h1 class=\"text-head\" style=\"text-align: center;\"><span data-text-color=\"primary\">Skval\u00e1nov\u00fd olej<\/span><\/h1>\n<p>Skval\u00e1nov\u00fd olej je vynikaj\u00faci zvlh\u010dova\u010d a zanech\u00e1va poko\u017eku hebk\u00fa a hebk\u00fa. Skval\u00e1nov\u00fd olej pom\u00e1ha chr\u00e1ni\u0165 poko\u017eku pred vo\u013en\u00fdmi radik\u00e1lmi, ktor\u00e9 m\u00f4\u017eu sp\u00f4sobi\u0165 stareck\u00e9 \u0161kvrny a pred\u010dasn\u00e9 starnutie. Ide\u00e1lne na o\u0161etrenie a prevenciu suchej poko\u017eky okolo o\u010d\u00ed.<\/p>\n","protected":false},"excerpt":{"rendered":"<p>Skval\u00e1nov\u00fd olej Skval\u00e1nov\u00fd olej je vynikaj\u00faci zvlh\u010dova\u010d a zanech\u00e1va poko\u017eku hebk\u00fa a hebk\u00fa. Skval\u00e1nov\u00fd olej pom\u00e1ha chr\u00e1ni\u0165 poko\u017eku pred vo\u013en\u00fdmi radik\u00e1lmi, ktor\u00e9 m\u00f4\u017eu sp\u00f4sobi\u0165 stareck\u00e9 \u0161kvrny a pred\u010dasn\u00e9 starnutie. Ide\u00e1lne na o\u0161etrenie a prevenciu suchej poko\u017eky okolo o\u010d\u00ed.<\/p>\n","protected":false},"author":1,"featured_media":0,"parent":0,"menu_order":0,"comment_status":"closed","ping_status":"closed","template":"","meta":{"footnotes":""},"_links":{"self":[{"href":"https:\/\/seacare.com\/sk\/wp-json\/wp\/v2\/pages\/42106"}],"collection":[{"href":"https:\/\/seacare.com\/sk\/wp-json\/wp\/v2\/pages"}],"about":[{"href":"https:\/\/seacare.com\/sk\/wp-json\/wp\/v2\/types\/page"}],"author":[{"embeddable":true,"href":"https:\/\/seacare.com\/sk\/wp-json\/wp\/v2\/users\/1"}],"replies":[{"embeddable":true,"href":"https:\/\/seacare.com\/sk\/wp-json\/wp\/v2\/comments?post=42106"}],"version-history":[{"count":1,"href":"https:\/\/seacare.com\/sk\/wp-json\/wp\/v2\/pages\/42106\/revisions"}],"predecessor-version":[{"id":42107,"href":"https:\/\/seacare.com\/sk\/wp-json\/wp\/v2\/pages\/42106\/revisions\/42107"}],"wp:attachment":[{"href":"https:\/\/seacare.com\/sk\/wp-json\/wp\/v2\/media?parent=42106"}],"curies":[{"name":"wp","href":"https:\/\/api.w.org\/{rel}","templated":true}]}}