{"id":42108,"date":"2021-06-04T11:51:35","date_gmt":"2021-06-04T08:51:35","guid":{"rendered":"https:\/\/seacare.com\/sk\/?page_id=42108"},"modified":"2021-06-08T15:22:36","modified_gmt":"2021-06-08T12:22:36","slug":"avokadovy-olej","status":"publish","type":"page","link":"https:\/\/seacare.com\/sk\/avokadovy-olej\/","title":{"rendered":"Avok\u00e1dov\u00fd olej"},"content":{"rendered":"<h1 class=\"text-head\" style=\"text-align: center;\"><span data-text-color=\"primary\">Avok\u00e1dov\u00fd olej<\/span><\/h1>\n<p>Avok\u00e1dov\u00fd olej m\u00e1 vysok\u00fd obsah bielkov\u00edn a nenas\u00fdten\u00fdch tukov, ktor\u00e9 s\u00fa pre poko\u017eku v\u00fd\u017eivn\u00fdmi l\u00e1tkami. Avok\u00e1dov\u00fd olej obsahuje omega-3 mastn\u00e9 kyseliny &#8211; rovnak\u00e9, ak\u00e9 sa nach\u00e1dzaj\u00fa v rybom oleji. Vysok\u00fd obsah l\u00e1tky zvanej Steroline zjem\u0148uje poko\u017eku a redukuje stareck\u00e9 \u0161kvrny.<\/p>\n","protected":false},"excerpt":{"rendered":"<p>Avok\u00e1dov\u00fd olej Avok\u00e1dov\u00fd olej m\u00e1 vysok\u00fd obsah bielkov\u00edn a nenas\u00fdten\u00fdch tukov, ktor\u00e9 s\u00fa pre poko\u017eku v\u00fd\u017eivn\u00fdmi l\u00e1tkami. Avok\u00e1dov\u00fd olej obsahuje omega-3 mastn\u00e9 kyseliny &#8211; rovnak\u00e9, ak\u00e9 sa nach\u00e1dzaj\u00fa v rybom oleji. Vysok\u00fd obsah l\u00e1tky zvanej Steroline zjem\u0148uje poko\u017eku a redukuje stareck\u00e9 \u0161kvrny.<\/p>\n","protected":false},"author":1,"featured_media":0,"parent":0,"menu_order":0,"comment_status":"closed","ping_status":"closed","template":"","meta":{"footnotes":""},"_links":{"self":[{"href":"https:\/\/seacare.com\/sk\/wp-json\/wp\/v2\/pages\/42108"}],"collection":[{"href":"https:\/\/seacare.com\/sk\/wp-json\/wp\/v2\/pages"}],"about":[{"href":"https:\/\/seacare.com\/sk\/wp-json\/wp\/v2\/types\/page"}],"author":[{"embeddable":true,"href":"https:\/\/seacare.com\/sk\/wp-json\/wp\/v2\/users\/1"}],"replies":[{"embeddable":true,"href":"https:\/\/seacare.com\/sk\/wp-json\/wp\/v2\/comments?post=42108"}],"version-history":[{"count":1,"href":"https:\/\/seacare.com\/sk\/wp-json\/wp\/v2\/pages\/42108\/revisions"}],"predecessor-version":[{"id":42109,"href":"https:\/\/seacare.com\/sk\/wp-json\/wp\/v2\/pages\/42108\/revisions\/42109"}],"wp:attachment":[{"href":"https:\/\/seacare.com\/sk\/wp-json\/wp\/v2\/media?parent=42108"}],"curies":[{"name":"wp","href":"https:\/\/api.w.org\/{rel}","templated":true}]}}